{"id":780,"date":"2023-06-20T15:49:09","date_gmt":"2023-06-20T12:49:09","guid":{"rendered":"https:\/\/360fun.eu\/mobiilimangud\/self-guided-tours-with-juri-von-kaufmann\/"},"modified":"2025-11-13T11:35:00","modified_gmt":"2025-11-13T08:35:00","slug":"self-guided-tours-with-juri-von-kaufmann","status":"publish","type":"product","link":"https:\/\/360fun.eu\/en\/product\/self-guided-tours-with-juri-von-kaufmann\/","title":{"rendered":"Self-guided tours with J\u00fcri von Kaufmann"},"content":{"rendered":"<p>J\u00fcri von Kaufmann (in German &#8220;merchant&#8221;) was a medieval merchant. He came from L\u00fcbeck, but lived in Reval (Tallinn) and travelled a lot, especially in the Hanseatic cities of Estonia. He was not too rich nor poor. But J\u00fcri was special &#8211; he was able to see the future. He left us with tasks to figure out and messages to solve them.<\/p>\n<p>Your goal is to go through as many different checkpoints on the map as possible, solve riddles, increase the score by giving the correct answers and thus find the message that J\u00fcri left you.<\/p>\n<p>Each checkpoint has a different value, which you can also see on the map above each checkpoint. It doesn&#8217;t matter what order you follow &#8211; whereas in order to be able to open the message, you have to go through most of the checkpoints and give the correct answers.<\/p>\n<p>If you answer 50% of the questions correctly, a message will appear on the screen during the game, where you will also find J\u00fcri&#8217;s message! When the message arrives, write it down or save it in the memory!<\/p>\n<p>There is no time limit for the game, so you can pause the game in the meantime (for example, to charge your device or stop in a caf\u00e9) and resume later.<\/p>\n","protected":false},"excerpt":{"rendered":"<p>What clues has the legendary merchant J\u00fcri von Kaufmann left in the most important Hansa cities in Estonia? Find out!<\/p>\n","protected":false},"featured_media":2379,"template":"","meta":{"_acf_changed":false},"product_brand":[],"product_cat":[119,15],"product_tag":[],"class_list":{"0":"post-780","1":"product","2":"type-product","3":"status-publish","4":"has-post-thumbnail","6":"product_cat-ule-eesti-en","7":"product_cat-linnatuurid-kogu-eestis-juri-von-kaufmanniga","9":"first","10":"instock","11":"taxable","12":"shipping-taxable","13":"purchasable","14":"product-type-variable"},"acf":[],"yoast_head":"<!-- This site is optimized with the Yoast SEO plugin v27.4 - https:\/\/yoast.com\/product\/yoast-seo-wordpress\/ -->\n<title>Self-guided tours with J\u00fcri von Kaufmann - 360 FUN<\/title>\n<meta name=\"description\" content=\"Go through as many different checkpoints on the map as possible, solve riddles and increase the score by giving the correct answers. Have fun!\" \/>\n<meta name=\"robots\" content=\"index, follow, max-snippet:-1, max-image-preview:large, max-video-preview:-1\" \/>\n<link rel=\"canonical\" href=\"https:\/\/360fun.eu\/en\/product\/self-guided-tours-with-juri-von-kaufmann\/\" \/>\n<meta property=\"og:locale\" content=\"en_US\" \/>\n<meta property=\"og:type\" content=\"article\" \/>\n<meta property=\"og:title\" content=\"Self-guided tours with J\u00fcri von Kaufmann - 360 FUN\" \/>\n<meta property=\"og:description\" content=\"Go through as many different checkpoints on the map as possible, solve riddles and increase the score by giving the correct answers. Have fun!\" \/>\n<meta property=\"og:url\" content=\"https:\/\/360fun.eu\/en\/product\/self-guided-tours-with-juri-von-kaufmann\/\" \/>\n<meta property=\"og:site_name\" content=\"360 FUN\" \/>\n<meta property=\"article:modified_time\" content=\"2025-11-13T08:35:00+00:00\" \/>\n<meta property=\"og:image\" content=\"https:\/\/360fun.eu\/wp-content\/uploads\/VANALINNASEIKLUS-8.png\" \/>\n\t<meta property=\"og:image:width\" content=\"1000\" \/>\n\t<meta property=\"og:image:height\" content=\"1000\" \/>\n\t<meta property=\"og:image:type\" content=\"image\/png\" \/>\n<meta name=\"twitter:card\" content=\"summary_large_image\" \/>\n<meta name=\"twitter:label1\" content=\"Est. reading time\" \/>\n\t<meta name=\"twitter:data1\" content=\"2 minutes\" \/>\n<script type=\"application\/ld+json\" class=\"yoast-schema-graph\">{\"@context\":\"https:\\\/\\\/schema.org\",\"@graph\":[{\"@type\":\"WebPage\",\"@id\":\"https:\\\/\\\/360fun.eu\\\/en\\\/product\\\/self-guided-tours-with-juri-von-kaufmann\\\/\",\"url\":\"https:\\\/\\\/360fun.eu\\\/en\\\/product\\\/self-guided-tours-with-juri-von-kaufmann\\\/\",\"name\":\"Self-guided tours with J\u00fcri von Kaufmann - 360 FUN\",\"isPartOf\":{\"@id\":\"https:\\\/\\\/360fun.eu\\\/#website\"},\"primaryImageOfPage\":{\"@id\":\"https:\\\/\\\/360fun.eu\\\/en\\\/product\\\/self-guided-tours-with-juri-von-kaufmann\\\/#primaryimage\"},\"image\":{\"@id\":\"https:\\\/\\\/360fun.eu\\\/en\\\/product\\\/self-guided-tours-with-juri-von-kaufmann\\\/#primaryimage\"},\"thumbnailUrl\":\"https:\\\/\\\/360fun.eu\\\/wp-content\\\/uploads\\\/VANALINNASEIKLUS-8.png\",\"datePublished\":\"2023-06-20T12:49:09+00:00\",\"dateModified\":\"2025-11-13T08:35:00+00:00\",\"description\":\"Go through as many different checkpoints on the map as possible, solve riddles and increase the score by giving the correct answers. Have fun!\",\"breadcrumb\":{\"@id\":\"https:\\\/\\\/360fun.eu\\\/en\\\/product\\\/self-guided-tours-with-juri-von-kaufmann\\\/#breadcrumb\"},\"inLanguage\":\"en-US\",\"potentialAction\":[{\"@type\":\"ReadAction\",\"target\":[\"https:\\\/\\\/360fun.eu\\\/en\\\/product\\\/self-guided-tours-with-juri-von-kaufmann\\\/\"]}]},{\"@type\":\"ImageObject\",\"inLanguage\":\"en-US\",\"@id\":\"https:\\\/\\\/360fun.eu\\\/en\\\/product\\\/self-guided-tours-with-juri-von-kaufmann\\\/#primaryimage\",\"url\":\"https:\\\/\\\/360fun.eu\\\/wp-content\\\/uploads\\\/VANALINNASEIKLUS-8.png\",\"contentUrl\":\"https:\\\/\\\/360fun.eu\\\/wp-content\\\/uploads\\\/VANALINNASEIKLUS-8.png\",\"width\":1000,\"height\":1000,\"caption\":\"J\u00fcri von Kaufmanni seiklused Eestis viivad avastama koos nutim\u00e4nguga 360FUN\"},{\"@type\":\"BreadcrumbList\",\"@id\":\"https:\\\/\\\/360fun.eu\\\/en\\\/product\\\/self-guided-tours-with-juri-von-kaufmann\\\/#breadcrumb\",\"itemListElement\":[{\"@type\":\"ListItem\",\"position\":1,\"name\":\"Home\",\"item\":\"https:\\\/\\\/360fun.eu\\\/en\\\/\"},{\"@type\":\"ListItem\",\"position\":2,\"name\":\"Mobile games shop\",\"item\":\"https:\\\/\\\/360fun.eu\\\/en\\\/mobile-games\\\/\"},{\"@type\":\"ListItem\",\"position\":3,\"name\":\"Self-guided tours with J\u00fcri von Kaufmann\"}]},{\"@type\":\"WebSite\",\"@id\":\"https:\\\/\\\/360fun.eu\\\/#website\",\"url\":\"https:\\\/\\\/360fun.eu\\\/\",\"name\":\"360 FUN\",\"description\":\"Mobiilim\u00e4ngud\",\"potentialAction\":[{\"@type\":\"SearchAction\",\"target\":{\"@type\":\"EntryPoint\",\"urlTemplate\":\"https:\\\/\\\/360fun.eu\\\/?s={search_term_string}\"},\"query-input\":{\"@type\":\"PropertyValueSpecification\",\"valueRequired\":true,\"valueName\":\"search_term_string\"}}],\"inLanguage\":\"en-US\"}]}<\/script>\n<!-- \/ Yoast SEO plugin. -->","yoast_head_json":{"title":"Self-guided tours with J\u00fcri von Kaufmann - 360 FUN","description":"Go through as many different checkpoints on the map as possible, solve riddles and increase the score by giving the correct answers. Have fun!","robots":{"index":"index","follow":"follow","max-snippet":"max-snippet:-1","max-image-preview":"max-image-preview:large","max-video-preview":"max-video-preview:-1"},"canonical":"https:\/\/360fun.eu\/en\/product\/self-guided-tours-with-juri-von-kaufmann\/","og_locale":"en_US","og_type":"article","og_title":"Self-guided tours with J\u00fcri von Kaufmann - 360 FUN","og_description":"Go through as many different checkpoints on the map as possible, solve riddles and increase the score by giving the correct answers. Have fun!","og_url":"https:\/\/360fun.eu\/en\/product\/self-guided-tours-with-juri-von-kaufmann\/","og_site_name":"360 FUN","article_modified_time":"2025-11-13T08:35:00+00:00","og_image":[{"width":1000,"height":1000,"url":"https:\/\/360fun.eu\/wp-content\/uploads\/VANALINNASEIKLUS-8.png","type":"image\/png"}],"twitter_card":"summary_large_image","twitter_misc":{"Est. reading time":"2 minutes"},"schema":{"@context":"https:\/\/schema.org","@graph":[{"@type":"WebPage","@id":"https:\/\/360fun.eu\/en\/product\/self-guided-tours-with-juri-von-kaufmann\/","url":"https:\/\/360fun.eu\/en\/product\/self-guided-tours-with-juri-von-kaufmann\/","name":"Self-guided tours with J\u00fcri von Kaufmann - 360 FUN","isPartOf":{"@id":"https:\/\/360fun.eu\/#website"},"primaryImageOfPage":{"@id":"https:\/\/360fun.eu\/en\/product\/self-guided-tours-with-juri-von-kaufmann\/#primaryimage"},"image":{"@id":"https:\/\/360fun.eu\/en\/product\/self-guided-tours-with-juri-von-kaufmann\/#primaryimage"},"thumbnailUrl":"https:\/\/360fun.eu\/wp-content\/uploads\/VANALINNASEIKLUS-8.png","datePublished":"2023-06-20T12:49:09+00:00","dateModified":"2025-11-13T08:35:00+00:00","description":"Go through as many different checkpoints on the map as possible, solve riddles and increase the score by giving the correct answers. Have fun!","breadcrumb":{"@id":"https:\/\/360fun.eu\/en\/product\/self-guided-tours-with-juri-von-kaufmann\/#breadcrumb"},"inLanguage":"en-US","potentialAction":[{"@type":"ReadAction","target":["https:\/\/360fun.eu\/en\/product\/self-guided-tours-with-juri-von-kaufmann\/"]}]},{"@type":"ImageObject","inLanguage":"en-US","@id":"https:\/\/360fun.eu\/en\/product\/self-guided-tours-with-juri-von-kaufmann\/#primaryimage","url":"https:\/\/360fun.eu\/wp-content\/uploads\/VANALINNASEIKLUS-8.png","contentUrl":"https:\/\/360fun.eu\/wp-content\/uploads\/VANALINNASEIKLUS-8.png","width":1000,"height":1000,"caption":"J\u00fcri von Kaufmanni seiklused Eestis viivad avastama koos nutim\u00e4nguga 360FUN"},{"@type":"BreadcrumbList","@id":"https:\/\/360fun.eu\/en\/product\/self-guided-tours-with-juri-von-kaufmann\/#breadcrumb","itemListElement":[{"@type":"ListItem","position":1,"name":"Home","item":"https:\/\/360fun.eu\/en\/"},{"@type":"ListItem","position":2,"name":"Mobile games shop","item":"https:\/\/360fun.eu\/en\/mobile-games\/"},{"@type":"ListItem","position":3,"name":"Self-guided tours with J\u00fcri von Kaufmann"}]},{"@type":"WebSite","@id":"https:\/\/360fun.eu\/#website","url":"https:\/\/360fun.eu\/","name":"360 FUN","description":"Mobiilim\u00e4ngud","potentialAction":[{"@type":"SearchAction","target":{"@type":"EntryPoint","urlTemplate":"https:\/\/360fun.eu\/?s={search_term_string}"},"query-input":{"@type":"PropertyValueSpecification","valueRequired":true,"valueName":"search_term_string"}}],"inLanguage":"en-US"}]}},"_links":{"self":[{"href":"https:\/\/360fun.eu\/en\/wp-json\/wp\/v2\/product\/780","targetHints":{"allow":["GET"]}}],"collection":[{"href":"https:\/\/360fun.eu\/en\/wp-json\/wp\/v2\/product"}],"about":[{"href":"https:\/\/360fun.eu\/en\/wp-json\/wp\/v2\/types\/product"}],"wp:featuredmedia":[{"embeddable":true,"href":"https:\/\/360fun.eu\/en\/wp-json\/wp\/v2\/media\/2379"}],"wp:attachment":[{"href":"https:\/\/360fun.eu\/en\/wp-json\/wp\/v2\/media?parent=780"}],"wp:term":[{"taxonomy":"product_brand","embeddable":true,"href":"https:\/\/360fun.eu\/en\/wp-json\/wp\/v2\/product_brand?post=780"},{"taxonomy":"product_cat","embeddable":true,"href":"https:\/\/360fun.eu\/en\/wp-json\/wp\/v2\/product_cat?post=780"},{"taxonomy":"product_tag","embeddable":true,"href":"https:\/\/360fun.eu\/en\/wp-json\/wp\/v2\/product_tag?post=780"}],"curies":[{"name":"wp","href":"https:\/\/api.w.org\/{rel}","templated":true}]}}