{"id":469,"date":"2023-06-11T20:02:08","date_gmt":"2023-06-11T17:02:08","guid":{"rendered":"https:\/\/360fun.eu\/?page_id=469"},"modified":"2024-03-11T20:08:50","modified_gmt":"2024-03-11T17:08:50","slug":"meista","status":"publish","type":"page","link":"https:\/\/360fun.eu\/fi\/meista\/","title":{"rendered":"Meist\u00e4"},"content":{"rendered":"<div class=\"container\">\n<p>\u00a0<b>360FUN<\/b>-tiimi tarjoaa sinulle ainutlaatuisia, hauskoja, interaktiivisia ja samalla opettavia matkapuhelinpelej\u00e4. Tavoitteemme on tarjota j\u00e4nnitt\u00e4vi\u00e4 pelej\u00e4 kaikille ik\u00e4ryhmille. Pelaatpa sitten yksin, parhaan yst\u00e4v\u00e4si kanssa, ty\u00f6toverien kanssa tai perheesi kanssa, takaamme, ett\u00e4 pelin aikana on runsaasi hauskoja ja samalla huomiokyvyn koetukselle asettavia ja opettavia hetki\u00e4.<\/p>\n<p>Kaupungeissa tapahtuvat matkapuhelinpelimme ovat suosittuja, sill\u00e4 ne muistuttavat kaupunkia esittelev\u00e4\u00e4 opastuskierrosta, jossa tulee katsella ymp\u00e4rilleen, huomata yksityiskohtia ja k\u00e4yd\u00e4 tutustumassa paikkoihin, joihin tavallinen turisti tai edes paikallinen asukaskaan ei satu.<\/p>\n<p><b>360FUN on\u00a0<\/b><a href=\"http:\/\/www.360.ee\/\" target=\"_blank\" rel=\"noopener\"><b>Seikkailuyrityksen 360 KRAADI<\/b><\/a><b>\u00a0verkkokaupan br\u00e4ndi\u00a0<br \/>\n360 KRAADI O\u00dc<br \/>\n<a href=\"http:\/\/360.ee\" target=\"_blank\" rel=\"noopener\">360.ee<\/a><br \/>\nViro<br \/>\nVAT: EE102595183<br \/>\nReg. no. 14943432<br \/>\n<\/b><\/p>\n<\/div>\n<div class=\"src-spacer-5\">\u00a0<\/div>\n","protected":false},"excerpt":{"rendered":"<p>\u00a0360FUN-tiimi tarjoaa sinulle ainutlaatuisia, hauskoja, interaktiivisia ja samalla opettavia matkapuhelinpelej\u00e4. Tavoitteemme on tarjota j\u00e4nnitt\u00e4vi\u00e4 pelej\u00e4 [&hellip;]<\/p>\n","protected":false},"author":1,"featured_media":0,"parent":0,"menu_order":47,"comment_status":"closed","ping_status":"closed","template":"","meta":{"_acf_changed":false,"footnotes":""},"class_list":["post-469","page","type-page","status-publish","hentry"],"acf":[],"yoast_head":"<!-- This site is optimized with the Yoast SEO plugin v27.4 - https:\/\/yoast.com\/product\/yoast-seo-wordpress\/ -->\n<title>Meist\u00e4 - 360 FUN<\/title>\n<meta name=\"robots\" content=\"index, follow, max-snippet:-1, max-image-preview:large, max-video-preview:-1\" \/>\n<link rel=\"canonical\" href=\"https:\/\/360fun.eu\/meist\/\" \/>\n<meta property=\"og:locale\" content=\"fi_FI\" \/>\n<meta property=\"og:type\" content=\"article\" \/>\n<meta property=\"og:title\" content=\"Meist\u00e4 - 360 FUN\" \/>\n<meta property=\"og:description\" content=\"\u00a0360FUN-tiimi tarjoaa sinulle ainutlaatuisia, hauskoja, interaktiivisia ja samalla opettavia matkapuhelinpelej\u00e4. Tavoitteemme on tarjota j\u00e4nnitt\u00e4vi\u00e4 pelej\u00e4 [&hellip;]\" \/>\n<meta property=\"og:url\" content=\"https:\/\/360fun.eu\/meist\/\" \/>\n<meta property=\"og:site_name\" content=\"360 FUN\" \/>\n<meta property=\"article:modified_time\" content=\"2024-03-11T17:08:50+00:00\" \/>\n<meta name=\"twitter:card\" content=\"summary_large_image\" \/>\n<meta name=\"twitter:label1\" content=\"Arvioitu lukuaika\" \/>\n\t<meta name=\"twitter:data1\" content=\"1 minuutti\" \/>\n<script type=\"application\/ld+json\" class=\"yoast-schema-graph\">{\"@context\":\"https:\\\/\\\/schema.org\",\"@graph\":[{\"@type\":\"WebPage\",\"@id\":\"https:\\\/\\\/360fun.eu\\\/meist\\\/\",\"url\":\"https:\\\/\\\/360fun.eu\\\/meist\\\/\",\"name\":\"Meist\u00e4 - 360 FUN\",\"isPartOf\":{\"@id\":\"https:\\\/\\\/360fun.eu\\\/#website\"},\"datePublished\":\"2023-06-11T17:02:08+00:00\",\"dateModified\":\"2024-03-11T17:08:50+00:00\",\"breadcrumb\":{\"@id\":\"https:\\\/\\\/360fun.eu\\\/meist\\\/#breadcrumb\"},\"inLanguage\":\"fi\",\"potentialAction\":[{\"@type\":\"ReadAction\",\"target\":[\"https:\\\/\\\/360fun.eu\\\/meist\\\/\"]}]},{\"@type\":\"BreadcrumbList\",\"@id\":\"https:\\\/\\\/360fun.eu\\\/meist\\\/#breadcrumb\",\"itemListElement\":[{\"@type\":\"ListItem\",\"position\":1,\"name\":\"Home\",\"item\":\"https:\\\/\\\/360fun.eu\\\/\"},{\"@type\":\"ListItem\",\"position\":2,\"name\":\"Meist\u00e4\"}]},{\"@type\":\"WebSite\",\"@id\":\"https:\\\/\\\/360fun.eu\\\/#website\",\"url\":\"https:\\\/\\\/360fun.eu\\\/\",\"name\":\"360 FUN\",\"description\":\"Mobiilim\u00e4ngud\",\"potentialAction\":[{\"@type\":\"SearchAction\",\"target\":{\"@type\":\"EntryPoint\",\"urlTemplate\":\"https:\\\/\\\/360fun.eu\\\/?s={search_term_string}\"},\"query-input\":{\"@type\":\"PropertyValueSpecification\",\"valueRequired\":true,\"valueName\":\"search_term_string\"}}],\"inLanguage\":\"fi\"}]}<\/script>\n<!-- \/ Yoast SEO plugin. -->","yoast_head_json":{"title":"Meist\u00e4 - 360 FUN","robots":{"index":"index","follow":"follow","max-snippet":"max-snippet:-1","max-image-preview":"max-image-preview:large","max-video-preview":"max-video-preview:-1"},"canonical":"https:\/\/360fun.eu\/meist\/","og_locale":"fi_FI","og_type":"article","og_title":"Meist\u00e4 - 360 FUN","og_description":"\u00a0360FUN-tiimi tarjoaa sinulle ainutlaatuisia, hauskoja, interaktiivisia ja samalla opettavia matkapuhelinpelej\u00e4. Tavoitteemme on tarjota j\u00e4nnitt\u00e4vi\u00e4 pelej\u00e4 [&hellip;]","og_url":"https:\/\/360fun.eu\/meist\/","og_site_name":"360 FUN","article_modified_time":"2024-03-11T17:08:50+00:00","twitter_card":"summary_large_image","twitter_misc":{"Arvioitu lukuaika":"1 minuutti"},"schema":{"@context":"https:\/\/schema.org","@graph":[{"@type":"WebPage","@id":"https:\/\/360fun.eu\/meist\/","url":"https:\/\/360fun.eu\/meist\/","name":"Meist\u00e4 - 360 FUN","isPartOf":{"@id":"https:\/\/360fun.eu\/#website"},"datePublished":"2023-06-11T17:02:08+00:00","dateModified":"2024-03-11T17:08:50+00:00","breadcrumb":{"@id":"https:\/\/360fun.eu\/meist\/#breadcrumb"},"inLanguage":"fi","potentialAction":[{"@type":"ReadAction","target":["https:\/\/360fun.eu\/meist\/"]}]},{"@type":"BreadcrumbList","@id":"https:\/\/360fun.eu\/meist\/#breadcrumb","itemListElement":[{"@type":"ListItem","position":1,"name":"Home","item":"https:\/\/360fun.eu\/"},{"@type":"ListItem","position":2,"name":"Meist\u00e4"}]},{"@type":"WebSite","@id":"https:\/\/360fun.eu\/#website","url":"https:\/\/360fun.eu\/","name":"360 FUN","description":"Mobiilim\u00e4ngud","potentialAction":[{"@type":"SearchAction","target":{"@type":"EntryPoint","urlTemplate":"https:\/\/360fun.eu\/?s={search_term_string}"},"query-input":{"@type":"PropertyValueSpecification","valueRequired":true,"valueName":"search_term_string"}}],"inLanguage":"fi"}]}},"_links":{"self":[{"href":"https:\/\/360fun.eu\/fi\/wp-json\/wp\/v2\/pages\/469","targetHints":{"allow":["GET"]}}],"collection":[{"href":"https:\/\/360fun.eu\/fi\/wp-json\/wp\/v2\/pages"}],"about":[{"href":"https:\/\/360fun.eu\/fi\/wp-json\/wp\/v2\/types\/page"}],"author":[{"embeddable":true,"href":"https:\/\/360fun.eu\/fi\/wp-json\/wp\/v2\/users\/1"}],"replies":[{"embeddable":true,"href":"https:\/\/360fun.eu\/fi\/wp-json\/wp\/v2\/comments?post=469"}],"version-history":[{"count":2,"href":"https:\/\/360fun.eu\/fi\/wp-json\/wp\/v2\/pages\/469\/revisions"}],"predecessor-version":[{"id":2168,"href":"https:\/\/360fun.eu\/fi\/wp-json\/wp\/v2\/pages\/469\/revisions\/2168"}],"wp:attachment":[{"href":"https:\/\/360fun.eu\/fi\/wp-json\/wp\/v2\/media?parent=469"}],"curies":[{"name":"wp","href":"https:\/\/api.w.org\/{rel}","templated":true}]}}