{"id":475,"date":"2023-06-12T07:01:11","date_gmt":"2023-06-12T04:01:11","guid":{"rendered":"https:\/\/360fun.eu\/?page_id=475"},"modified":"2023-06-15T17:16:07","modified_gmt":"2023-06-15T14:16:07","slug":"evastekaytanto","status":"publish","type":"page","link":"https:\/\/360fun.eu\/fi\/evastekaytanto\/","title":{"rendered":"Ev\u00e4stek\u00e4yt\u00e4nt\u00f6"},"content":{"rendered":"<div class=\"container\">\n<h1><b>EV\u00c4STEIDEN K\u00c4YTT\u00c4MINEN<\/b><\/h1>\n<p>Verkkokauppa k\u00e4ytt\u00e4\u00e4 ev\u00e4steit\u00e4. Ev\u00e4ste on pieni tekstitiedosto, jonka verkkoselain tallentaa automaattisesti asiakkaan k\u00e4ytt\u00e4m\u00e4\u00e4n laitteeseen. Ev\u00e4steit\u00e4 k\u00e4ytet\u00e4\u00e4n tiedon ker\u00e4\u00e4miseen siit\u00e4, miten asiakas k\u00e4ytt\u00e4\u00e4 Verkkokauppaa, tavoitteena tarjota asiakkaalle parempaa k\u00e4ytt\u00e4j\u00e4kokemusta.<\/p>\n<p>Verkkokaupassa k\u00e4ytet\u00e4\u00e4n seuraavia ev\u00e4steit\u00e4:<\/p>\n<ul>\n<li>istuntokohtaisia ev\u00e4steit\u00e4, joiden tarkoituksena on mahdollistaa Verkkokaupan k\u00e4ytt\u00e4minen;<\/li>\n<li>pysyvi\u00e4 ev\u00e4steit\u00e4, joiden tarkoitus on muistaa asiakkaan valinnat Verkkokaupassa;<\/li>\n<li>ensimm\u00e4isen ja\/tai kolmannen osapuolen ev\u00e4steit\u00e4, joiden tarkoitus on n\u00e4ytt\u00e4\u00e4 asiakkaalle sopivia mainoksia ja tarjouksia;<\/li>\n<li>kolmannen osapuolen analyysiev\u00e4steit\u00e4, joiden tarkoitus on markkinointikommunikoinnin optimointi.<\/li>\n<\/ul>\n<p>Asiakas voi poistaa ja\/tai est\u00e4\u00e4 laitteisiinsa tallennetut ev\u00e4steet muuttamalla verkkoselaimensa asianmukaisia asetuksia. Jos ev\u00e4steit\u00e4 ei k\u00e4ytet\u00e4, Verkkokauppa ei v\u00e4ltt\u00e4m\u00e4tt\u00e4 toimi suunnitellusti ja\/tai osa toiminnoista ei v\u00e4ltt\u00e4m\u00e4tt\u00e4 ole asiakkaan saatavilla.<\/p>\n<p>Analyysiev\u00e4steiden k\u00e4yt\u00f6n lis\u00e4ksi Verkkokauppa k\u00e4ytt\u00e4\u00e4 pikseleit\u00e4 (pixel tags, web-beacons), joiden avulla seurataan myyj\u00e4n verkkosivun k\u00e4ytt\u00f6\u00e4. N\u00e4in teht\u00e4ess\u00e4 ei k\u00e4sitell\u00e4 henkil\u00f6n tunnistamisen mahdollistavia tietoja.<\/p>\n<\/div>\n<div class=\"src-spacer-5\"><\/div>\n","protected":false},"excerpt":{"rendered":"<p>EV\u00c4STEIDEN K\u00c4YTT\u00c4MINEN Verkkokauppa k\u00e4ytt\u00e4\u00e4 ev\u00e4steit\u00e4. Ev\u00e4ste on pieni tekstitiedosto, jonka verkkoselain tallentaa automaattisesti asiakkaan k\u00e4ytt\u00e4m\u00e4\u00e4n [&hellip;]<\/p>\n","protected":false},"author":1,"featured_media":0,"parent":0,"menu_order":27,"comment_status":"closed","ping_status":"closed","template":"","meta":{"_acf_changed":false,"footnotes":""},"class_list":["post-475","page","type-page","status-publish","hentry"],"acf":[],"yoast_head":"<!-- This site is optimized with the Yoast SEO plugin v27.5 - https:\/\/yoast.com\/product\/yoast-seo-wordpress\/ -->\n<title>Ev\u00e4stek\u00e4yt\u00e4nt\u00f6 - 360 FUN<\/title>\n<meta name=\"robots\" content=\"index, follow, max-snippet:-1, max-image-preview:large, max-video-preview:-1\" \/>\n<link rel=\"canonical\" href=\"https:\/\/360fun.eu\/kupsiste-kasutamine\/\" \/>\n<meta property=\"og:locale\" content=\"fi_FI\" \/>\n<meta property=\"og:type\" content=\"article\" \/>\n<meta property=\"og:title\" content=\"Ev\u00e4stek\u00e4yt\u00e4nt\u00f6 - 360 FUN\" \/>\n<meta property=\"og:description\" content=\"EV\u00c4STEIDEN K\u00c4YTT\u00c4MINEN Verkkokauppa k\u00e4ytt\u00e4\u00e4 ev\u00e4steit\u00e4. Ev\u00e4ste on pieni tekstitiedosto, jonka verkkoselain tallentaa automaattisesti asiakkaan k\u00e4ytt\u00e4m\u00e4\u00e4n [&hellip;]\" \/>\n<meta property=\"og:url\" content=\"https:\/\/360fun.eu\/kupsiste-kasutamine\/\" \/>\n<meta property=\"og:site_name\" content=\"360 FUN\" \/>\n<meta property=\"article:modified_time\" content=\"2023-06-15T14:16:07+00:00\" \/>\n<meta name=\"twitter:card\" content=\"summary_large_image\" \/>\n<meta name=\"twitter:label1\" content=\"Arvioitu lukuaika\" \/>\n\t<meta name=\"twitter:data1\" content=\"1 minuutti\" \/>\n<script type=\"application\/ld+json\" class=\"yoast-schema-graph\">{\"@context\":\"https:\\\/\\\/schema.org\",\"@graph\":[{\"@type\":\"WebPage\",\"@id\":\"https:\\\/\\\/360fun.eu\\\/kupsiste-kasutamine\\\/\",\"url\":\"https:\\\/\\\/360fun.eu\\\/kupsiste-kasutamine\\\/\",\"name\":\"Ev\u00e4stek\u00e4yt\u00e4nt\u00f6 - 360 FUN\",\"isPartOf\":{\"@id\":\"https:\\\/\\\/360fun.eu\\\/#website\"},\"datePublished\":\"2023-06-12T04:01:11+00:00\",\"dateModified\":\"2023-06-15T14:16:07+00:00\",\"breadcrumb\":{\"@id\":\"https:\\\/\\\/360fun.eu\\\/kupsiste-kasutamine\\\/#breadcrumb\"},\"inLanguage\":\"fi\",\"potentialAction\":[{\"@type\":\"ReadAction\",\"target\":[\"https:\\\/\\\/360fun.eu\\\/kupsiste-kasutamine\\\/\"]}]},{\"@type\":\"BreadcrumbList\",\"@id\":\"https:\\\/\\\/360fun.eu\\\/kupsiste-kasutamine\\\/#breadcrumb\",\"itemListElement\":[{\"@type\":\"ListItem\",\"position\":1,\"name\":\"Home\",\"item\":\"https:\\\/\\\/360fun.eu\\\/\"},{\"@type\":\"ListItem\",\"position\":2,\"name\":\"Ev\u00e4stek\u00e4yt\u00e4nt\u00f6\"}]},{\"@type\":\"WebSite\",\"@id\":\"https:\\\/\\\/360fun.eu\\\/#website\",\"url\":\"https:\\\/\\\/360fun.eu\\\/\",\"name\":\"360 FUN\",\"description\":\"Mobiilim\u00e4ngud\",\"potentialAction\":[{\"@type\":\"SearchAction\",\"target\":{\"@type\":\"EntryPoint\",\"urlTemplate\":\"https:\\\/\\\/360fun.eu\\\/?s={search_term_string}\"},\"query-input\":{\"@type\":\"PropertyValueSpecification\",\"valueRequired\":true,\"valueName\":\"search_term_string\"}}],\"inLanguage\":\"fi\"}]}<\/script>\n<!-- \/ Yoast SEO plugin. -->","yoast_head_json":{"title":"Ev\u00e4stek\u00e4yt\u00e4nt\u00f6 - 360 FUN","robots":{"index":"index","follow":"follow","max-snippet":"max-snippet:-1","max-image-preview":"max-image-preview:large","max-video-preview":"max-video-preview:-1"},"canonical":"https:\/\/360fun.eu\/kupsiste-kasutamine\/","og_locale":"fi_FI","og_type":"article","og_title":"Ev\u00e4stek\u00e4yt\u00e4nt\u00f6 - 360 FUN","og_description":"EV\u00c4STEIDEN K\u00c4YTT\u00c4MINEN Verkkokauppa k\u00e4ytt\u00e4\u00e4 ev\u00e4steit\u00e4. Ev\u00e4ste on pieni tekstitiedosto, jonka verkkoselain tallentaa automaattisesti asiakkaan k\u00e4ytt\u00e4m\u00e4\u00e4n [&hellip;]","og_url":"https:\/\/360fun.eu\/kupsiste-kasutamine\/","og_site_name":"360 FUN","article_modified_time":"2023-06-15T14:16:07+00:00","twitter_card":"summary_large_image","twitter_misc":{"Arvioitu lukuaika":"1 minuutti"},"schema":{"@context":"https:\/\/schema.org","@graph":[{"@type":"WebPage","@id":"https:\/\/360fun.eu\/kupsiste-kasutamine\/","url":"https:\/\/360fun.eu\/kupsiste-kasutamine\/","name":"Ev\u00e4stek\u00e4yt\u00e4nt\u00f6 - 360 FUN","isPartOf":{"@id":"https:\/\/360fun.eu\/#website"},"datePublished":"2023-06-12T04:01:11+00:00","dateModified":"2023-06-15T14:16:07+00:00","breadcrumb":{"@id":"https:\/\/360fun.eu\/kupsiste-kasutamine\/#breadcrumb"},"inLanguage":"fi","potentialAction":[{"@type":"ReadAction","target":["https:\/\/360fun.eu\/kupsiste-kasutamine\/"]}]},{"@type":"BreadcrumbList","@id":"https:\/\/360fun.eu\/kupsiste-kasutamine\/#breadcrumb","itemListElement":[{"@type":"ListItem","position":1,"name":"Home","item":"https:\/\/360fun.eu\/"},{"@type":"ListItem","position":2,"name":"Ev\u00e4stek\u00e4yt\u00e4nt\u00f6"}]},{"@type":"WebSite","@id":"https:\/\/360fun.eu\/#website","url":"https:\/\/360fun.eu\/","name":"360 FUN","description":"Mobiilim\u00e4ngud","potentialAction":[{"@type":"SearchAction","target":{"@type":"EntryPoint","urlTemplate":"https:\/\/360fun.eu\/?s={search_term_string}"},"query-input":{"@type":"PropertyValueSpecification","valueRequired":true,"valueName":"search_term_string"}}],"inLanguage":"fi"}]}},"_links":{"self":[{"href":"https:\/\/360fun.eu\/fi\/wp-json\/wp\/v2\/pages\/475","targetHints":{"allow":["GET"]}}],"collection":[{"href":"https:\/\/360fun.eu\/fi\/wp-json\/wp\/v2\/pages"}],"about":[{"href":"https:\/\/360fun.eu\/fi\/wp-json\/wp\/v2\/types\/page"}],"author":[{"embeddable":true,"href":"https:\/\/360fun.eu\/fi\/wp-json\/wp\/v2\/users\/1"}],"replies":[{"embeddable":true,"href":"https:\/\/360fun.eu\/fi\/wp-json\/wp\/v2\/comments?post=475"}],"version-history":[{"count":1,"href":"https:\/\/360fun.eu\/fi\/wp-json\/wp\/v2\/pages\/475\/revisions"}],"predecessor-version":[{"id":476,"href":"https:\/\/360fun.eu\/fi\/wp-json\/wp\/v2\/pages\/475\/revisions\/476"}],"wp:attachment":[{"href":"https:\/\/360fun.eu\/fi\/wp-json\/wp\/v2\/media?parent=475"}],"curies":[{"name":"wp","href":"https:\/\/api.w.org\/{rel}","templated":true}]}}