{"id":488,"date":"2023-06-12T06:52:50","date_gmt":"2023-06-12T03:52:50","guid":{"rendered":"https:\/\/360fun.eu\/?page_id=488"},"modified":"2023-06-15T17:25:54","modified_gmt":"2023-06-15T14:25:54","slug":"tietosuojakaytanto","status":"publish","type":"page","link":"https:\/\/360fun.eu\/fi\/tietosuojakaytanto\/","title":{"rendered":"Tietosuojak\u00e4yt\u00e4nt\u00f6"},"content":{"rendered":"<h3><b>EV\u00c4STEIDEN K\u00c4YTT\u00c4MINEN<\/b><\/h3>\n<p>Verkkokauppa k\u00e4ytt\u00e4\u00e4 ev\u00e4steit\u00e4. Ev\u00e4ste on pieni tekstitiedosto, jonka verkkoselain tallentaa automaattisesti asiakkaan k\u00e4ytt\u00e4m\u00e4\u00e4n laitteeseen. Ev\u00e4steit\u00e4 k\u00e4ytet\u00e4\u00e4n tiedon ker\u00e4\u00e4miseen siit\u00e4, miten asiakas k\u00e4ytt\u00e4\u00e4 Verkkokauppaa, tavoitteena tarjota asiakkaalle parempaa k\u00e4ytt\u00e4j\u00e4kokemusta.<\/p>\n<p>Verkkokaupassa k\u00e4ytet\u00e4\u00e4n seuraavia ev\u00e4steit\u00e4:<\/p>\n<ul>\n<li>istuntokohtaisia ev\u00e4steit\u00e4, joiden tarkoituksena on mahdollistaa Verkkokaupan k\u00e4ytt\u00e4minen;<\/li>\n<li>pysyvi\u00e4 ev\u00e4steit\u00e4, joiden tarkoitus on muistaa asiakkaan valinnat Verkkokaupassa;<\/li>\n<li>ensimm\u00e4isen ja\/tai kolmannen osapuolen ev\u00e4steit\u00e4, joiden tarkoitus on n\u00e4ytt\u00e4\u00e4 asiakkaalle sopivia mainoksia ja tarjouksia;<\/li>\n<li>kolmannen osapuolen analyysiev\u00e4steit\u00e4, joiden tarkoitus on markkinointikommunikoinnin optimointi.<\/li>\n<\/ul>\n<p>Asiakas voi poistaa ja\/tai est\u00e4\u00e4 laitteisiinsa tallennetut ev\u00e4steet muuttamalla verkkoselaimensa asianmukaisia asetuksia. Jos ev\u00e4steit\u00e4 ei k\u00e4ytet\u00e4, Verkkokauppa ei v\u00e4ltt\u00e4m\u00e4tt\u00e4 toimi suunnitellusti ja\/tai osa toiminnoista ei v\u00e4ltt\u00e4m\u00e4tt\u00e4 ole asiakkaan saatavilla.<\/p>\n<p>Analyysiev\u00e4steiden k\u00e4yt\u00f6n lis\u00e4ksi Verkkokauppa k\u00e4ytt\u00e4\u00e4 pikseleit\u00e4 (pixel tags, web-beacons), joiden avulla seurataan myyj\u00e4n verkkosivun k\u00e4ytt\u00f6\u00e4. N\u00e4in teht\u00e4ess\u00e4 ei k\u00e4sitell\u00e4 henkil\u00f6n tunnistamisen mahdollistavia tietoja.<\/p>\n<p>&nbsp;<\/p>\n<h3><b>HENKIL\u00d6TIETOJEN K\u00c4SITTELY<\/b><\/h3>\n<p>Verkkokauppa 360fun.eu:n henkil\u00f6tietojen vastuullinen k\u00e4sittelij\u00e4 on Frank Events O\u00dc (rekisterikoodi\u00a011431192), osoite Liivalao 22, Tallinna, Viro, s\u00e4hk\u00f6postiosoite\u00a0info@360.ee.\u00a0Frank Events O\u00dc toimittaa maksujen suorittamisessa tarvittavat henkil\u00f6tiedot valtuutetulle k\u00e4sittelij\u00e4lle Maksekeskus AS.<\/p>\n<h3><b>MILLAISIA HENKIL\u00d6TIETOJA K\u00c4SITTELEMME<\/b><\/h3>\n<ul>\n<li>nimi, puhelinnumero ja s\u00e4hk\u00f6postiosoite;<\/li>\n<li>tuotteen toimitusosoite;<\/li>\n<li>pankkitilin numero;<\/li>\n<li>tuotteiden ja palveluiden hinta ja maksutiedot (ostohistoria);<\/li>\n<li>asiakastuen tiedot.<\/li>\n<\/ul>\n<p><b>\u00a0<\/b><\/p>\n<h3><b>MIHIN TARKOITUKSEEN HENKIL\u00d6TIETOJA K\u00c4SITELL\u00c4\u00c4N<\/b><\/h3>\n<p>Henkil\u00f6tietoja k\u00e4ytet\u00e4\u00e4n asiakkaan tilausten hallinnointiin ja tuotteiden perille toimittamiseen.<\/p>\n<p>Ostohistoriatietoja (ostop\u00e4iv\u00e4m\u00e4\u00e4r\u00e4, tuote, m\u00e4\u00e4r\u00e4, asiakastiedot) k\u00e4ytet\u00e4\u00e4n ostettujen tuotteiden ja palvelujen katsauksen laatimiseen ja asiakasmieltymysten analysointiin.<\/p>\n<p>Pankkitilin numeroa k\u00e4ytet\u00e4\u00e4n maksujen palauttamiseen asiakkaalle.<\/p>\n<p>Henkil\u00f6tietoja, kuten s\u00e4hk\u00f6postiosoitetta, puhelinnumeroa, asiakkaan nime\u00e4, k\u00e4sitell\u00e4\u00e4n tuotteiden ja palvelujen tarjoamiseen liittyvien kysymysten ratkaisemiseen (asiakastuki).<\/p>\n<p>Verkkokaupan k\u00e4ytt\u00e4j\u00e4n IP-osoitetta tai muita verkkotunnistimia k\u00e4sitell\u00e4\u00e4n tietoyhteiskunnan palveluna olevan verkkokaupan palvelun tarjoamiseen ja verkonk\u00e4ytt\u00f6tilaston tekemiseen.<\/p>\n<h3><b>OIKEUDELLINEN PERUSTE<\/b><\/h3>\n<p>Henkil\u00f6tietojen k\u00e4sittely tapahtuu asiakkaan kanssa solmitun sopimuksen t\u00e4ytt\u00e4mistarkoituksessa.<\/p>\n<p>Henkil\u00f6tietojen k\u00e4sittely tapahtuu juridisen velvollisuuden t\u00e4ytt\u00e4miseksi (esim. kirjanpito ja kuluttajariitojen ratkaiseminen).<\/p>\n<h3><b>VASTAANOTTAJAT, JOILLE HENKIL\u00d6TIETOJA TOIMITETAAN<\/b><\/h3>\n<p>Henkil\u00f6tiedot toimitetaan verkkokaupan asiakastuelle ostojen ja ostohistorian hallinnoimiseksi ja asiakasongelmien ratkaisemiseksi.<\/p>\n<p>Nimi, puhelinnumero ja s\u00e4hk\u00f6postiosoite toimitetaan asiakkaan valitseman kuljetuspalvelun tarjoajalle. Jos kyseess\u00e4 on l\u00e4hetill\u00e4 perille toimitettava tuote, yhteystietojen lis\u00e4ksi toimitetaan my\u00f6s asiakkaan osoite.<\/p>\n<p>Verkkokaupan kirjanpito tapahtuu palveluntarjoajan tekem\u00e4n\u00e4, henkil\u00f6tiedot toimitetaan palvelun tarjoajalle kirjanpitotoimenpiteiden tekemist\u00e4 varten.<\/p>\n<p>Henkil\u00f6tietoja voidaan toimittaa tietoteknologiapalvelujen tarjoajille, mik\u00e4li se on verkkokaupan toimivuuden tai datan yll\u00e4pidon varmistamiseksi tarpeen.<\/p>\n<h3><b>TURVALLISUUS JA TIETOIHIN P\u00c4\u00c4SY<\/b><\/h3>\n<p>Henkil\u00f6tietoja s\u00e4ilytet\u00e4\u00e4n Zone OY palvelimissa, jotka sijaitsevat Euroopan unionin j\u00e4senmaan tai Euroopan unionin talousalueeseen liittyneiden maiden alueella. Tietoja voidaan toimittaa maihin, joiden talon Euroopan komissio on arvioinut riitt\u00e4v\u00e4ksi.<\/p>\n<p>P\u00e4\u00e4sy henkil\u00f6tietoihin on Verkkokaupan ty\u00f6ntekij\u00f6ill\u00e4, jotka voivat tutustua henkil\u00f6tietoihin ratkaistakseen Verkkokaupan k\u00e4ytt\u00f6\u00f6n liittyvi\u00e4 teknisi\u00e4 kysymyksi\u00e4 ja tarjotakseen asiakastukipalvelua.<\/p>\n<p>Verkkokauppa k\u00e4ytt\u00e4\u00e4 asianmukaisia fyysisi\u00e4, organisatorisia ja tietoteknisi\u00e4 turvakeinoja suojatakseen henkil\u00f6tietoja sattumanvaraiselta tai laittomalta h\u00e4vitt\u00e4miselt\u00e4, katoamiselta, muuttamiselta tai laittomalta p\u00e4\u00e4sylt\u00e4 niihin ja niiden julkistamiselta.<\/p>\n<p>Henkil\u00f6tietojen toimittaminen valtuutetuille k\u00e4sittelij\u00f6ille (esim. kuljetuspalvelun tarjoaja ja datan yll\u00e4pitopalvelu) tapahtuu Verkkokaupan ja valtuutettujen k\u00e4sittelij\u00f6iden kesken solmittujen sopimusten perusteella. Valtuutetut k\u00e4sittelij\u00e4t ovat velvolliset takaamaan henkil\u00f6tietojen k\u00e4sittelyn asianmukaiset suojakeinot.<\/p>\n<h3><b>HENKL\u00d6TIETOHIN TUTUSTUMINEN JA KORJAAMINEN<\/b><\/h3>\n<p>Henkil\u00f6tietoihin voi tutustua ja tehd\u00e4 korjauksia Verkkokaupan k\u00e4ytt\u00e4j\u00e4profiilissa. Jos osto on suoritettu ilman k\u00e4ytt\u00e4j\u00e4tili\u00e4, henkil\u00f6tietoihin voi tutustua asiakastuen v\u00e4lityksell\u00e4.<\/p>\n<h3><b>SUOSTUMUKSEN PERUMINEN<\/b><\/h3>\n<p>Jos henkil\u00f6tietojen k\u00e4sittely tapahtuu asiakkaan suostumuksen perusteella, asiakkaalla on oikeus perua suostumuksensa ilmoittamalla siit\u00e4 asiakastuelle s\u00e4hk\u00f6postitse.<\/p>\n<h3><b>S\u00c4ILYTT\u00c4MINEN<\/b><\/h3>\n<p>Verkkokaupan asiakastilin sulkemisen seurauksena asiakastiedot poistetaan, pl. siin\u00e4 tapauksessa, ett\u00e4 n\u00e4it\u00e4 tietoja tulee s\u00e4ilytt\u00e4\u00e4 kirjanpitoa varten tai kuluttajariitojen ratkaisemiseen.<\/p>\n<p>Mik\u00e4li osto on suoritettu Verkkokaupassa ilman asiakastili\u00e4, ostohistoriaa s\u00e4ilytet\u00e4\u00e4n kolme vuotta.<\/p>\n<p>Maksuihin ja kuluttajariitoihin liittyvien kiistojen osalta henkil\u00f6tietoja s\u00e4ilytet\u00e4\u00e4n vaatimuksen t\u00e4ytt\u00e4miseen tai vanhenemism\u00e4\u00e4r\u00e4ajan loppuun asti.<\/p>\n<p>Kirjanpitoa varten tarvittavia henkil\u00f6tietoja s\u00e4ilytet\u00e4\u00e4n seitsem\u00e4n vuotta.<\/p>\n<h3><b>POISTAMINEN<\/b><\/h3>\n<p>Henkil\u00f6tietojen poistamista varten tulee ottaa yhteytt\u00e4 asiakastukeen s\u00e4hk\u00f6postitse. Poistamispyynt\u00f6\u00f6n vastataan viimeist\u00e4\u00e4n kuukauden kuluessa ja t\u00e4smennet\u00e4\u00e4n poistamiskausi.<\/p>\n<h3><b>SIIRT<\/b><b>\u00c4MINEN<\/b><\/h3>\n<p>S\u00e4hk\u00f6postitse esitettyyn henkil\u00f6tietojen siirt\u00e4mist\u00e4 koskevaan pyynt\u00f6\u00f6n vastataan viimeist\u00e4\u00e4n kuukauden kuluessa. Asiakastuki toteaa henkil\u00f6llisyyden ja ilmoittaa henkil\u00f6tiedoista, jotka kuutuvat siirrett\u00e4viksi.<\/p>\n<h3><b>SUORAMARKKINOINTIVIESTIT<\/b><\/h3>\n<p>S\u00e4hk\u00f6postiosoitetta ja puhelinnumeroa k\u00e4ytet\u00e4\u00e4n suoramarkkinointiviestien l\u00e4hett\u00e4miseen, mik\u00e4li asiakas on antanut t\u00e4t\u00e4 koskevan suostumuksensa. Mik\u00e4li asiakas ei halua saada suoramarkkinointiviestej\u00e4, h\u00e4nen tulee valita s\u00e4hk\u00f6postikirjeen alaosassa sit\u00e4 koskeva viite tai ottaa yhteytt\u00e4 asiakastukeen.<\/p>\n<p>Mik\u00e4li henkil\u00f6tietoja k\u00e4sitell\u00e4\u00e4n suoramarkkinointitarkoitukseen (profilointi), asiakkaalla on oikeus koska tahansa esitt\u00e4\u00e4 vastav\u00e4itteit\u00e4 henkil\u00f6tietojensa sek\u00e4 alkuper\u00e4isen ett\u00e4 jatkossa tapahtuvan k\u00e4sittelyn suhteen, mukaan lukien suoramarkkinointiin liittyv\u00e4n profiilianalyysin tekemisen suhteen, ilmoittamalla siit\u00e4 asiakastuelle s\u00e4hk\u00f6postitse (t\u00e4t\u00e4 koskeva tieto tulee esitt\u00e4\u00e4 selv\u00e4sti ja kaikenlaisesta muusta tiedosta erill\u00e4\u00e4n).<\/p>\n<p>&nbsp;<\/p>\n<h3><b>KIISTOJEN RATKAISEMINEN<\/b><\/h3>\n<p>Henkil\u00f6tietojen k\u00e4sittelyyn liittyvien kiistojen ratkaiseminen tapahtuu asiakastuen v\u00e4lityksell\u00e4\u00a0info@360.ee. Valvontaviranomainen on Viron tietosuojavirasto (Andmekaitse Inspektsioon, info@aki.ee).<\/p>\n","protected":false},"excerpt":{"rendered":"<p>EV\u00c4STEIDEN K\u00c4YTT\u00c4MINEN Verkkokauppa k\u00e4ytt\u00e4\u00e4 ev\u00e4steit\u00e4. Ev\u00e4ste on pieni tekstitiedosto, jonka verkkoselain tallentaa automaattisesti asiakkaan k\u00e4ytt\u00e4m\u00e4\u00e4n [&hellip;]<\/p>\n","protected":false},"author":1,"featured_media":0,"parent":0,"menu_order":35,"comment_status":"closed","ping_status":"closed","template":"","meta":{"_acf_changed":false,"footnotes":""},"class_list":["post-488","page","type-page","status-publish","hentry"],"acf":[],"yoast_head":"<!-- This site is optimized with the Yoast SEO plugin v27.3 - https:\/\/yoast.com\/product\/yoast-seo-wordpress\/ -->\n<title>Tietosuojak\u00e4yt\u00e4nt\u00f6 - 360 FUN<\/title>\n<meta name=\"robots\" content=\"index, follow, max-snippet:-1, max-image-preview:large, max-video-preview:-1\" \/>\n<link rel=\"canonical\" href=\"https:\/\/360fun.eu\/privaatsuspoliitika\/\" \/>\n<meta property=\"og:locale\" content=\"fi_FI\" \/>\n<meta property=\"og:type\" content=\"article\" \/>\n<meta property=\"og:title\" content=\"Tietosuojak\u00e4yt\u00e4nt\u00f6 - 360 FUN\" \/>\n<meta property=\"og:description\" content=\"EV\u00c4STEIDEN K\u00c4YTT\u00c4MINEN Verkkokauppa k\u00e4ytt\u00e4\u00e4 ev\u00e4steit\u00e4. Ev\u00e4ste on pieni tekstitiedosto, jonka verkkoselain tallentaa automaattisesti asiakkaan k\u00e4ytt\u00e4m\u00e4\u00e4n [&hellip;]\" \/>\n<meta property=\"og:url\" content=\"https:\/\/360fun.eu\/privaatsuspoliitika\/\" \/>\n<meta property=\"og:site_name\" content=\"360 FUN\" \/>\n<meta property=\"article:modified_time\" content=\"2023-06-15T14:25:54+00:00\" \/>\n<meta name=\"twitter:card\" content=\"summary_large_image\" \/>\n<meta name=\"twitter:label1\" content=\"Arvioitu lukuaika\" \/>\n\t<meta name=\"twitter:data1\" content=\"3 minuuttia\" \/>\n<script type=\"application\/ld+json\" class=\"yoast-schema-graph\">{\"@context\":\"https:\\\/\\\/schema.org\",\"@graph\":[{\"@type\":\"WebPage\",\"@id\":\"https:\\\/\\\/360fun.eu\\\/privaatsuspoliitika\\\/\",\"url\":\"https:\\\/\\\/360fun.eu\\\/privaatsuspoliitika\\\/\",\"name\":\"Tietosuojak\u00e4yt\u00e4nt\u00f6 - 360 FUN\",\"isPartOf\":{\"@id\":\"https:\\\/\\\/360fun.eu\\\/#website\"},\"datePublished\":\"2023-06-12T03:52:50+00:00\",\"dateModified\":\"2023-06-15T14:25:54+00:00\",\"breadcrumb\":{\"@id\":\"https:\\\/\\\/360fun.eu\\\/privaatsuspoliitika\\\/#breadcrumb\"},\"inLanguage\":\"fi\",\"potentialAction\":[{\"@type\":\"ReadAction\",\"target\":[\"https:\\\/\\\/360fun.eu\\\/privaatsuspoliitika\\\/\"]}]},{\"@type\":\"BreadcrumbList\",\"@id\":\"https:\\\/\\\/360fun.eu\\\/privaatsuspoliitika\\\/#breadcrumb\",\"itemListElement\":[{\"@type\":\"ListItem\",\"position\":1,\"name\":\"Home\",\"item\":\"https:\\\/\\\/360fun.eu\\\/\"},{\"@type\":\"ListItem\",\"position\":2,\"name\":\"Tietosuojak\u00e4yt\u00e4nt\u00f6\"}]},{\"@type\":\"WebSite\",\"@id\":\"https:\\\/\\\/360fun.eu\\\/#website\",\"url\":\"https:\\\/\\\/360fun.eu\\\/\",\"name\":\"360 FUN\",\"description\":\"Mobiilim\u00e4ngud\",\"potentialAction\":[{\"@type\":\"SearchAction\",\"target\":{\"@type\":\"EntryPoint\",\"urlTemplate\":\"https:\\\/\\\/360fun.eu\\\/?s={search_term_string}\"},\"query-input\":{\"@type\":\"PropertyValueSpecification\",\"valueRequired\":true,\"valueName\":\"search_term_string\"}}],\"inLanguage\":\"fi\"}]}<\/script>\n<!-- \/ Yoast SEO plugin. -->","yoast_head_json":{"title":"Tietosuojak\u00e4yt\u00e4nt\u00f6 - 360 FUN","robots":{"index":"index","follow":"follow","max-snippet":"max-snippet:-1","max-image-preview":"max-image-preview:large","max-video-preview":"max-video-preview:-1"},"canonical":"https:\/\/360fun.eu\/privaatsuspoliitika\/","og_locale":"fi_FI","og_type":"article","og_title":"Tietosuojak\u00e4yt\u00e4nt\u00f6 - 360 FUN","og_description":"EV\u00c4STEIDEN K\u00c4YTT\u00c4MINEN Verkkokauppa k\u00e4ytt\u00e4\u00e4 ev\u00e4steit\u00e4. Ev\u00e4ste on pieni tekstitiedosto, jonka verkkoselain tallentaa automaattisesti asiakkaan k\u00e4ytt\u00e4m\u00e4\u00e4n [&hellip;]","og_url":"https:\/\/360fun.eu\/privaatsuspoliitika\/","og_site_name":"360 FUN","article_modified_time":"2023-06-15T14:25:54+00:00","twitter_card":"summary_large_image","twitter_misc":{"Arvioitu lukuaika":"3 minuuttia"},"schema":{"@context":"https:\/\/schema.org","@graph":[{"@type":"WebPage","@id":"https:\/\/360fun.eu\/privaatsuspoliitika\/","url":"https:\/\/360fun.eu\/privaatsuspoliitika\/","name":"Tietosuojak\u00e4yt\u00e4nt\u00f6 - 360 FUN","isPartOf":{"@id":"https:\/\/360fun.eu\/#website"},"datePublished":"2023-06-12T03:52:50+00:00","dateModified":"2023-06-15T14:25:54+00:00","breadcrumb":{"@id":"https:\/\/360fun.eu\/privaatsuspoliitika\/#breadcrumb"},"inLanguage":"fi","potentialAction":[{"@type":"ReadAction","target":["https:\/\/360fun.eu\/privaatsuspoliitika\/"]}]},{"@type":"BreadcrumbList","@id":"https:\/\/360fun.eu\/privaatsuspoliitika\/#breadcrumb","itemListElement":[{"@type":"ListItem","position":1,"name":"Home","item":"https:\/\/360fun.eu\/"},{"@type":"ListItem","position":2,"name":"Tietosuojak\u00e4yt\u00e4nt\u00f6"}]},{"@type":"WebSite","@id":"https:\/\/360fun.eu\/#website","url":"https:\/\/360fun.eu\/","name":"360 FUN","description":"Mobiilim\u00e4ngud","potentialAction":[{"@type":"SearchAction","target":{"@type":"EntryPoint","urlTemplate":"https:\/\/360fun.eu\/?s={search_term_string}"},"query-input":{"@type":"PropertyValueSpecification","valueRequired":true,"valueName":"search_term_string"}}],"inLanguage":"fi"}]}},"_links":{"self":[{"href":"https:\/\/360fun.eu\/fi\/wp-json\/wp\/v2\/pages\/488","targetHints":{"allow":["GET"]}}],"collection":[{"href":"https:\/\/360fun.eu\/fi\/wp-json\/wp\/v2\/pages"}],"about":[{"href":"https:\/\/360fun.eu\/fi\/wp-json\/wp\/v2\/types\/page"}],"author":[{"embeddable":true,"href":"https:\/\/360fun.eu\/fi\/wp-json\/wp\/v2\/users\/1"}],"replies":[{"embeddable":true,"href":"https:\/\/360fun.eu\/fi\/wp-json\/wp\/v2\/comments?post=488"}],"version-history":[{"count":1,"href":"https:\/\/360fun.eu\/fi\/wp-json\/wp\/v2\/pages\/488\/revisions"}],"predecessor-version":[{"id":489,"href":"https:\/\/360fun.eu\/fi\/wp-json\/wp\/v2\/pages\/488\/revisions\/489"}],"wp:attachment":[{"href":"https:\/\/360fun.eu\/fi\/wp-json\/wp\/v2\/media?parent=488"}],"curies":[{"name":"wp","href":"https:\/\/api.w.org\/{rel}","templated":true}]}}