{"id":494,"date":"2023-06-11T20:11:46","date_gmt":"2023-06-11T17:11:46","guid":{"rendered":"https:\/\/360fun.eu\/?page_id=494"},"modified":"2024-01-05T17:13:49","modified_gmt":"2024-01-05T14:13:49","slug":"ostoehdot","status":"publish","type":"page","link":"https:\/\/360fun.eu\/fi\/ostoehdot\/","title":{"rendered":"Ostoehdot"},"content":{"rendered":"<p>Verkkokaupan 360fun.eu (jatkossa nimell\u00e4 Verkkokauppa) omistaja on 360 KRAADI O\u00dc (14943432), Liivalao 22, Tallinn, Viro.<\/p>\n<p>Myyntiehdot koskevat p\u00e4\u00e4sylippujen ostamista Verkkokaupasta.<\/p>\n<p>Verkkokaupassa myyt\u00e4vien tuotteiden hinnat on merkitty tuotteiden oheen.<\/p>\n<p>Ostettujen koodien toimittaminen tapahtuu s\u00e4hk\u00f6postitse.<\/p>\n<p><b>Oston laatiminen<\/b><\/p>\n<p>Tuotteen ostamiseksi haluttu tuote tulee lis\u00e4t\u00e4 ostoskoriin. Tilauksen laatimiseksi tulee t\u00e4ytt\u00e4\u00e4 pakolliset tietokent\u00e4t ja valita tuotteille sopiva toimitustapa (jos on vaadittu). Sen j\u00e4lkeen n\u00e4yt\u00f6ss\u00e4 n\u00e4kyy maksun summa, jonka voi maksaa turvallisesti seuraavilla maksutavoilla:<\/p>\n<ul>\n<li>Virolaisten pankkien linkit: Swedbank, SEB, Luminor, LHV, Coop Pank, Pocopay<\/li>\n<li>Maksa my\u00f6hemmin -ratkaisut: Indivy Slice 3, Liisi ID, Finora-luotto<\/li>\n<li>Visa\/Mastercard-korttimaksut<\/li>\n<li>PayPal<\/li>\n<\/ul>\n<p>HUOM! Verkkopankissa maksettuasi napsauta ehdottomasti pankin sivulla nuppia \u201dTakaisin kauppiaan luokse\u201d.<\/p>\n<p>Maksut v\u00e4litt\u00e4\u00e4 Montinio Finance O\u00dc. Maksaminen tapahtuu Verkkokaupan ulkopuolella turvallisessa ymp\u00e4rist\u00f6ss\u00e4 \u2013 pankkilinkin kautta maksettaessa kyseisen pankin turvallisessa ymp\u00e4rist\u00f6ss\u00e4 ja luottokortilla maksettaessa Montinio Finance O\u00dcn turvallisessa ymp\u00e4rist\u00f6ss\u00e4. Myyj\u00e4ll\u00e4 ei ole p\u00e4\u00e4sy\u00e4 asiakkaan pankki- ja luottokorttitietoihin. Sopimus astuu voimaan, kun maksettava summa on saapunut Verkkokaupan pankkitilille.<\/p>\n<p>Verkkokaupan omistaja on henkil\u00f6tietojen vastuullinen k\u00e4sittelij\u00e4 ja toimittaa maksujen suorittamisessa tarvittavat henkil\u00f6tiedot valtuutetulle k\u00e4sittelij\u00e4lle Montinio Finance O\u00dc<\/p>\n<p>Mik\u00e4li tilattua tuotetta ei ole mahdollista toimittaa tavaran loppumisen vuoksi tai muusta syyst\u00e4, siit\u00e4 ilmoitetaan ostajalle ensi tilassa ja maksettu raha (ml. tuotteen toimituskustannukset) palautetaan viipym\u00e4tt\u00e4, joka tapauksessa viimeist\u00e4\u00e4n 14 p\u00e4iv\u00e4n kuluessa ilmoituksen l\u00e4hett\u00e4misest\u00e4 lukien.<\/p>\n<p>Mik\u00e4li ostettua p\u00e4\u00e4sylippua ei ole mahdollista toimittaa teknisen virheen tai muun syyn vuoksi, siit\u00e4 ilmoitetaan ostajalle ensi tilassa ja maksettu raha palautetaan viipym\u00e4tt\u00e4, joka tapauksessa viimeist\u00e4\u00e4n 14 p\u00e4iv\u00e4n kuluessa ilmoituksen l\u00e4hett\u00e4misest\u00e4 lukien.<\/p>\n<p>Teid\u00e4n yrityksenne on henkil\u00f6tietojen vastuullinen k\u00e4sittelij\u00e4, Teid\u00e4n yrityksenne toimittaa maksujen suorittamisessa tarvittavat henkil\u00f6tiedot valtuutetulle k\u00e4sittelij\u00e4lle Montinio Finance O\u00dc.<\/p>\n<p><b>Perille toimittaminen<\/b><\/p>\n<p>Tuotteiden koodit l\u00e4hetet\u00e4\u00e4n oston j\u00e4lkeen asiakkaan antamaan s\u00e4hk\u00f6postiosoitteeseen. Lahjakortin hankinnan yhteydess\u00e4 voi tilata fyysisess\u00e4 muodossa lahjakortin my\u00f6s kotiin tai l\u00e4hett\u00e4\u00e4 suoraan saajalle. Jos kuljetusta ei ole valittu, lahjakortti tulee digitaalisesti s\u00e4hk\u00f6postiin.<\/p>\n<p>Tuotteen haltuun saamiseen ostajalla on seuraavat vaihtoehdot:\u00a0pakettiautomaatit (Itella, Omniva, DPD), l\u00e4hetti tai tulla itse paikan p\u00e4\u00e4lle noutamaan. Pakettiautomaattiin tilattaessa tavallinen toimitusaika on 3-5 p\u00e4iv\u00e4\u00e4, l\u00e4hetill\u00e4 enint\u00e4\u00e4n 5 ty\u00f6p\u00e4iv\u00e4\u00e4. L\u00e4hetyksen voi postittaa Euroopan unionin alueelle.<\/p>\n<p>Lahjakorttien l\u00e4hetyskustannukset maksaa ostaja ja t\u00e4t\u00e4 koskevat hintatiedot on esitetty l\u00e4hetystavan yhteydess\u00e4.<\/p>\n<p><b>Vet\u00e4ytymisoikeus<\/b><\/p>\n<p>Oston suorittamisen j\u00e4lkeen ostajalla on oikeus vet\u00e4yty\u00e4 verkkokaupassa solmitusta sopimuksesta 14 p\u00e4iv\u00e4n kuluessa. Vet\u00e4ytyminen koskee my\u00f6s erilaisten retkien lippuja. Ostosumman palauttamiseksi tulee l\u00e4hett\u00e4\u00e4 kirjallinen yhteydenotto perusteluineen osoitteeseen nutikas@360.ee. Ostosumma palautetaan matkapuhelinpelien osalta vain siin\u00e4 tapauksessa, ett\u00e4 peli\u00e4 ei ole aloitettu eik\u00e4 koodia k\u00e4ytetty.<\/p>\n<p><b>Valitusoikeus<\/b><\/p>\n<p>Verkkokauppa vastaa kuluttajan esitt\u00e4m\u00e4\u00e4n valitukseen kirjallisesti tai kirjallisen uudelleen esitt\u00e4misen mahdollistavassa muodossa 14 p\u00e4iv\u00e4n kuluessa.<\/p>\n<p><b>Suoramarkkinointi ja henkil\u00f6tietojen k\u00e4sitteleminen<\/b><\/p>\n<p>Verkkokauppa k\u00e4ytt\u00e4\u00e4 ostajan antamia henkil\u00f6tietoja (ml. nimi, puhelinnumero, s\u00e4hk\u00f6postiosoite, pankkiyhteystiedot) vain tilauksen k\u00e4sittelyyn ja tuotteen p\u00e4\u00e4sylipun l\u00e4hett\u00e4miseen.<\/p>\n<p>Verkkokauppa l\u00e4hett\u00e4\u00e4 ostajalle uutiskirjeit\u00e4 ja tarjouksia ostajan s\u00e4hk\u00f6postiosoitteeseen vain siin\u00e4 tapauksessa, ett\u00e4 ostaja on ilmaissut t\u00e4t\u00e4 koskevan toivomuksensa kirjoittamalla verkkosivulle s\u00e4hk\u00f6postiosoitteensa ja ilmoittanut halustaan saada suorapostitusviestej\u00e4.<\/p>\n<p>Ostajalla on koska tahansa mahdollisuus luopua s\u00e4hk\u00f6postiin l\u00e4hetett\u00e4vist\u00e4 tarjouksista ja uutiskirjeist\u00e4 ilmoittamalla siit\u00e4 meille s\u00e4hk\u00f6postitse tai noudattamalla tarjouksia sis\u00e4lt\u00e4v\u00e4ss\u00e4 s\u00e4hk\u00f6postikirjeess\u00e4 esitettyj\u00e4 ohjeita.<\/p>\n<p class=\"elementtoproof\"><b>Reklamaatioiden k\u00e4sittely<\/b><\/p>\n<p class=\"elementtoproof\">Mik\u00e4li ostajalla on verkkokaupasta valituksia, ne tulee l\u00e4hett\u00e4\u00e4 kirjallisesti s\u00e4hk\u00f6postilla osoitteeseen info@360.ee tai puhelimitse: +372 5663 2979.<\/p>\n<p class=\"elementtoproof\">Jos osapuolet eiv\u00e4t p\u00e4\u00e4se yhteisymm\u00e4rrykseen reklamaatiosta, ostaja voi valittaa kuluttajariitalautakunnalle. Kuluttajariitalautakunnan toimivaltaan kuuluu ostajan ja verkkokaupan v\u00e4lisest\u00e4 sopimuksesta aiheutuvien riitojen ratkaiseminen. Ostajan valituksen k\u00e4sittely lautakunnassa on maksuton.<\/p>\n<p class=\"elementtoproof\">Ostaja voi k\u00e4\u00e4nty\u00e4 my\u00f6s Euroopan unionin riidanratkaisufoorumin puoleen.<b>\u00a0<\/b><\/p>\n","protected":false},"excerpt":{"rendered":"<p>Verkkokaupan 360fun.eu (jatkossa nimell\u00e4 Verkkokauppa) omistaja on 360 KRAADI O\u00dc (14943432), Liivalao 22, Tallinn, Viro. [&hellip;]<\/p>\n","protected":false},"author":1,"featured_media":0,"parent":0,"menu_order":40,"comment_status":"closed","ping_status":"closed","template":"","meta":{"_acf_changed":false,"footnotes":""},"class_list":["post-494","page","type-page","status-publish","hentry"],"acf":[],"yoast_head":"<!-- This site is optimized with the Yoast SEO plugin v27.3 - https:\/\/yoast.com\/product\/yoast-seo-wordpress\/ -->\n<title>Ostoehdot - 360 FUN<\/title>\n<meta name=\"robots\" content=\"index, follow, max-snippet:-1, max-image-preview:large, max-video-preview:-1\" \/>\n<link rel=\"canonical\" href=\"https:\/\/360fun.eu\/ostutingimused\/\" \/>\n<meta property=\"og:locale\" content=\"fi_FI\" \/>\n<meta property=\"og:type\" content=\"article\" \/>\n<meta property=\"og:title\" content=\"Ostoehdot - 360 FUN\" \/>\n<meta property=\"og:description\" content=\"Verkkokaupan 360fun.eu (jatkossa nimell\u00e4 Verkkokauppa) omistaja on 360 KRAADI O\u00dc (14943432), Liivalao 22, Tallinn, Viro. [&hellip;]\" \/>\n<meta property=\"og:url\" content=\"https:\/\/360fun.eu\/ostutingimused\/\" \/>\n<meta property=\"og:site_name\" content=\"360 FUN\" \/>\n<meta property=\"article:modified_time\" content=\"2024-01-05T14:13:49+00:00\" \/>\n<meta name=\"twitter:card\" content=\"summary_large_image\" \/>\n<meta name=\"twitter:label1\" content=\"Arvioitu lukuaika\" \/>\n\t<meta name=\"twitter:data1\" content=\"3 minuuttia\" \/>\n<script type=\"application\/ld+json\" class=\"yoast-schema-graph\">{\"@context\":\"https:\\\/\\\/schema.org\",\"@graph\":[{\"@type\":\"WebPage\",\"@id\":\"https:\\\/\\\/360fun.eu\\\/ostutingimused\\\/\",\"url\":\"https:\\\/\\\/360fun.eu\\\/ostutingimused\\\/\",\"name\":\"Ostoehdot - 360 FUN\",\"isPartOf\":{\"@id\":\"https:\\\/\\\/360fun.eu\\\/#website\"},\"datePublished\":\"2023-06-11T17:11:46+00:00\",\"dateModified\":\"2024-01-05T14:13:49+00:00\",\"breadcrumb\":{\"@id\":\"https:\\\/\\\/360fun.eu\\\/ostutingimused\\\/#breadcrumb\"},\"inLanguage\":\"fi\",\"potentialAction\":[{\"@type\":\"ReadAction\",\"target\":[\"https:\\\/\\\/360fun.eu\\\/ostutingimused\\\/\"]}]},{\"@type\":\"BreadcrumbList\",\"@id\":\"https:\\\/\\\/360fun.eu\\\/ostutingimused\\\/#breadcrumb\",\"itemListElement\":[{\"@type\":\"ListItem\",\"position\":1,\"name\":\"Home\",\"item\":\"https:\\\/\\\/360fun.eu\\\/\"},{\"@type\":\"ListItem\",\"position\":2,\"name\":\"Ostoehdot\"}]},{\"@type\":\"WebSite\",\"@id\":\"https:\\\/\\\/360fun.eu\\\/#website\",\"url\":\"https:\\\/\\\/360fun.eu\\\/\",\"name\":\"360 FUN\",\"description\":\"Mobiilim\u00e4ngud\",\"potentialAction\":[{\"@type\":\"SearchAction\",\"target\":{\"@type\":\"EntryPoint\",\"urlTemplate\":\"https:\\\/\\\/360fun.eu\\\/?s={search_term_string}\"},\"query-input\":{\"@type\":\"PropertyValueSpecification\",\"valueRequired\":true,\"valueName\":\"search_term_string\"}}],\"inLanguage\":\"fi\"}]}<\/script>\n<!-- \/ Yoast SEO plugin. -->","yoast_head_json":{"title":"Ostoehdot - 360 FUN","robots":{"index":"index","follow":"follow","max-snippet":"max-snippet:-1","max-image-preview":"max-image-preview:large","max-video-preview":"max-video-preview:-1"},"canonical":"https:\/\/360fun.eu\/ostutingimused\/","og_locale":"fi_FI","og_type":"article","og_title":"Ostoehdot - 360 FUN","og_description":"Verkkokaupan 360fun.eu (jatkossa nimell\u00e4 Verkkokauppa) omistaja on 360 KRAADI O\u00dc (14943432), Liivalao 22, Tallinn, Viro. [&hellip;]","og_url":"https:\/\/360fun.eu\/ostutingimused\/","og_site_name":"360 FUN","article_modified_time":"2024-01-05T14:13:49+00:00","twitter_card":"summary_large_image","twitter_misc":{"Arvioitu lukuaika":"3 minuuttia"},"schema":{"@context":"https:\/\/schema.org","@graph":[{"@type":"WebPage","@id":"https:\/\/360fun.eu\/ostutingimused\/","url":"https:\/\/360fun.eu\/ostutingimused\/","name":"Ostoehdot - 360 FUN","isPartOf":{"@id":"https:\/\/360fun.eu\/#website"},"datePublished":"2023-06-11T17:11:46+00:00","dateModified":"2024-01-05T14:13:49+00:00","breadcrumb":{"@id":"https:\/\/360fun.eu\/ostutingimused\/#breadcrumb"},"inLanguage":"fi","potentialAction":[{"@type":"ReadAction","target":["https:\/\/360fun.eu\/ostutingimused\/"]}]},{"@type":"BreadcrumbList","@id":"https:\/\/360fun.eu\/ostutingimused\/#breadcrumb","itemListElement":[{"@type":"ListItem","position":1,"name":"Home","item":"https:\/\/360fun.eu\/"},{"@type":"ListItem","position":2,"name":"Ostoehdot"}]},{"@type":"WebSite","@id":"https:\/\/360fun.eu\/#website","url":"https:\/\/360fun.eu\/","name":"360 FUN","description":"Mobiilim\u00e4ngud","potentialAction":[{"@type":"SearchAction","target":{"@type":"EntryPoint","urlTemplate":"https:\/\/360fun.eu\/?s={search_term_string}"},"query-input":{"@type":"PropertyValueSpecification","valueRequired":true,"valueName":"search_term_string"}}],"inLanguage":"fi"}]}},"_links":{"self":[{"href":"https:\/\/360fun.eu\/fi\/wp-json\/wp\/v2\/pages\/494","targetHints":{"allow":["GET"]}}],"collection":[{"href":"https:\/\/360fun.eu\/fi\/wp-json\/wp\/v2\/pages"}],"about":[{"href":"https:\/\/360fun.eu\/fi\/wp-json\/wp\/v2\/types\/page"}],"author":[{"embeddable":true,"href":"https:\/\/360fun.eu\/fi\/wp-json\/wp\/v2\/users\/1"}],"replies":[{"embeddable":true,"href":"https:\/\/360fun.eu\/fi\/wp-json\/wp\/v2\/comments?post=494"}],"version-history":[{"count":2,"href":"https:\/\/360fun.eu\/fi\/wp-json\/wp\/v2\/pages\/494\/revisions"}],"predecessor-version":[{"id":1844,"href":"https:\/\/360fun.eu\/fi\/wp-json\/wp\/v2\/pages\/494\/revisions\/1844"}],"wp:attachment":[{"href":"https:\/\/360fun.eu\/fi\/wp-json\/wp\/v2\/media?parent=494"}],"curies":[{"name":"wp","href":"https:\/\/api.w.org\/{rel}","templated":true}]}}