{"id":522,"date":"2023-06-12T07:01:56","date_gmt":"2023-06-12T04:01:56","guid":{"rendered":"https:\/\/360fun.eu\/?page_id=522"},"modified":"2023-06-15T18:09:28","modified_gmt":"2023-06-15T15:09:28","slug":"usein-kysytyt-kysymykset","status":"publish","type":"page","link":"https:\/\/360fun.eu\/fi\/usein-kysytyt-kysymykset\/","title":{"rendered":"Usein Kysytyt Kysymykset"},"content":{"rendered":"<p><b>Voinko pys\u00e4ytt\u00e4\u00e4 \/ keskeytt\u00e4\u00e4 pelin pelaamisen aikana?<\/b><\/p>\n<p class=\"elementtoproof\">Mobiilipelin voi panna paussille lev\u00e4t\u00e4ksesi hetken tai vaikka nauttia mukavasta v\u00e4lipalasta kahvilassa, miksei my\u00f6s \u00e4lylaitteesi latauksen ajaksi.<\/p>\n<p class=\"elementtoproof\"><b>Ostin pelin, mutta viime hetkell\u00e4 k\u00e4vi ilmi, etten pystyk\u00e4\u00e4n pelaamaan mobiilipeli\u00e4 heti. Mit\u00e4 minun pit\u00e4\u00e4 tehd\u00e4?<\/b><\/p>\n<p class=\"elementtoproof\">Mobiilipelej\u00e4mme voi pelata kaikissa kaupungeissa samalla koodilla jopa 200 p\u00e4iv\u00e4n ajan ostohetkest\u00e4. Toisin sanoen sinulla on viel\u00e4 aikaa pelata peli\u00e4 200 p\u00e4iv\u00e4\u00e4. Pelin maksua ei palauteta. Peli\u00e4 ostettaessa saatu koodi on ainutlaatuinen ja sit\u00e4 voi k\u00e4ytt\u00e4\u00e4 vain kerran. Koodi aktivoituu aloitettuasi pelin.<\/p>\n<p class=\"elementtoproof\"><b>Kuinka monta voi pelata yhdell\u00e4 \u00e4lylaitteella?<\/b><\/p>\n<p class=\"elementtoproof\">Suosittelemme aina enint\u00e4\u00e4n kolmea henkil\u00f6\u00e4 yht\u00e4 \u00e4lylaitetta kohden. Nelist\u00e4\u00e4nkin on pelattu, mutta useimmiten kaikki ei saa silloin pelata koko peli\u00e4 loppuun. Paras tapa on pelata kaksin.<\/p>\n<p class=\"elementtoproof\">\u00a0Muissa kysymyksiss\u00e4 l\u00e4het\u00e4 s\u00e4hk\u00f6postia osoitteeseen info@360fun.eu<\/p>\n<p class=\"elementtoproof\">\u00a0<strong>Nauti el\u00e4myksist\u00e4!<\/strong><\/p>\n","protected":false},"excerpt":{"rendered":"<p>Voinko pys\u00e4ytt\u00e4\u00e4 \/ keskeytt\u00e4\u00e4 pelin pelaamisen aikana? Mobiilipelin voi panna paussille lev\u00e4t\u00e4ksesi hetken tai vaikka [&hellip;]<\/p>\n","protected":false},"author":1,"featured_media":0,"parent":0,"menu_order":25,"comment_status":"closed","ping_status":"closed","template":"","meta":{"_acf_changed":false,"footnotes":""},"class_list":["post-522","page","type-page","status-publish","hentry"],"acf":[],"yoast_head":"<!-- This site is optimized with the Yoast SEO plugin v27.3 - https:\/\/yoast.com\/product\/yoast-seo-wordpress\/ -->\n<title>Usein Kysytyt Kysymykset - 360 FUN<\/title>\n<meta name=\"robots\" content=\"index, follow, max-snippet:-1, max-image-preview:large, max-video-preview:-1\" \/>\n<link rel=\"canonical\" href=\"https:\/\/360fun.eu\/kkk\/\" \/>\n<meta property=\"og:locale\" content=\"fi_FI\" \/>\n<meta property=\"og:type\" content=\"article\" \/>\n<meta property=\"og:title\" content=\"Usein Kysytyt Kysymykset - 360 FUN\" \/>\n<meta property=\"og:description\" content=\"Voinko pys\u00e4ytt\u00e4\u00e4 \/ keskeytt\u00e4\u00e4 pelin pelaamisen aikana? Mobiilipelin voi panna paussille lev\u00e4t\u00e4ksesi hetken tai vaikka [&hellip;]\" \/>\n<meta property=\"og:url\" content=\"https:\/\/360fun.eu\/kkk\/\" \/>\n<meta property=\"og:site_name\" content=\"360 FUN\" \/>\n<meta property=\"article:modified_time\" content=\"2023-06-15T15:09:28+00:00\" \/>\n<meta name=\"twitter:card\" content=\"summary_large_image\" \/>\n<meta name=\"twitter:label1\" content=\"Arvioitu lukuaika\" \/>\n\t<meta name=\"twitter:data1\" content=\"1 minuutti\" \/>\n<script type=\"application\/ld+json\" class=\"yoast-schema-graph\">{\"@context\":\"https:\\\/\\\/schema.org\",\"@graph\":[{\"@type\":\"WebPage\",\"@id\":\"https:\\\/\\\/360fun.eu\\\/kkk\\\/\",\"url\":\"https:\\\/\\\/360fun.eu\\\/kkk\\\/\",\"name\":\"Usein Kysytyt Kysymykset - 360 FUN\",\"isPartOf\":{\"@id\":\"https:\\\/\\\/360fun.eu\\\/#website\"},\"datePublished\":\"2023-06-12T04:01:56+00:00\",\"dateModified\":\"2023-06-15T15:09:28+00:00\",\"breadcrumb\":{\"@id\":\"https:\\\/\\\/360fun.eu\\\/kkk\\\/#breadcrumb\"},\"inLanguage\":\"fi\",\"potentialAction\":[{\"@type\":\"ReadAction\",\"target\":[\"https:\\\/\\\/360fun.eu\\\/kkk\\\/\"]}]},{\"@type\":\"BreadcrumbList\",\"@id\":\"https:\\\/\\\/360fun.eu\\\/kkk\\\/#breadcrumb\",\"itemListElement\":[{\"@type\":\"ListItem\",\"position\":1,\"name\":\"Home\",\"item\":\"https:\\\/\\\/360fun.eu\\\/\"},{\"@type\":\"ListItem\",\"position\":2,\"name\":\"Usein Kysytyt Kysymykset\"}]},{\"@type\":\"WebSite\",\"@id\":\"https:\\\/\\\/360fun.eu\\\/#website\",\"url\":\"https:\\\/\\\/360fun.eu\\\/\",\"name\":\"360 FUN\",\"description\":\"Mobiilim\u00e4ngud\",\"potentialAction\":[{\"@type\":\"SearchAction\",\"target\":{\"@type\":\"EntryPoint\",\"urlTemplate\":\"https:\\\/\\\/360fun.eu\\\/?s={search_term_string}\"},\"query-input\":{\"@type\":\"PropertyValueSpecification\",\"valueRequired\":true,\"valueName\":\"search_term_string\"}}],\"inLanguage\":\"fi\"}]}<\/script>\n<!-- \/ Yoast SEO plugin. -->","yoast_head_json":{"title":"Usein Kysytyt Kysymykset - 360 FUN","robots":{"index":"index","follow":"follow","max-snippet":"max-snippet:-1","max-image-preview":"max-image-preview:large","max-video-preview":"max-video-preview:-1"},"canonical":"https:\/\/360fun.eu\/kkk\/","og_locale":"fi_FI","og_type":"article","og_title":"Usein Kysytyt Kysymykset - 360 FUN","og_description":"Voinko pys\u00e4ytt\u00e4\u00e4 \/ keskeytt\u00e4\u00e4 pelin pelaamisen aikana? Mobiilipelin voi panna paussille lev\u00e4t\u00e4ksesi hetken tai vaikka [&hellip;]","og_url":"https:\/\/360fun.eu\/kkk\/","og_site_name":"360 FUN","article_modified_time":"2023-06-15T15:09:28+00:00","twitter_card":"summary_large_image","twitter_misc":{"Arvioitu lukuaika":"1 minuutti"},"schema":{"@context":"https:\/\/schema.org","@graph":[{"@type":"WebPage","@id":"https:\/\/360fun.eu\/kkk\/","url":"https:\/\/360fun.eu\/kkk\/","name":"Usein Kysytyt Kysymykset - 360 FUN","isPartOf":{"@id":"https:\/\/360fun.eu\/#website"},"datePublished":"2023-06-12T04:01:56+00:00","dateModified":"2023-06-15T15:09:28+00:00","breadcrumb":{"@id":"https:\/\/360fun.eu\/kkk\/#breadcrumb"},"inLanguage":"fi","potentialAction":[{"@type":"ReadAction","target":["https:\/\/360fun.eu\/kkk\/"]}]},{"@type":"BreadcrumbList","@id":"https:\/\/360fun.eu\/kkk\/#breadcrumb","itemListElement":[{"@type":"ListItem","position":1,"name":"Home","item":"https:\/\/360fun.eu\/"},{"@type":"ListItem","position":2,"name":"Usein Kysytyt Kysymykset"}]},{"@type":"WebSite","@id":"https:\/\/360fun.eu\/#website","url":"https:\/\/360fun.eu\/","name":"360 FUN","description":"Mobiilim\u00e4ngud","potentialAction":[{"@type":"SearchAction","target":{"@type":"EntryPoint","urlTemplate":"https:\/\/360fun.eu\/?s={search_term_string}"},"query-input":{"@type":"PropertyValueSpecification","valueRequired":true,"valueName":"search_term_string"}}],"inLanguage":"fi"}]}},"_links":{"self":[{"href":"https:\/\/360fun.eu\/fi\/wp-json\/wp\/v2\/pages\/522","targetHints":{"allow":["GET"]}}],"collection":[{"href":"https:\/\/360fun.eu\/fi\/wp-json\/wp\/v2\/pages"}],"about":[{"href":"https:\/\/360fun.eu\/fi\/wp-json\/wp\/v2\/types\/page"}],"author":[{"embeddable":true,"href":"https:\/\/360fun.eu\/fi\/wp-json\/wp\/v2\/users\/1"}],"replies":[{"embeddable":true,"href":"https:\/\/360fun.eu\/fi\/wp-json\/wp\/v2\/comments?post=522"}],"version-history":[{"count":1,"href":"https:\/\/360fun.eu\/fi\/wp-json\/wp\/v2\/pages\/522\/revisions"}],"predecessor-version":[{"id":523,"href":"https:\/\/360fun.eu\/fi\/wp-json\/wp\/v2\/pages\/522\/revisions\/523"}],"wp:attachment":[{"href":"https:\/\/360fun.eu\/fi\/wp-json\/wp\/v2\/media?parent=522"}],"curies":[{"name":"wp","href":"https:\/\/api.w.org\/{rel}","templated":true}]}}