{"id":919,"date":"2023-06-27T12:40:44","date_gmt":"2023-06-27T09:40:44","guid":{"rendered":"https:\/\/360fun.eu\/?page_id=919"},"modified":"2023-06-30T16:41:16","modified_gmt":"2023-06-30T13:41:16","slug":"kumppaneita","status":"publish","type":"page","link":"https:\/\/360fun.eu\/fi\/kumppaneita\/","title":{"rendered":"Kumppaneita"},"content":{"rendered":"<p>Haluatko pirist\u00e4\u00e4 yhteis\u00f6llist\u00e4 toimintaasi? Haluatko tuoda lis\u00e4arvoa palvelullesi? Etsitk\u00f6 valmista ratkaisua organisaatiosi kes\u00e4p\u00e4iviin? Kerro ideasi meille osoitteeseen info@360fun.eu, niin luodaan el\u00e4myksi\u00e4 yhdess\u00e4!<\/p>\n\n                <h4 class=\"wpwax-lsu-title \">PARTNERID<\/h4>\n        \n            <div class=\"wpwax-lsu-ultimate wpwax-lsu-hover-active wpwax-lsu-grid wpwax-lsu-grid-theme-2 wpwax-lsu-logo-col-lg-4 wpwax-lsu-logo-col-md-2 wpwax-lsu-logo-col-sm-2 \"\n                        >\n\n                <div class=\"wpwax-lsu-content\">\n\n                    \n                    <div class=\"wpwax-lsu-item wpwax-lsu-item-bordered\">\n\n    <div class=\"wpwax-lsu-item-inner\" data-bs-toggle=\"tooltip\" data-bs-placement=\"top\" title=\"Kingitused.ee\">\n\n        <a href=\"https:\/\/www.kingitus.ee\/kingitus\/ponev-gps-seiklusmang-seltskonnale\/\" target=\"_blank\">\n\n            <img decoding=\"async\" src=\"https:\/\/360fun.eu\/wp-content\/uploads\/7kinigts-600x400.png\" alt=\"Kingitused.ee\">\n\n        <\/a>\n\n    <\/div>\n\n<\/div>\n       \n                    <div class=\"wpwax-lsu-item wpwax-lsu-item-bordered\">\n\n    <div class=\"wpwax-lsu-item-inner\" data-bs-toggle=\"tooltip\" data-bs-placement=\"top\" title=\"Savoy Mariehamn\">\n\n        <a href=\"https:\/\/hotel-savoy-mariehamn.booked.se\/\" target=\"_blank\">\n\n            <img decoding=\"async\" src=\"https:\/\/360fun.eu\/wp-content\/uploads\/savoy-600x400.jpg\" alt=\"Savoy Mariehamn\">\n\n        <\/a>\n\n    <\/div>\n\n<\/div>\n       \n                    <div class=\"wpwax-lsu-item wpwax-lsu-item-bordered\">\n\n    <div class=\"wpwax-lsu-item-inner\" data-bs-toggle=\"tooltip\" data-bs-placement=\"top\" title=\"Hotel Pallas\">\n\n        <a href=\"https:\/\/pallas.tartuhotels.ee\/et\/kontakt\/\" target=\"_blank\">\n\n            <img decoding=\"async\" src=\"https:\/\/360fun.eu\/wp-content\/uploads\/pallas-600x400.jpg\" alt=\"Hotel Pallas\">\n\n        <\/a>\n\n    <\/div>\n\n<\/div>\n       \n                    <div class=\"wpwax-lsu-item wpwax-lsu-item-bordered\">\n\n    <div class=\"wpwax-lsu-item-inner\" data-bs-toggle=\"tooltip\" data-bs-placement=\"top\" title=\"V-SPA\">\n\n        <a href=\"https:\/\/vspahotel.ee\/\" target=\"_blank\">\n\n            <img decoding=\"async\" src=\"https:\/\/360fun.eu\/wp-content\/uploads\/vspa-600x400.png\" alt=\"V-SPA Tartu\">\n\n        <\/a>\n\n    <\/div>\n\n<\/div>\n       \n                    <div class=\"wpwax-lsu-item wpwax-lsu-item-bordered\">\n\n    <div class=\"wpwax-lsu-item-inner\" data-bs-toggle=\"tooltip\" data-bs-placement=\"top\" title=\"Hektor Stay\">\n\n        <a href=\"https:\/\/www.hektorstay.com\/hostels\/\" target=\"_blank\">\n\n            <img decoding=\"async\" src=\"https:\/\/360fun.eu\/wp-content\/uploads\/hektor-600x400.jpg\" alt=\"Hektor Stay\">\n\n        <\/a>\n\n    <\/div>\n\n<\/div>\n       \n                    <div class=\"wpwax-lsu-item wpwax-lsu-item-bordered\">\n\n    <div class=\"wpwax-lsu-item-inner\" data-bs-toggle=\"tooltip\" data-bs-placement=\"top\" title=\"Postipoiss\">\n\n        <a href=\"http:\/\/trahterpostipoiss.ee\/\" target=\"_blank\">\n\n            <img decoding=\"async\" src=\"https:\/\/360fun.eu\/wp-content\/uploads\/POstipoiss-600x400.png\" alt=\"Postipoiss\">\n\n        <\/a>\n\n    <\/div>\n\n<\/div>\n       \n                    <div class=\"wpwax-lsu-item wpwax-lsu-item-bordered\">\n\n    <div class=\"wpwax-lsu-item-inner\" data-bs-toggle=\"tooltip\" data-bs-placement=\"top\" title=\"Hansalinn\">\n\n        <a href=\"https:\/\/hansalinn.ee\/\" target=\"_blank\">\n\n            <img decoding=\"async\" src=\"https:\/\/360fun.eu\/wp-content\/uploads\/hansalinn-600x400.png\" alt=\"Hansalinn\">\n\n        <\/a>\n\n    <\/div>\n\n<\/div>\n       \n                    <div class=\"wpwax-lsu-item wpwax-lsu-item-bordered\">\n\n    <div class=\"wpwax-lsu-item-inner\" data-bs-toggle=\"tooltip\" data-bs-placement=\"top\" title=\"Hostel L\u00f5una\">\n\n        <a href=\"https:\/\/hostellouna.eu\/\" target=\"_blank\">\n\n            <img decoding=\"async\" src=\"https:\/\/360fun.eu\/wp-content\/uploads\/louna-hostel-600x400.jpg\" alt=\"Hostel L\u00f5una\">\n\n        <\/a>\n\n    <\/div>\n\n<\/div>\n       \n                    <div class=\"wpwax-lsu-item wpwax-lsu-item-bordered\">\n\n    <div class=\"wpwax-lsu-item-inner\" data-bs-toggle=\"tooltip\" data-bs-placement=\"top\" title=\"Rannahotell\">\n\n        <a href=\"https:\/\/www.rannahotell.ee\/hotell\/\" target=\"_blank\">\n\n            <img decoding=\"async\" src=\"https:\/\/360fun.eu\/wp-content\/uploads\/rannahotell-600x400.png\" alt=\"Rannahotell\">\n\n        <\/a>\n\n    <\/div>\n\n<\/div>\n       \n                    <div class=\"wpwax-lsu-item wpwax-lsu-item-bordered\">\n\n    <div class=\"wpwax-lsu-item-inner\" data-bs-toggle=\"tooltip\" data-bs-placement=\"top\" title=\"Viiking Spa\">\n\n        <a href=\"https:\/\/www.viiking.ee\/\" target=\"_blank\">\n\n            <img decoding=\"async\" src=\"https:\/\/360fun.eu\/wp-content\/uploads\/Logo_Viiking-600x400.png\" alt=\"Viiking Spa\">\n\n        <\/a>\n\n    <\/div>\n\n<\/div>\n       \n                    <div class=\"wpwax-lsu-item wpwax-lsu-item-bordered\">\n\n    <div class=\"wpwax-lsu-item-inner\" data-bs-toggle=\"tooltip\" data-bs-placement=\"top\" title=\"Amrita Kohvik Viljandi\">\n\n        <a href=\"https:\/\/amritacafe.ee\/\" target=\"_blank\">\n\n            <img decoding=\"async\" src=\"https:\/\/360fun.eu\/wp-content\/uploads\/amrita-600x400.png\" alt=\"Amrita Kohvik\">\n\n        <\/a>\n\n    <\/div>\n\n<\/div>\n       \n                    <div class=\"wpwax-lsu-item wpwax-lsu-item-bordered\">\n\n    <div class=\"wpwax-lsu-item-inner\" data-bs-toggle=\"tooltip\" data-bs-placement=\"top\" title=\"Narva Central Hotel\">\n\n        <a href=\"https:\/\/centralhotel.ee\/\" target=\"_blank\">\n\n            <img decoding=\"async\" src=\"https:\/\/360fun.eu\/wp-content\/uploads\/narva-central-600x400.png\" alt=\"Central Hotel Narva\">\n\n        <\/a>\n\n    <\/div>\n\n<\/div>\n       \n                    <div class=\"wpwax-lsu-item wpwax-lsu-item-bordered\">\n\n    <div class=\"wpwax-lsu-item-inner\" data-bs-toggle=\"tooltip\" data-bs-placement=\"top\" title=\"Centrum Viljandi\">\n\n        <a href=\"https:\/\/centrum.ee\/\" target=\"_blank\">\n\n            <img decoding=\"async\" src=\"https:\/\/360fun.eu\/wp-content\/uploads\/centrum-viljandi-600x400.png\" alt=\"Centrum Viljandi\">\n\n        <\/a>\n\n    <\/div>\n\n<\/div>\n       \n                    <div class=\"wpwax-lsu-item wpwax-lsu-item-bordered\">\n\n    <div class=\"wpwax-lsu-item-inner\" data-bs-toggle=\"tooltip\" data-bs-placement=\"top\" title=\"Saku vald\">\n\n        <a href=\"https:\/\/www.sakuvald.ee\/\" target=\"_blank\">\n\n            <img decoding=\"async\" src=\"https:\/\/360fun.eu\/wp-content\/uploads\/logo_saku_vald-600x400.png\" alt=\"Saku Vald\">\n\n        <\/a>\n\n    <\/div>\n\n<\/div>\n       \n                    <div class=\"wpwax-lsu-item wpwax-lsu-item-bordered\">\n\n    <div class=\"wpwax-lsu-item-inner\" data-bs-toggle=\"tooltip\" data-bs-placement=\"top\" title=\"Endla Hostel\">\n\n        <a href=\"https:\/\/www.endlahostel.ee\/kontakt\/\" target=\"_blank\">\n\n            <img decoding=\"async\" src=\"https:\/\/360fun.eu\/wp-content\/uploads\/endla-600x400.gif\" alt=\"Endla Hostel\">\n\n        <\/a>\n\n    <\/div>\n\n<\/div>\n       \n                    <div class=\"wpwax-lsu-item wpwax-lsu-item-bordered\">\n\n    <div class=\"wpwax-lsu-item-inner\" data-bs-toggle=\"tooltip\" data-bs-placement=\"top\" title=\"GHV\">\n\n        <a href=\"https:\/\/www.ghv.ee\/et\/hotel\/kontakt\" target=\"_blank\">\n\n            <img decoding=\"async\" src=\"https:\/\/360fun.eu\/wp-content\/uploads\/grand-hotel-viljandi-600x400.png\" alt=\"Grand Hotel Viljandi\">\n\n        <\/a>\n\n    <\/div>\n\n<\/div>\n       \n                    <div class=\"wpwax-lsu-item wpwax-lsu-item-bordered\">\n\n    <div class=\"wpwax-lsu-item-inner\" data-bs-toggle=\"tooltip\" data-bs-placement=\"top\" title=\"\u00d6\u00d6D House\">\n\n        <a href=\"https:\/\/oodhouse.com\/\" target=\"_blank\">\n\n            <img decoding=\"async\" src=\"https:\/\/360fun.eu\/wp-content\/uploads\/ood-logo-1-600x400.png\" alt=\"\u00d6\u00d6D House\">\n\n        <\/a>\n\n    <\/div>\n\n<\/div>\n               \n                <\/div>\n                            <\/div>\n\n            \n<p><em>Erikoisprojektit<\/em><strong>:<br \/>\n<strong>Y\u00d6T TALOISSA<\/strong> &#8211; <a href=\"https:\/\/oodhouse.com\/\"> Aarteenetsint\u00e4 <\/a> Rooselepan lomam\u00f6keiss\u00e4<br \/>\n<strong>LARSEN Apartments<\/strong> &#8211; <a href=\"https:\/\/larsen.ee\/et\/\">Kaupunkikierros <\/a> Akatemian rakennuksen ymp\u00e4rill\u00e4<br \/>\n<strong>Saku Vald<\/strong> &#8211; ILMAISIA <a href=\"https:\/\/www.sakuvallakalender.ee\/kalender\/mobiilimang-valla-kulades\/\">seikkailupelej\u00e4<\/a> Sakun kyliss\u00e4<\/p>\n","protected":false},"excerpt":{"rendered":"<p>Haluatko pirist\u00e4\u00e4 yhteis\u00f6llist\u00e4 toimintaasi? Haluatko tuoda lis\u00e4arvoa palvelullesi? Etsitk\u00f6 valmista ratkaisua organisaatiosi kes\u00e4p\u00e4iviin? Kerro ideasi [&hellip;]<\/p>\n","protected":false},"author":2,"featured_media":0,"parent":0,"menu_order":19,"comment_status":"closed","ping_status":"closed","template":"","meta":{"_acf_changed":false,"footnotes":""},"class_list":["post-919","page","type-page","status-publish","hentry"],"acf":[],"yoast_head":"<!-- This site is optimized with the Yoast SEO plugin v27.3 - https:\/\/yoast.com\/product\/yoast-seo-wordpress\/ -->\n<title>Kumppaneita - 360 FUN<\/title>\n<meta name=\"robots\" content=\"index, follow, max-snippet:-1, max-image-preview:large, max-video-preview:-1\" \/>\n<link rel=\"canonical\" href=\"https:\/\/360fun.eu\/partnerid\/\" \/>\n<meta property=\"og:locale\" content=\"fi_FI\" \/>\n<meta property=\"og:type\" content=\"article\" \/>\n<meta property=\"og:title\" content=\"Kumppaneita - 360 FUN\" \/>\n<meta property=\"og:description\" content=\"Haluatko pirist\u00e4\u00e4 yhteis\u00f6llist\u00e4 toimintaasi? Haluatko tuoda lis\u00e4arvoa palvelullesi? Etsitk\u00f6 valmista ratkaisua organisaatiosi kes\u00e4p\u00e4iviin? Kerro ideasi [&hellip;]\" \/>\n<meta property=\"og:url\" content=\"https:\/\/360fun.eu\/partnerid\/\" \/>\n<meta property=\"og:site_name\" content=\"360 FUN\" \/>\n<meta property=\"article:modified_time\" content=\"2023-06-30T13:41:16+00:00\" \/>\n<meta name=\"twitter:card\" content=\"summary_large_image\" \/>\n<script type=\"application\/ld+json\" class=\"yoast-schema-graph\">{\"@context\":\"https:\\\/\\\/schema.org\",\"@graph\":[{\"@type\":\"WebPage\",\"@id\":\"https:\\\/\\\/360fun.eu\\\/partnerid\\\/\",\"url\":\"https:\\\/\\\/360fun.eu\\\/partnerid\\\/\",\"name\":\"Kumppaneita - 360 FUN\",\"isPartOf\":{\"@id\":\"https:\\\/\\\/360fun.eu\\\/#website\"},\"datePublished\":\"2023-06-27T09:40:44+00:00\",\"dateModified\":\"2023-06-30T13:41:16+00:00\",\"breadcrumb\":{\"@id\":\"https:\\\/\\\/360fun.eu\\\/partnerid\\\/#breadcrumb\"},\"inLanguage\":\"fi\",\"potentialAction\":[{\"@type\":\"ReadAction\",\"target\":[\"https:\\\/\\\/360fun.eu\\\/partnerid\\\/\"]}]},{\"@type\":\"BreadcrumbList\",\"@id\":\"https:\\\/\\\/360fun.eu\\\/partnerid\\\/#breadcrumb\",\"itemListElement\":[{\"@type\":\"ListItem\",\"position\":1,\"name\":\"Home\",\"item\":\"https:\\\/\\\/360fun.eu\\\/\"},{\"@type\":\"ListItem\",\"position\":2,\"name\":\"Kumppaneita\"}]},{\"@type\":\"WebSite\",\"@id\":\"https:\\\/\\\/360fun.eu\\\/#website\",\"url\":\"https:\\\/\\\/360fun.eu\\\/\",\"name\":\"360 FUN\",\"description\":\"Mobiilim\u00e4ngud\",\"potentialAction\":[{\"@type\":\"SearchAction\",\"target\":{\"@type\":\"EntryPoint\",\"urlTemplate\":\"https:\\\/\\\/360fun.eu\\\/?s={search_term_string}\"},\"query-input\":{\"@type\":\"PropertyValueSpecification\",\"valueRequired\":true,\"valueName\":\"search_term_string\"}}],\"inLanguage\":\"fi\"}]}<\/script>\n<!-- \/ Yoast SEO plugin. -->","yoast_head_json":{"title":"Kumppaneita - 360 FUN","robots":{"index":"index","follow":"follow","max-snippet":"max-snippet:-1","max-image-preview":"max-image-preview:large","max-video-preview":"max-video-preview:-1"},"canonical":"https:\/\/360fun.eu\/partnerid\/","og_locale":"fi_FI","og_type":"article","og_title":"Kumppaneita - 360 FUN","og_description":"Haluatko pirist\u00e4\u00e4 yhteis\u00f6llist\u00e4 toimintaasi? Haluatko tuoda lis\u00e4arvoa palvelullesi? Etsitk\u00f6 valmista ratkaisua organisaatiosi kes\u00e4p\u00e4iviin? Kerro ideasi [&hellip;]","og_url":"https:\/\/360fun.eu\/partnerid\/","og_site_name":"360 FUN","article_modified_time":"2023-06-30T13:41:16+00:00","twitter_card":"summary_large_image","schema":{"@context":"https:\/\/schema.org","@graph":[{"@type":"WebPage","@id":"https:\/\/360fun.eu\/partnerid\/","url":"https:\/\/360fun.eu\/partnerid\/","name":"Kumppaneita - 360 FUN","isPartOf":{"@id":"https:\/\/360fun.eu\/#website"},"datePublished":"2023-06-27T09:40:44+00:00","dateModified":"2023-06-30T13:41:16+00:00","breadcrumb":{"@id":"https:\/\/360fun.eu\/partnerid\/#breadcrumb"},"inLanguage":"fi","potentialAction":[{"@type":"ReadAction","target":["https:\/\/360fun.eu\/partnerid\/"]}]},{"@type":"BreadcrumbList","@id":"https:\/\/360fun.eu\/partnerid\/#breadcrumb","itemListElement":[{"@type":"ListItem","position":1,"name":"Home","item":"https:\/\/360fun.eu\/"},{"@type":"ListItem","position":2,"name":"Kumppaneita"}]},{"@type":"WebSite","@id":"https:\/\/360fun.eu\/#website","url":"https:\/\/360fun.eu\/","name":"360 FUN","description":"Mobiilim\u00e4ngud","potentialAction":[{"@type":"SearchAction","target":{"@type":"EntryPoint","urlTemplate":"https:\/\/360fun.eu\/?s={search_term_string}"},"query-input":{"@type":"PropertyValueSpecification","valueRequired":true,"valueName":"search_term_string"}}],"inLanguage":"fi"}]}},"_links":{"self":[{"href":"https:\/\/360fun.eu\/fi\/wp-json\/wp\/v2\/pages\/919","targetHints":{"allow":["GET"]}}],"collection":[{"href":"https:\/\/360fun.eu\/fi\/wp-json\/wp\/v2\/pages"}],"about":[{"href":"https:\/\/360fun.eu\/fi\/wp-json\/wp\/v2\/types\/page"}],"author":[{"embeddable":true,"href":"https:\/\/360fun.eu\/fi\/wp-json\/wp\/v2\/users\/2"}],"replies":[{"embeddable":true,"href":"https:\/\/360fun.eu\/fi\/wp-json\/wp\/v2\/comments?post=919"}],"version-history":[{"count":2,"href":"https:\/\/360fun.eu\/fi\/wp-json\/wp\/v2\/pages\/919\/revisions"}],"predecessor-version":[{"id":1211,"href":"https:\/\/360fun.eu\/fi\/wp-json\/wp\/v2\/pages\/919\/revisions\/1211"}],"wp:attachment":[{"href":"https:\/\/360fun.eu\/fi\/wp-json\/wp\/v2\/media?parent=919"}],"curies":[{"name":"wp","href":"https:\/\/api.w.org\/{rel}","templated":true}]}}