{"id":1671,"date":"2023-08-01T16:29:40","date_gmt":"2023-08-01T13:29:40","guid":{"rendered":"https:\/\/360fun.eu\/product\/lahjakortti-2\/"},"modified":"2023-08-02T10:15:51","modified_gmt":"2023-08-02T07:15:51","slug":"lahjakortti","status":"publish","type":"product","link":"https:\/\/360fun.eu\/fi\/peli\/lahjakortti\/","title":{"rendered":"Lahjakortti"},"content":{"rendered":"<p>360FUN-lahjakortti on loistava lahja puolisollesi, yst\u00e4v\u00e4llesi, vanhemmillesi ja kollegallesi.<\/p>\n<p>Lahjakortin voi k\u00e4ytt\u00e4\u00e4 360FUN \u00e4lykk\u00e4iden pelien pelaamiseen<\/p>\n","protected":false},"excerpt":{"rendered":"<p>360FUN-lahjakortti on loistava lahja puolisollesi, yst\u00e4v\u00e4llesi, vanhemmillesi ja kollegallesi.<\/p>\n","protected":false},"featured_media":238,"template":"","meta":{"_acf_changed":false},"product_brand":[],"product_cat":[120],"product_tag":[],"class_list":{"0":"post-1671","1":"product","2":"type-product","3":"status-publish","4":"has-post-thumbnail","6":"product_cat-seikkailullisia-kaupunkikierroksia","8":"first","9":"instock","10":"taxable","11":"shipping-taxable","12":"purchasable","13":"product-type-wgm_gift_card"},"acf":[],"yoast_head":"<!-- This site is optimized with the Yoast SEO plugin v27.3 - https:\/\/yoast.com\/product\/yoast-seo-wordpress\/ -->\n<title>Lahjakortti - outdoor mobile game- 360 FUN<\/title>\n<meta name=\"robots\" content=\"index, follow, max-snippet:-1, max-image-preview:large, max-video-preview:-1\" \/>\n<link rel=\"canonical\" href=\"https:\/\/360fun.eu\/fi\/peli\/lahjakortti\/\" \/>\n<meta property=\"og:locale\" content=\"fi_FI\" \/>\n<meta property=\"og:type\" content=\"article\" \/>\n<meta property=\"og:title\" content=\"Lahjakortti - outdoor mobile game- 360 FUN\" \/>\n<meta property=\"og:description\" content=\"360FUN-lahjakortti on loistava lahja puolisollesi, yst\u00e4v\u00e4llesi, vanhemmillesi ja kollegallesi.\" \/>\n<meta property=\"og:url\" content=\"https:\/\/360fun.eu\/fi\/peli\/lahjakortti\/\" \/>\n<meta property=\"og:site_name\" content=\"360 FUN\" \/>\n<meta property=\"article:modified_time\" content=\"2023-08-02T07:15:51+00:00\" \/>\n<meta property=\"og:image\" content=\"https:\/\/360fun.eu\/wp-content\/uploads\/Kinkekaardid-1.png\" \/>\n\t<meta property=\"og:image:width\" content=\"638\" \/>\n\t<meta property=\"og:image:height\" content=\"262\" \/>\n\t<meta property=\"og:image:type\" content=\"image\/png\" \/>\n<meta name=\"twitter:card\" content=\"summary_large_image\" \/>\n<meta name=\"twitter:label1\" content=\"Arvioitu lukuaika\" \/>\n\t<meta name=\"twitter:data1\" content=\"1 minuutti\" \/>\n<script type=\"application\/ld+json\" class=\"yoast-schema-graph\">{\"@context\":\"https:\\\/\\\/schema.org\",\"@graph\":[{\"@type\":\"WebPage\",\"@id\":\"https:\\\/\\\/360fun.eu\\\/fi\\\/peli\\\/lahjakortti\\\/\",\"url\":\"https:\\\/\\\/360fun.eu\\\/fi\\\/peli\\\/lahjakortti\\\/\",\"name\":\"Lahjakortti - outdoor mobile game- 360 FUN\",\"isPartOf\":{\"@id\":\"https:\\\/\\\/360fun.eu\\\/#website\"},\"primaryImageOfPage\":{\"@id\":\"https:\\\/\\\/360fun.eu\\\/fi\\\/peli\\\/lahjakortti\\\/#primaryimage\"},\"image\":{\"@id\":\"https:\\\/\\\/360fun.eu\\\/fi\\\/peli\\\/lahjakortti\\\/#primaryimage\"},\"thumbnailUrl\":\"https:\\\/\\\/360fun.eu\\\/wp-content\\\/uploads\\\/Kinkekaardid-1.png\",\"datePublished\":\"2023-08-01T13:29:40+00:00\",\"dateModified\":\"2023-08-02T07:15:51+00:00\",\"breadcrumb\":{\"@id\":\"https:\\\/\\\/360fun.eu\\\/fi\\\/peli\\\/lahjakortti\\\/#breadcrumb\"},\"inLanguage\":\"fi\",\"potentialAction\":[{\"@type\":\"ReadAction\",\"target\":[\"https:\\\/\\\/360fun.eu\\\/fi\\\/peli\\\/lahjakortti\\\/\"]}]},{\"@type\":\"ImageObject\",\"inLanguage\":\"fi\",\"@id\":\"https:\\\/\\\/360fun.eu\\\/fi\\\/peli\\\/lahjakortti\\\/#primaryimage\",\"url\":\"https:\\\/\\\/360fun.eu\\\/wp-content\\\/uploads\\\/Kinkekaardid-1.png\",\"contentUrl\":\"https:\\\/\\\/360fun.eu\\\/wp-content\\\/uploads\\\/Kinkekaardid-1.png\",\"width\":638,\"height\":262,\"caption\":\"360FUN kinkekaart\"},{\"@type\":\"BreadcrumbList\",\"@id\":\"https:\\\/\\\/360fun.eu\\\/fi\\\/peli\\\/lahjakortti\\\/#breadcrumb\",\"itemListElement\":[{\"@type\":\"ListItem\",\"position\":1,\"name\":\"Home\",\"item\":\"https:\\\/\\\/360fun.eu\\\/\"},{\"@type\":\"ListItem\",\"position\":2,\"name\":\"Kaikki mobiilipelit\",\"item\":\"https:\\\/\\\/360fun.eu\\\/mobiilimangud\\\/\"},{\"@type\":\"ListItem\",\"position\":3,\"name\":\"Lahjakortti\"}]},{\"@type\":\"WebSite\",\"@id\":\"https:\\\/\\\/360fun.eu\\\/#website\",\"url\":\"https:\\\/\\\/360fun.eu\\\/\",\"name\":\"360 FUN\",\"description\":\"Mobiilim\u00e4ngud\",\"potentialAction\":[{\"@type\":\"SearchAction\",\"target\":{\"@type\":\"EntryPoint\",\"urlTemplate\":\"https:\\\/\\\/360fun.eu\\\/?s={search_term_string}\"},\"query-input\":{\"@type\":\"PropertyValueSpecification\",\"valueRequired\":true,\"valueName\":\"search_term_string\"}}],\"inLanguage\":\"fi\"}]}<\/script>\n<!-- \/ Yoast SEO plugin. -->","yoast_head_json":{"title":"Lahjakortti - outdoor mobile game- 360 FUN","robots":{"index":"index","follow":"follow","max-snippet":"max-snippet:-1","max-image-preview":"max-image-preview:large","max-video-preview":"max-video-preview:-1"},"canonical":"https:\/\/360fun.eu\/fi\/peli\/lahjakortti\/","og_locale":"fi_FI","og_type":"article","og_title":"Lahjakortti - outdoor mobile game- 360 FUN","og_description":"360FUN-lahjakortti on loistava lahja puolisollesi, yst\u00e4v\u00e4llesi, vanhemmillesi ja kollegallesi.","og_url":"https:\/\/360fun.eu\/fi\/peli\/lahjakortti\/","og_site_name":"360 FUN","article_modified_time":"2023-08-02T07:15:51+00:00","og_image":[{"width":638,"height":262,"url":"https:\/\/360fun.eu\/wp-content\/uploads\/Kinkekaardid-1.png","type":"image\/png"}],"twitter_card":"summary_large_image","twitter_misc":{"Arvioitu lukuaika":"1 minuutti"},"schema":{"@context":"https:\/\/schema.org","@graph":[{"@type":"WebPage","@id":"https:\/\/360fun.eu\/fi\/peli\/lahjakortti\/","url":"https:\/\/360fun.eu\/fi\/peli\/lahjakortti\/","name":"Lahjakortti - outdoor mobile game- 360 FUN","isPartOf":{"@id":"https:\/\/360fun.eu\/#website"},"primaryImageOfPage":{"@id":"https:\/\/360fun.eu\/fi\/peli\/lahjakortti\/#primaryimage"},"image":{"@id":"https:\/\/360fun.eu\/fi\/peli\/lahjakortti\/#primaryimage"},"thumbnailUrl":"https:\/\/360fun.eu\/wp-content\/uploads\/Kinkekaardid-1.png","datePublished":"2023-08-01T13:29:40+00:00","dateModified":"2023-08-02T07:15:51+00:00","breadcrumb":{"@id":"https:\/\/360fun.eu\/fi\/peli\/lahjakortti\/#breadcrumb"},"inLanguage":"fi","potentialAction":[{"@type":"ReadAction","target":["https:\/\/360fun.eu\/fi\/peli\/lahjakortti\/"]}]},{"@type":"ImageObject","inLanguage":"fi","@id":"https:\/\/360fun.eu\/fi\/peli\/lahjakortti\/#primaryimage","url":"https:\/\/360fun.eu\/wp-content\/uploads\/Kinkekaardid-1.png","contentUrl":"https:\/\/360fun.eu\/wp-content\/uploads\/Kinkekaardid-1.png","width":638,"height":262,"caption":"360FUN kinkekaart"},{"@type":"BreadcrumbList","@id":"https:\/\/360fun.eu\/fi\/peli\/lahjakortti\/#breadcrumb","itemListElement":[{"@type":"ListItem","position":1,"name":"Home","item":"https:\/\/360fun.eu\/"},{"@type":"ListItem","position":2,"name":"Kaikki mobiilipelit","item":"https:\/\/360fun.eu\/mobiilimangud\/"},{"@type":"ListItem","position":3,"name":"Lahjakortti"}]},{"@type":"WebSite","@id":"https:\/\/360fun.eu\/#website","url":"https:\/\/360fun.eu\/","name":"360 FUN","description":"Mobiilim\u00e4ngud","potentialAction":[{"@type":"SearchAction","target":{"@type":"EntryPoint","urlTemplate":"https:\/\/360fun.eu\/?s={search_term_string}"},"query-input":{"@type":"PropertyValueSpecification","valueRequired":true,"valueName":"search_term_string"}}],"inLanguage":"fi"}]}},"_links":{"self":[{"href":"https:\/\/360fun.eu\/fi\/wp-json\/wp\/v2\/product\/1671","targetHints":{"allow":["GET"]}}],"collection":[{"href":"https:\/\/360fun.eu\/fi\/wp-json\/wp\/v2\/product"}],"about":[{"href":"https:\/\/360fun.eu\/fi\/wp-json\/wp\/v2\/types\/product"}],"wp:featuredmedia":[{"embeddable":true,"href":"https:\/\/360fun.eu\/fi\/wp-json\/wp\/v2\/media\/238"}],"wp:attachment":[{"href":"https:\/\/360fun.eu\/fi\/wp-json\/wp\/v2\/media?parent=1671"}],"wp:term":[{"taxonomy":"product_brand","embeddable":true,"href":"https:\/\/360fun.eu\/fi\/wp-json\/wp\/v2\/product_brand?post=1671"},{"taxonomy":"product_cat","embeddable":true,"href":"https:\/\/360fun.eu\/fi\/wp-json\/wp\/v2\/product_cat?post=1671"},{"taxonomy":"product_tag","embeddable":true,"href":"https:\/\/360fun.eu\/fi\/wp-json\/wp\/v2\/product_tag?post=1671"}],"curies":[{"name":"wp","href":"https:\/\/api.w.org\/{rel}","templated":true}]}}