{"id":840,"date":"2023-06-20T15:49:09","date_gmt":"2023-06-20T12:49:09","guid":{"rendered":"https:\/\/360fun.eu\/mobiilimangud\/kaupunkikierrokset-juri-von-kaufmannin-kanssa\/"},"modified":"2023-08-01T14:29:46","modified_gmt":"2023-08-01T11:29:46","slug":"kaupunkikierrokset-juri-von-kaufmannin-kanssa","status":"publish","type":"product","link":"https:\/\/360fun.eu\/fi\/peli\/kaupunkikierrokset-juri-von-kaufmannin-kanssa\/","title":{"rendered":"Kaupunkikierrokset J\u00fcri von Kaufmannin kanssa"},"content":{"rendered":"<p>Pelin tarkoituksena on l\u00f6yt\u00e4\u00e4 J\u00fcrin &#8221;aarteet&#8221;, ratkaista pulmia ja l\u00f6yt\u00e4\u00e4 viesti, jonka h\u00e4n j\u00e4tti joukkueelle. Kartalta l\u00f6yd\u00e4t mahdolliset paikat, joihin J\u00fcri j\u00e4tti teht\u00e4v\u00e4t ja vihjeet. Ei ole v\u00e4li\u00e4 miss\u00e4 j\u00e4rjestyksess\u00e4 kartan kohteita seuraat &#8211; mutta mit\u00e4 enemm\u00e4n n\u00e4it\u00e4 pisteit\u00e4 k\u00e4yt l\u00e4pi, sit\u00e4 suurempi mahdollisuus on l\u00f6yt\u00e4\u00e4 J\u00fcrin j\u00e4tt\u00e4m\u00e4 viesti. Peliss\u00e4 kartta n\u00e4ytt\u00e4\u00e4 my\u00f6s keskiaikaisen kaupunginmuurin \u00e4\u00e4riviivat. T\u00e4ss\u00e4 yhteydess\u00e4 vihjeeksi, ett\u00e4 kaupungin muurin sis\u00e4puolella olet yleens\u00e4 turvassa, mutta ole varovainen sen ulkopuolella, koska erilaisia rosvoja ja ry\u00f6v\u00e4reit\u00e4 liikkuu siell\u00e4 ymp\u00e4riins\u00e4. Toisaalta, voit l\u00f6yt\u00e4\u00e4 arvokasta tavaraa juuri silloin, kun otat riskej\u00e4.<\/p>\n<p>Suosittelemme enint\u00e4\u00e4n max 3 pelaajaa per joukkue.<\/p>\n","protected":false},"excerpt":{"rendered":"<p>J\u00fcri von Kaufmann (saksalainen kauppias) oli keskiaikainen kauppias. Lyypekist\u00e4 kotoisin, mutta asui Revalissa (Tallinna) ja matkusti paljon erityisesti Viron hansakaupungeissa. H\u00e4n ei ollut liian rikas eik\u00e4 k\u00f6yh\u00e4. Mutta J\u00fcri oli erityinen &#8211; h\u00e4n n\u00e4ki tulevaisuuden. H\u00e4n j\u00e4tti meille teht\u00e4vi\u00e4 selvitett\u00e4v\u00e4ksi ja viestej\u00e4 niiden ratkaisemiseksi.<\/p>\n","protected":false},"featured_media":2380,"template":"","meta":{"_acf_changed":false},"product_brand":[],"product_cat":[120,164],"product_tag":[],"class_list":{"0":"post-840","1":"product","2":"type-product","3":"status-publish","4":"has-post-thumbnail","6":"product_cat-seikkailullisia-kaupunkikierroksia","7":"product_cat-seikkailupelit-virossa","9":"first","10":"instock","11":"taxable","12":"shipping-taxable","13":"purchasable","14":"product-type-variable"},"acf":[],"yoast_head":"<!-- This site is optimized with the Yoast SEO plugin v27.3 - https:\/\/yoast.com\/product\/yoast-seo-wordpress\/ -->\n<title>Kaupunkikierrokset J\u00fcri von Kaufmannin kanssa - outdoor mobile game- 360 FUN<\/title>\n<meta name=\"robots\" content=\"index, follow, max-snippet:-1, max-image-preview:large, max-video-preview:-1\" \/>\n<link rel=\"canonical\" href=\"https:\/\/360fun.eu\/fi\/peli\/kaupunkikierrokset-juri-von-kaufmannin-kanssa\/\" \/>\n<meta property=\"og:locale\" content=\"fi_FI\" \/>\n<meta property=\"og:type\" content=\"article\" \/>\n<meta property=\"og:title\" content=\"Kaupunkikierrokset J\u00fcri von Kaufmannin kanssa - outdoor mobile game- 360 FUN\" \/>\n<meta property=\"og:description\" content=\"J\u00fcri von Kaufmann (saksalainen kauppias) oli keskiaikainen kauppias. Lyypekist\u00e4 kotoisin, mutta asui Revalissa (Tallinna) ja matkusti paljon erityisesti Viron hansakaupungeissa. H\u00e4n ei ollut liian rikas eik\u00e4 k\u00f6yh\u00e4. Mutta J\u00fcri oli erityinen - h\u00e4n n\u00e4ki tulevaisuuden. H\u00e4n j\u00e4tti meille teht\u00e4vi\u00e4 selvitett\u00e4v\u00e4ksi ja viestej\u00e4 niiden ratkaisemiseksi.\" \/>\n<meta property=\"og:url\" content=\"https:\/\/360fun.eu\/fi\/peli\/kaupunkikierrokset-juri-von-kaufmannin-kanssa\/\" \/>\n<meta property=\"og:site_name\" content=\"360 FUN\" \/>\n<meta property=\"article:modified_time\" content=\"2023-08-01T11:29:46+00:00\" \/>\n<meta property=\"og:image\" content=\"https:\/\/360fun.eu\/wp-content\/uploads\/VANALINNASEIKLUS-8.png\" \/>\n\t<meta property=\"og:image:width\" content=\"1000\" \/>\n\t<meta property=\"og:image:height\" content=\"1000\" \/>\n\t<meta property=\"og:image:type\" content=\"image\/png\" \/>\n<meta name=\"twitter:card\" content=\"summary_large_image\" \/>\n<meta name=\"twitter:label1\" content=\"Arvioitu lukuaika\" \/>\n\t<meta name=\"twitter:data1\" content=\"1 minuutti\" \/>\n<script type=\"application\/ld+json\" class=\"yoast-schema-graph\">{\"@context\":\"https:\\\/\\\/schema.org\",\"@graph\":[{\"@type\":\"WebPage\",\"@id\":\"https:\\\/\\\/360fun.eu\\\/fi\\\/peli\\\/kaupunkikierrokset-juri-von-kaufmannin-kanssa\\\/\",\"url\":\"https:\\\/\\\/360fun.eu\\\/fi\\\/peli\\\/kaupunkikierrokset-juri-von-kaufmannin-kanssa\\\/\",\"name\":\"Kaupunkikierrokset J\u00fcri von Kaufmannin kanssa - outdoor mobile game- 360 FUN\",\"isPartOf\":{\"@id\":\"https:\\\/\\\/360fun.eu\\\/#website\"},\"primaryImageOfPage\":{\"@id\":\"https:\\\/\\\/360fun.eu\\\/fi\\\/peli\\\/kaupunkikierrokset-juri-von-kaufmannin-kanssa\\\/#primaryimage\"},\"image\":{\"@id\":\"https:\\\/\\\/360fun.eu\\\/fi\\\/peli\\\/kaupunkikierrokset-juri-von-kaufmannin-kanssa\\\/#primaryimage\"},\"thumbnailUrl\":\"https:\\\/\\\/360fun.eu\\\/wp-content\\\/uploads\\\/VANALINNASEIKLUS-8.png\",\"datePublished\":\"2023-06-20T12:49:09+00:00\",\"dateModified\":\"2023-08-01T11:29:46+00:00\",\"breadcrumb\":{\"@id\":\"https:\\\/\\\/360fun.eu\\\/fi\\\/peli\\\/kaupunkikierrokset-juri-von-kaufmannin-kanssa\\\/#breadcrumb\"},\"inLanguage\":\"fi\",\"potentialAction\":[{\"@type\":\"ReadAction\",\"target\":[\"https:\\\/\\\/360fun.eu\\\/fi\\\/peli\\\/kaupunkikierrokset-juri-von-kaufmannin-kanssa\\\/\"]}]},{\"@type\":\"ImageObject\",\"inLanguage\":\"fi\",\"@id\":\"https:\\\/\\\/360fun.eu\\\/fi\\\/peli\\\/kaupunkikierrokset-juri-von-kaufmannin-kanssa\\\/#primaryimage\",\"url\":\"https:\\\/\\\/360fun.eu\\\/wp-content\\\/uploads\\\/VANALINNASEIKLUS-8.png\",\"contentUrl\":\"https:\\\/\\\/360fun.eu\\\/wp-content\\\/uploads\\\/VANALINNASEIKLUS-8.png\",\"width\":1000,\"height\":1000,\"caption\":\"J\u00fcri von Kaufmanni seiklused Eestis viivad avastama koos nutim\u00e4nguga 360FUN\"},{\"@type\":\"BreadcrumbList\",\"@id\":\"https:\\\/\\\/360fun.eu\\\/fi\\\/peli\\\/kaupunkikierrokset-juri-von-kaufmannin-kanssa\\\/#breadcrumb\",\"itemListElement\":[{\"@type\":\"ListItem\",\"position\":1,\"name\":\"Home\",\"item\":\"https:\\\/\\\/360fun.eu\\\/\"},{\"@type\":\"ListItem\",\"position\":2,\"name\":\"Kaikki mobiilipelit\",\"item\":\"https:\\\/\\\/360fun.eu\\\/mobiilimangud\\\/\"},{\"@type\":\"ListItem\",\"position\":3,\"name\":\"Kaupunkikierrokset J\u00fcri von Kaufmannin kanssa\"}]},{\"@type\":\"WebSite\",\"@id\":\"https:\\\/\\\/360fun.eu\\\/#website\",\"url\":\"https:\\\/\\\/360fun.eu\\\/\",\"name\":\"360 FUN\",\"description\":\"Mobiilim\u00e4ngud\",\"potentialAction\":[{\"@type\":\"SearchAction\",\"target\":{\"@type\":\"EntryPoint\",\"urlTemplate\":\"https:\\\/\\\/360fun.eu\\\/?s={search_term_string}\"},\"query-input\":{\"@type\":\"PropertyValueSpecification\",\"valueRequired\":true,\"valueName\":\"search_term_string\"}}],\"inLanguage\":\"fi\"}]}<\/script>\n<!-- \/ Yoast SEO plugin. -->","yoast_head_json":{"title":"Kaupunkikierrokset J\u00fcri von Kaufmannin kanssa - outdoor mobile game- 360 FUN","robots":{"index":"index","follow":"follow","max-snippet":"max-snippet:-1","max-image-preview":"max-image-preview:large","max-video-preview":"max-video-preview:-1"},"canonical":"https:\/\/360fun.eu\/fi\/peli\/kaupunkikierrokset-juri-von-kaufmannin-kanssa\/","og_locale":"fi_FI","og_type":"article","og_title":"Kaupunkikierrokset J\u00fcri von Kaufmannin kanssa - outdoor mobile game- 360 FUN","og_description":"J\u00fcri von Kaufmann (saksalainen kauppias) oli keskiaikainen kauppias. Lyypekist\u00e4 kotoisin, mutta asui Revalissa (Tallinna) ja matkusti paljon erityisesti Viron hansakaupungeissa. H\u00e4n ei ollut liian rikas eik\u00e4 k\u00f6yh\u00e4. Mutta J\u00fcri oli erityinen - h\u00e4n n\u00e4ki tulevaisuuden. H\u00e4n j\u00e4tti meille teht\u00e4vi\u00e4 selvitett\u00e4v\u00e4ksi ja viestej\u00e4 niiden ratkaisemiseksi.","og_url":"https:\/\/360fun.eu\/fi\/peli\/kaupunkikierrokset-juri-von-kaufmannin-kanssa\/","og_site_name":"360 FUN","article_modified_time":"2023-08-01T11:29:46+00:00","og_image":[{"width":1000,"height":1000,"url":"https:\/\/360fun.eu\/wp-content\/uploads\/VANALINNASEIKLUS-8.png","type":"image\/png"}],"twitter_card":"summary_large_image","twitter_misc":{"Arvioitu lukuaika":"1 minuutti"},"schema":{"@context":"https:\/\/schema.org","@graph":[{"@type":"WebPage","@id":"https:\/\/360fun.eu\/fi\/peli\/kaupunkikierrokset-juri-von-kaufmannin-kanssa\/","url":"https:\/\/360fun.eu\/fi\/peli\/kaupunkikierrokset-juri-von-kaufmannin-kanssa\/","name":"Kaupunkikierrokset J\u00fcri von Kaufmannin kanssa - outdoor mobile game- 360 FUN","isPartOf":{"@id":"https:\/\/360fun.eu\/#website"},"primaryImageOfPage":{"@id":"https:\/\/360fun.eu\/fi\/peli\/kaupunkikierrokset-juri-von-kaufmannin-kanssa\/#primaryimage"},"image":{"@id":"https:\/\/360fun.eu\/fi\/peli\/kaupunkikierrokset-juri-von-kaufmannin-kanssa\/#primaryimage"},"thumbnailUrl":"https:\/\/360fun.eu\/wp-content\/uploads\/VANALINNASEIKLUS-8.png","datePublished":"2023-06-20T12:49:09+00:00","dateModified":"2023-08-01T11:29:46+00:00","breadcrumb":{"@id":"https:\/\/360fun.eu\/fi\/peli\/kaupunkikierrokset-juri-von-kaufmannin-kanssa\/#breadcrumb"},"inLanguage":"fi","potentialAction":[{"@type":"ReadAction","target":["https:\/\/360fun.eu\/fi\/peli\/kaupunkikierrokset-juri-von-kaufmannin-kanssa\/"]}]},{"@type":"ImageObject","inLanguage":"fi","@id":"https:\/\/360fun.eu\/fi\/peli\/kaupunkikierrokset-juri-von-kaufmannin-kanssa\/#primaryimage","url":"https:\/\/360fun.eu\/wp-content\/uploads\/VANALINNASEIKLUS-8.png","contentUrl":"https:\/\/360fun.eu\/wp-content\/uploads\/VANALINNASEIKLUS-8.png","width":1000,"height":1000,"caption":"J\u00fcri von Kaufmanni seiklused Eestis viivad avastama koos nutim\u00e4nguga 360FUN"},{"@type":"BreadcrumbList","@id":"https:\/\/360fun.eu\/fi\/peli\/kaupunkikierrokset-juri-von-kaufmannin-kanssa\/#breadcrumb","itemListElement":[{"@type":"ListItem","position":1,"name":"Home","item":"https:\/\/360fun.eu\/"},{"@type":"ListItem","position":2,"name":"Kaikki mobiilipelit","item":"https:\/\/360fun.eu\/mobiilimangud\/"},{"@type":"ListItem","position":3,"name":"Kaupunkikierrokset J\u00fcri von Kaufmannin kanssa"}]},{"@type":"WebSite","@id":"https:\/\/360fun.eu\/#website","url":"https:\/\/360fun.eu\/","name":"360 FUN","description":"Mobiilim\u00e4ngud","potentialAction":[{"@type":"SearchAction","target":{"@type":"EntryPoint","urlTemplate":"https:\/\/360fun.eu\/?s={search_term_string}"},"query-input":{"@type":"PropertyValueSpecification","valueRequired":true,"valueName":"search_term_string"}}],"inLanguage":"fi"}]}},"_links":{"self":[{"href":"https:\/\/360fun.eu\/fi\/wp-json\/wp\/v2\/product\/840","targetHints":{"allow":["GET"]}}],"collection":[{"href":"https:\/\/360fun.eu\/fi\/wp-json\/wp\/v2\/product"}],"about":[{"href":"https:\/\/360fun.eu\/fi\/wp-json\/wp\/v2\/types\/product"}],"wp:featuredmedia":[{"embeddable":true,"href":"https:\/\/360fun.eu\/fi\/wp-json\/wp\/v2\/media\/2380"}],"wp:attachment":[{"href":"https:\/\/360fun.eu\/fi\/wp-json\/wp\/v2\/media?parent=840"}],"wp:term":[{"taxonomy":"product_brand","embeddable":true,"href":"https:\/\/360fun.eu\/fi\/wp-json\/wp\/v2\/product_brand?post=840"},{"taxonomy":"product_cat","embeddable":true,"href":"https:\/\/360fun.eu\/fi\/wp-json\/wp\/v2\/product_cat?post=840"},{"taxonomy":"product_tag","embeddable":true,"href":"https:\/\/360fun.eu\/fi\/wp-json\/wp\/v2\/product_tag?post=840"}],"curies":[{"name":"wp","href":"https:\/\/api.w.org\/{rel}","templated":true}]}}