{"id":471,"date":"2023-06-11T20:02:08","date_gmt":"2023-06-11T17:02:08","guid":{"rendered":"https:\/\/360fun.eu\/?page_id=471"},"modified":"2024-03-11T20:09:16","modified_gmt":"2024-03-11T17:09:16","slug":"om-oss","status":"publish","type":"page","link":"https:\/\/360fun.eu\/sv\/om-oss\/","title":{"rendered":"Om oss"},"content":{"rendered":"<p><strong>360FUN<\/strong>\u00a0teamet erbjuder dig unika, roliga, interaktiva och samtidigt l\u00e4rorika mobilspel. V\u00e5rt m\u00e5l \u00e4r att tillhandah\u00e5lla sp\u00e4nnande spel f\u00f6r alla \u00e5ldersgrupper. Oavsett om du spelar ensam, med din b\u00e4sta v\u00e4n, kollegor eller familj, ser vi till att det kommer att finnas massor av roliga och l\u00e4rorika stunder som testar din uppm\u00e4rksamhet.<\/p>\n<p>V\u00e5ra stadsrundturspel \u00e4r popul\u00e4ra eftersom de liknar en riktig guidad rundtur i staden, d\u00e4r du m\u00e5ste titta runt, uppt\u00e4cka detaljer och utforska platser d\u00e4r den genomsnittliga turisten eller till och med en inf\u00f6ding inte hamnar.<\/p>\n<p><strong>360FUN \u00e4r\u00a0<\/strong><a href=\"http:\/\/www.360.ee\/\" target=\"_blank\" rel=\"noopener\"><b>\u00e4ventyrsf\u00f6retagets 360 KRAADI<\/b><\/a><strong>\u00a0e-butiks varum\u00e4rke\u00a0<br \/>\n<\/strong><\/p>\n<div class=\"container\">\n<p><b>360 KRAADI O\u00dc<br \/>\n<a href=\"http:\/\/360.ee\" target=\"_blank\" rel=\"noopener\">360.ee<\/a><br \/>\nEstland<br \/>\nVAT: EE102595183<br \/>\nReg. no. 14943432<br \/>\n<\/b><\/p>\n<\/div>\n<div class=\"src-spacer-5\">\u00a0<\/div>\n<p><strong>\u00a0<\/strong><\/p>\n<p><strong>\u00a0<\/strong><\/p>\n","protected":false},"excerpt":{"rendered":"<p>360FUN\u00a0teamet erbjuder dig unika, roliga, interaktiva och samtidigt l\u00e4rorika mobilspel. V\u00e5rt m\u00e5l \u00e4r att tillhandah\u00e5lla [&hellip;]<\/p>\n","protected":false},"author":1,"featured_media":0,"parent":0,"menu_order":46,"comment_status":"closed","ping_status":"closed","template":"","meta":{"_acf_changed":false,"footnotes":""},"class_list":["post-471","page","type-page","status-publish","hentry"],"acf":[],"yoast_head":"<!-- This site is optimized with the Yoast SEO plugin v27.3 - https:\/\/yoast.com\/product\/yoast-seo-wordpress\/ -->\n<title>Om oss - 360 FUN<\/title>\n<meta name=\"robots\" content=\"index, follow, max-snippet:-1, max-image-preview:large, max-video-preview:-1\" \/>\n<link rel=\"canonical\" href=\"https:\/\/360fun.eu\/meist\/\" \/>\n<meta property=\"og:locale\" content=\"sv_SE\" \/>\n<meta property=\"og:type\" content=\"article\" \/>\n<meta property=\"og:title\" content=\"Om oss - 360 FUN\" \/>\n<meta property=\"og:description\" content=\"360FUN\u00a0teamet erbjuder dig unika, roliga, interaktiva och samtidigt l\u00e4rorika mobilspel. V\u00e5rt m\u00e5l \u00e4r att tillhandah\u00e5lla [&hellip;]\" \/>\n<meta property=\"og:url\" content=\"https:\/\/360fun.eu\/meist\/\" \/>\n<meta property=\"og:site_name\" content=\"360 FUN\" \/>\n<meta property=\"article:modified_time\" content=\"2024-03-11T17:09:16+00:00\" \/>\n<meta name=\"twitter:card\" content=\"summary_large_image\" \/>\n<meta name=\"twitter:label1\" content=\"Ber\u00e4knad l\u00e4stid\" \/>\n\t<meta name=\"twitter:data1\" content=\"1 minut\" \/>\n<script type=\"application\/ld+json\" class=\"yoast-schema-graph\">{\"@context\":\"https:\\\/\\\/schema.org\",\"@graph\":[{\"@type\":\"WebPage\",\"@id\":\"https:\\\/\\\/360fun.eu\\\/meist\\\/\",\"url\":\"https:\\\/\\\/360fun.eu\\\/meist\\\/\",\"name\":\"Om oss - 360 FUN\",\"isPartOf\":{\"@id\":\"https:\\\/\\\/360fun.eu\\\/#website\"},\"datePublished\":\"2023-06-11T17:02:08+00:00\",\"dateModified\":\"2024-03-11T17:09:16+00:00\",\"breadcrumb\":{\"@id\":\"https:\\\/\\\/360fun.eu\\\/meist\\\/#breadcrumb\"},\"inLanguage\":\"sv-SE\",\"potentialAction\":[{\"@type\":\"ReadAction\",\"target\":[\"https:\\\/\\\/360fun.eu\\\/meist\\\/\"]}]},{\"@type\":\"BreadcrumbList\",\"@id\":\"https:\\\/\\\/360fun.eu\\\/meist\\\/#breadcrumb\",\"itemListElement\":[{\"@type\":\"ListItem\",\"position\":1,\"name\":\"Home\",\"item\":\"https:\\\/\\\/360fun.eu\\\/\"},{\"@type\":\"ListItem\",\"position\":2,\"name\":\"Om oss\"}]},{\"@type\":\"WebSite\",\"@id\":\"https:\\\/\\\/360fun.eu\\\/#website\",\"url\":\"https:\\\/\\\/360fun.eu\\\/\",\"name\":\"360 FUN\",\"description\":\"Mobiilim\u00e4ngud\",\"potentialAction\":[{\"@type\":\"SearchAction\",\"target\":{\"@type\":\"EntryPoint\",\"urlTemplate\":\"https:\\\/\\\/360fun.eu\\\/?s={search_term_string}\"},\"query-input\":{\"@type\":\"PropertyValueSpecification\",\"valueRequired\":true,\"valueName\":\"search_term_string\"}}],\"inLanguage\":\"sv-SE\"}]}<\/script>\n<!-- \/ Yoast SEO plugin. -->","yoast_head_json":{"title":"Om oss - 360 FUN","robots":{"index":"index","follow":"follow","max-snippet":"max-snippet:-1","max-image-preview":"max-image-preview:large","max-video-preview":"max-video-preview:-1"},"canonical":"https:\/\/360fun.eu\/meist\/","og_locale":"sv_SE","og_type":"article","og_title":"Om oss - 360 FUN","og_description":"360FUN\u00a0teamet erbjuder dig unika, roliga, interaktiva och samtidigt l\u00e4rorika mobilspel. V\u00e5rt m\u00e5l \u00e4r att tillhandah\u00e5lla [&hellip;]","og_url":"https:\/\/360fun.eu\/meist\/","og_site_name":"360 FUN","article_modified_time":"2024-03-11T17:09:16+00:00","twitter_card":"summary_large_image","twitter_misc":{"Ber\u00e4knad l\u00e4stid":"1 minut"},"schema":{"@context":"https:\/\/schema.org","@graph":[{"@type":"WebPage","@id":"https:\/\/360fun.eu\/meist\/","url":"https:\/\/360fun.eu\/meist\/","name":"Om oss - 360 FUN","isPartOf":{"@id":"https:\/\/360fun.eu\/#website"},"datePublished":"2023-06-11T17:02:08+00:00","dateModified":"2024-03-11T17:09:16+00:00","breadcrumb":{"@id":"https:\/\/360fun.eu\/meist\/#breadcrumb"},"inLanguage":"sv-SE","potentialAction":[{"@type":"ReadAction","target":["https:\/\/360fun.eu\/meist\/"]}]},{"@type":"BreadcrumbList","@id":"https:\/\/360fun.eu\/meist\/#breadcrumb","itemListElement":[{"@type":"ListItem","position":1,"name":"Home","item":"https:\/\/360fun.eu\/"},{"@type":"ListItem","position":2,"name":"Om oss"}]},{"@type":"WebSite","@id":"https:\/\/360fun.eu\/#website","url":"https:\/\/360fun.eu\/","name":"360 FUN","description":"Mobiilim\u00e4ngud","potentialAction":[{"@type":"SearchAction","target":{"@type":"EntryPoint","urlTemplate":"https:\/\/360fun.eu\/?s={search_term_string}"},"query-input":{"@type":"PropertyValueSpecification","valueRequired":true,"valueName":"search_term_string"}}],"inLanguage":"sv-SE"}]}},"_links":{"self":[{"href":"https:\/\/360fun.eu\/sv\/wp-json\/wp\/v2\/pages\/471","targetHints":{"allow":["GET"]}}],"collection":[{"href":"https:\/\/360fun.eu\/sv\/wp-json\/wp\/v2\/pages"}],"about":[{"href":"https:\/\/360fun.eu\/sv\/wp-json\/wp\/v2\/types\/page"}],"author":[{"embeddable":true,"href":"https:\/\/360fun.eu\/sv\/wp-json\/wp\/v2\/users\/1"}],"replies":[{"embeddable":true,"href":"https:\/\/360fun.eu\/sv\/wp-json\/wp\/v2\/comments?post=471"}],"version-history":[{"count":2,"href":"https:\/\/360fun.eu\/sv\/wp-json\/wp\/v2\/pages\/471\/revisions"}],"predecessor-version":[{"id":2169,"href":"https:\/\/360fun.eu\/sv\/wp-json\/wp\/v2\/pages\/471\/revisions\/2169"}],"wp:attachment":[{"href":"https:\/\/360fun.eu\/sv\/wp-json\/wp\/v2\/media?parent=471"}],"curies":[{"name":"wp","href":"https:\/\/api.w.org\/{rel}","templated":true}]}}