{"id":477,"date":"2023-06-12T07:01:11","date_gmt":"2023-06-12T04:01:11","guid":{"rendered":"https:\/\/360fun.eu\/?page_id=477"},"modified":"2023-06-15T17:16:43","modified_gmt":"2023-06-15T14:16:43","slug":"policyn-for-kakor","status":"publish","type":"page","link":"https:\/\/360fun.eu\/sv\/policyn-for-kakor\/","title":{"rendered":"Policyn f\u00f6r kakor"},"content":{"rendered":"<h1><b>ANV\u00c4NDNING AV KAKOR<\/b><\/h1>\n<p>Webbutiken anv\u00e4nder kakor. En kaka \u00e4r en liten textfil som sparas automatiskt av webbl\u00e4saren p\u00e5 anv\u00e4ndarens enheter. Kakor anv\u00e4nds f\u00f6r att samla in information om hur kunden anv\u00e4nder Webbutiken f\u00f6r att ge kunden en b\u00e4ttre anv\u00e4ndarupplevelse.<\/p>\n<p>I Webbutiken anv\u00e4nds f\u00f6ljande kakor:<\/p>\n<ul>\n<li>sessionsbaserade kakor, vars syfte \u00e4r att m\u00f6jligg\u00f6ra anv\u00e4ndning av Webbutiken;<\/li>\n<li>permanenta kakor, vars syfte \u00e4r att komma ih\u00e5g kundens val i Webbutiken;<\/li>\n<li>f\u00f6rsta- och \/ eller tredjepartskakor, vars syfte \u00e4r att visa kunden l\u00e4mplig reklam och erbjudanden;<\/li>\n<li>tredjeparts analyskakor, vars syfte \u00e4r att optimera marknadsf\u00f6ringskommunikation.<\/li>\n<\/ul>\n<p>Konsumenten kan ta bort och \/ eller blockera kakor som lagras p\u00e5 enheter genom att \u00e4ndra motsvarande inst\u00e4llningar i sin webbl\u00e4sare. Om kakor inte anv\u00e4nds kan det h\u00e4nda att Webbutiken inte fungerar som \u00f6nskat och \/ eller att vissa funktioner inte \u00e4r tillg\u00e4ngliga f\u00f6r konsumenten.<\/p>\n","protected":false},"excerpt":{"rendered":"<p>ANV\u00c4NDNING AV KAKOR Webbutiken anv\u00e4nder kakor. En kaka \u00e4r en liten textfil som sparas automatiskt [&hellip;]<\/p>\n","protected":false},"author":1,"featured_media":0,"parent":0,"menu_order":26,"comment_status":"closed","ping_status":"closed","template":"","meta":{"_acf_changed":false,"footnotes":""},"class_list":["post-477","page","type-page","status-publish","hentry"],"acf":[],"yoast_head":"<!-- This site is optimized with the Yoast SEO plugin v27.4 - https:\/\/yoast.com\/product\/yoast-seo-wordpress\/ -->\n<title>Policyn f\u00f6r kakor - 360 FUN<\/title>\n<meta name=\"robots\" content=\"index, follow, max-snippet:-1, max-image-preview:large, max-video-preview:-1\" \/>\n<link rel=\"canonical\" href=\"https:\/\/360fun.eu\/kupsiste-kasutamine\/\" \/>\n<meta property=\"og:locale\" content=\"sv_SE\" \/>\n<meta property=\"og:type\" content=\"article\" \/>\n<meta property=\"og:title\" content=\"Policyn f\u00f6r kakor - 360 FUN\" \/>\n<meta property=\"og:description\" content=\"ANV\u00c4NDNING AV KAKOR Webbutiken anv\u00e4nder kakor. En kaka \u00e4r en liten textfil som sparas automatiskt [&hellip;]\" \/>\n<meta property=\"og:url\" content=\"https:\/\/360fun.eu\/kupsiste-kasutamine\/\" \/>\n<meta property=\"og:site_name\" content=\"360 FUN\" \/>\n<meta property=\"article:modified_time\" content=\"2023-06-15T14:16:43+00:00\" \/>\n<meta name=\"twitter:card\" content=\"summary_large_image\" \/>\n<meta name=\"twitter:label1\" content=\"Ber\u00e4knad l\u00e4stid\" \/>\n\t<meta name=\"twitter:data1\" content=\"1 minut\" \/>\n<script type=\"application\/ld+json\" class=\"yoast-schema-graph\">{\"@context\":\"https:\\\/\\\/schema.org\",\"@graph\":[{\"@type\":\"WebPage\",\"@id\":\"https:\\\/\\\/360fun.eu\\\/kupsiste-kasutamine\\\/\",\"url\":\"https:\\\/\\\/360fun.eu\\\/kupsiste-kasutamine\\\/\",\"name\":\"Policyn f\u00f6r kakor - 360 FUN\",\"isPartOf\":{\"@id\":\"https:\\\/\\\/360fun.eu\\\/#website\"},\"datePublished\":\"2023-06-12T04:01:11+00:00\",\"dateModified\":\"2023-06-15T14:16:43+00:00\",\"breadcrumb\":{\"@id\":\"https:\\\/\\\/360fun.eu\\\/kupsiste-kasutamine\\\/#breadcrumb\"},\"inLanguage\":\"sv-SE\",\"potentialAction\":[{\"@type\":\"ReadAction\",\"target\":[\"https:\\\/\\\/360fun.eu\\\/kupsiste-kasutamine\\\/\"]}]},{\"@type\":\"BreadcrumbList\",\"@id\":\"https:\\\/\\\/360fun.eu\\\/kupsiste-kasutamine\\\/#breadcrumb\",\"itemListElement\":[{\"@type\":\"ListItem\",\"position\":1,\"name\":\"Home\",\"item\":\"https:\\\/\\\/360fun.eu\\\/\"},{\"@type\":\"ListItem\",\"position\":2,\"name\":\"Policyn f\u00f6r kakor\"}]},{\"@type\":\"WebSite\",\"@id\":\"https:\\\/\\\/360fun.eu\\\/#website\",\"url\":\"https:\\\/\\\/360fun.eu\\\/\",\"name\":\"360 FUN\",\"description\":\"Mobiilim\u00e4ngud\",\"potentialAction\":[{\"@type\":\"SearchAction\",\"target\":{\"@type\":\"EntryPoint\",\"urlTemplate\":\"https:\\\/\\\/360fun.eu\\\/?s={search_term_string}\"},\"query-input\":{\"@type\":\"PropertyValueSpecification\",\"valueRequired\":true,\"valueName\":\"search_term_string\"}}],\"inLanguage\":\"sv-SE\"}]}<\/script>\n<!-- \/ Yoast SEO plugin. -->","yoast_head_json":{"title":"Policyn f\u00f6r kakor - 360 FUN","robots":{"index":"index","follow":"follow","max-snippet":"max-snippet:-1","max-image-preview":"max-image-preview:large","max-video-preview":"max-video-preview:-1"},"canonical":"https:\/\/360fun.eu\/kupsiste-kasutamine\/","og_locale":"sv_SE","og_type":"article","og_title":"Policyn f\u00f6r kakor - 360 FUN","og_description":"ANV\u00c4NDNING AV KAKOR Webbutiken anv\u00e4nder kakor. En kaka \u00e4r en liten textfil som sparas automatiskt [&hellip;]","og_url":"https:\/\/360fun.eu\/kupsiste-kasutamine\/","og_site_name":"360 FUN","article_modified_time":"2023-06-15T14:16:43+00:00","twitter_card":"summary_large_image","twitter_misc":{"Ber\u00e4knad l\u00e4stid":"1 minut"},"schema":{"@context":"https:\/\/schema.org","@graph":[{"@type":"WebPage","@id":"https:\/\/360fun.eu\/kupsiste-kasutamine\/","url":"https:\/\/360fun.eu\/kupsiste-kasutamine\/","name":"Policyn f\u00f6r kakor - 360 FUN","isPartOf":{"@id":"https:\/\/360fun.eu\/#website"},"datePublished":"2023-06-12T04:01:11+00:00","dateModified":"2023-06-15T14:16:43+00:00","breadcrumb":{"@id":"https:\/\/360fun.eu\/kupsiste-kasutamine\/#breadcrumb"},"inLanguage":"sv-SE","potentialAction":[{"@type":"ReadAction","target":["https:\/\/360fun.eu\/kupsiste-kasutamine\/"]}]},{"@type":"BreadcrumbList","@id":"https:\/\/360fun.eu\/kupsiste-kasutamine\/#breadcrumb","itemListElement":[{"@type":"ListItem","position":1,"name":"Home","item":"https:\/\/360fun.eu\/"},{"@type":"ListItem","position":2,"name":"Policyn f\u00f6r kakor"}]},{"@type":"WebSite","@id":"https:\/\/360fun.eu\/#website","url":"https:\/\/360fun.eu\/","name":"360 FUN","description":"Mobiilim\u00e4ngud","potentialAction":[{"@type":"SearchAction","target":{"@type":"EntryPoint","urlTemplate":"https:\/\/360fun.eu\/?s={search_term_string}"},"query-input":{"@type":"PropertyValueSpecification","valueRequired":true,"valueName":"search_term_string"}}],"inLanguage":"sv-SE"}]}},"_links":{"self":[{"href":"https:\/\/360fun.eu\/sv\/wp-json\/wp\/v2\/pages\/477","targetHints":{"allow":["GET"]}}],"collection":[{"href":"https:\/\/360fun.eu\/sv\/wp-json\/wp\/v2\/pages"}],"about":[{"href":"https:\/\/360fun.eu\/sv\/wp-json\/wp\/v2\/types\/page"}],"author":[{"embeddable":true,"href":"https:\/\/360fun.eu\/sv\/wp-json\/wp\/v2\/users\/1"}],"replies":[{"embeddable":true,"href":"https:\/\/360fun.eu\/sv\/wp-json\/wp\/v2\/comments?post=477"}],"version-history":[{"count":1,"href":"https:\/\/360fun.eu\/sv\/wp-json\/wp\/v2\/pages\/477\/revisions"}],"predecessor-version":[{"id":478,"href":"https:\/\/360fun.eu\/sv\/wp-json\/wp\/v2\/pages\/477\/revisions\/478"}],"wp:attachment":[{"href":"https:\/\/360fun.eu\/sv\/wp-json\/wp\/v2\/media?parent=477"}],"curies":[{"name":"wp","href":"https:\/\/api.w.org\/{rel}","templated":true}]}}