{"id":490,"date":"2023-06-12T06:52:50","date_gmt":"2023-06-12T03:52:50","guid":{"rendered":"https:\/\/360fun.eu\/?page_id=490"},"modified":"2023-06-15T17:27:28","modified_gmt":"2023-06-15T14:27:28","slug":"integritetspolicy","status":"publish","type":"page","link":"https:\/\/360fun.eu\/sv\/integritetspolicy\/","title":{"rendered":"Integritetspolicy"},"content":{"rendered":"<h3><b>ANV\u00c4NDNING AV KAKOR<\/b><\/h3>\n<p>Webbutiken anv\u00e4nder kakor. En kaka \u00e4r en liten textfil som sparas automatiskt av webbl\u00e4saren p\u00e5 anv\u00e4ndarens enheter. Kakor anv\u00e4nds f\u00f6r att samla in information om hur kunden anv\u00e4nder Webbutiken f\u00f6r att ge kunden en b\u00e4ttre anv\u00e4ndarupplevelse.<\/p>\n<p>I Webbutiken anv\u00e4nds f\u00f6ljande kakor:<\/p>\n<ul>\n<li>sessionsbaserade kakor, vars syfte \u00e4r att m\u00f6jligg\u00f6ra anv\u00e4ndning av Webbutiken;<\/li>\n<li>permanenta kakor, vars syfte \u00e4r att komma ih\u00e5g kundens val i Webbutiken;<\/li>\n<li>f\u00f6rsta- och \/ eller tredjepartskakor, vars syfte \u00e4r att visa kunden l\u00e4mplig reklam och erbjudanden;<\/li>\n<li>tredjeparts analyskakor, vars syfte \u00e4r att optimera marknadsf\u00f6ringskommunikation.<\/li>\n<\/ul>\n<p>Konsumenten kan ta bort och \/ eller blockera kakor som lagras p\u00e5 enheter genom att \u00e4ndra motsvarande inst\u00e4llningar i sin webbl\u00e4sare. Om kakor inte anv\u00e4nds kan det h\u00e4nda att Webbutiken inte fungerar som \u00f6nskat och \/ eller att vissa funktioner inte \u00e4r tillg\u00e4ngliga f\u00f6r konsumenten.<\/p>\n<p>F\u00f6rutom analyskakor anv\u00e4nder Webbutiken pixlar (pixel taggar, webb-beacons) f\u00f6r att \u00f6vervaka anv\u00e4ndningen av handlarens webbplats. Genom detta behandlas inte personligt identifierbar information.<\/p>\n<h3><b>BEHANDLING AV PERSONUPPGIFTER<\/b><\/h3>\n<p>Behandlare av personuppgifter f\u00f6r Webbutik pood.360.ee \u00e4r Frank Events O\u00dc (organisationsnummer 11431192 ), adress Liivalao 22, Tallinn, e-post info@360.ee.<\/p>\n<h3><b>VILKA PERSONUPPGIFTER SOM BEHANDLAS<\/b><\/h3>\n<ul>\n<li>namn, telefonnummer och e-postadress;<\/li>\n<li>leveransadress;<\/li>\n<li>kontouppgifter;<\/li>\n<li>kostnad f\u00f6r varor och tj\u00e4nster och betalningsuppgifter (k\u00f6phistorik);<\/li>\n<li>kundst\u00f6dinformation.<\/li>\n<\/ul>\n<h3><b>DE \u00c4NDAM\u00c5L F\u00d6R VILKA PERSONUPPGIFTERNA BEHANDLAS<\/b><\/h3>\n<p>Personuppgifter anv\u00e4nds f\u00f6r att hantera kundorder och leverera varor.<\/p>\n<p>K\u00f6phistorikuppgifter (k\u00f6pdatum, varor, kvantitet, kunduppgifter) anv\u00e4nds f\u00f6r att sammanst\u00e4lla en \u00f6versikt \u00f6ver k\u00f6pta varor och tj\u00e4nster och f\u00f6r att analysera kundernas preferenser.<\/p>\n<p>Kontouppgifter anv\u00e4nds f\u00f6r att returnera betalningar till kunden.<\/p>\n<p>Personuppgifter, s\u00e5som e-post, telefonnummer och namn, behandlas f\u00f6r att tillhandah\u00e5lla varor och tj\u00e4nster (kundsupport).<\/p>\n<p>IP-adressen eller andra n\u00e4tverksidentifierare f\u00f6r Webbutikens anv\u00e4ndare behandlas f\u00f6r att tillhandah\u00e5lla Webbutiken som en informationssamh\u00e4llets tj\u00e4nst och f\u00f6r att sammanst\u00e4lla anv\u00e4ndningsstatistik.<\/p>\n<h3><b>R\u00c4TTSLIG GRUND<\/b><\/h3>\n<p>Personuppgifter behandlas i syfte att fullg\u00f6ra det avtal som ing\u00e5tts med konsumenten.<\/p>\n<p>Behandlingen av personuppgifter utf\u00f6rs f\u00f6r att uppfylla r\u00e4ttsliga \u00e5taganden (t.ex. redovisning och l\u00f6sning av konsumenttvister).<\/p>\n<h3><b>MOTTAGARNA TILL VILKA PERSONUPPGIFTERNA \u00d6VERL\u00c4MNAS<\/b><\/h3>\n<p>Personuppgifter \u00f6verl\u00e4mnas till Webbutikens kundst\u00f6d f\u00f6r att hantera k\u00f6p och k\u00f6phistorik och f\u00f6r att l\u00f6sa kundproblem.<\/p>\n<p>Namn, telefonnummer och e-postadress \u00f6verl\u00e4mnas till den transporttj\u00e4nstleverant\u00f6r som kunden valt. F\u00f6r varor som levereras med kurir kommer kundens adress, f\u00f6rutom kontaktuppgifterna, ocks\u00e5 att \u00f6verl\u00e4mnas.<\/p>\n<p>Webbutikens redovisning utf\u00f6rs av tj\u00e4nsteleverant\u00f6ren. Personuppgifter \u00f6verl\u00e4mnas till tj\u00e4nsteleverant\u00f6ren f\u00f6r att utf\u00f6ra redovisningsf\u00f6rfaranden.<\/p>\n<p>Personuppgifter kan \u00f6verl\u00e4mnas till tj\u00e4nsteleverant\u00f6rer av informationsteknologi om detta \u00e4r n\u00f6dv\u00e4ndigt f\u00f6r att s\u00e4kerst\u00e4lla Webbutikens funktionalitet eller datav\u00e4rd.<\/p>\n<h3><b>\u00a0DATAS\u00c4KERHET OCH DATATILLTR\u00c4DE<\/b><\/h3>\n<p>Personuppgifter lagras p\u00e5 Zone AB servrar, bel\u00e4get i en medlemsstat i Europeiska unionen eller i ett land som \u00e4r associerat med Europeiska ekonomiska samarbetsomr\u00e5det. Uppgifter kan \u00f6verl\u00e4mnas till l\u00e4nder vars niv\u00e5 av dataskydd har bed\u00f6mts vara adekvat av Europeiska kommissionen och till f\u00f6retag i USA som \u00e4r anslutna till Privacy Shield-ramen.<\/p>\n<p>Webbutikens anst\u00e4llda har tillg\u00e5ng till personuppgifter f\u00f6r att l\u00f6sa tekniska problem avseende anv\u00e4ndning av Webbutiken och tillhandah\u00e5lla kundst\u00f6dtj\u00e4nster.<\/p>\n<p>Webbutiken genomf\u00f6r l\u00e4mpliga fysiska, organisatoriska och IT-s\u00e4kerhets\u00e5tg\u00e4rder f\u00f6r att skydda personuppgifter fr\u00e5n oavsiktlig eller olaglig f\u00f6rst\u00f6relse, f\u00f6rlust, \u00e4ndring eller obeh\u00f6rig \u00e5tkomst och avsl\u00f6jande.<\/p>\n<p>\u00d6verl\u00e4mnandet av personuppgifter till Webbutikens auktoriserade personuppgiftsansvariga (t.ex. leverant\u00f6r av transporttj\u00e4nster och v\u00e4rdtj\u00e4nster) sker p\u00e5 grundval av avtal som ing\u00e5tts med Webbutiken och de auktoriserade personuppgiftsansvariga. De auktoriserade personuppgiftsansvariga \u00e4r skyldiga att s\u00e4kerst\u00e4lla l\u00e4mpliga skydds\u00e5tg\u00e4rder f\u00f6r behandling av personuppgifter.<\/p>\n<h3><b>TILLG\u00c5NG TILL OCH KORRIGERING AV PERSONUPPGIFTER<\/b><\/h3>\n<p>Personuppgifter finns och korrigeringar g\u00f6rs i Webbutikens anv\u00e4ndarprofil. Om k\u00f6pet har gjorts utan ett anv\u00e4ndarkonto kan personuppgifter n\u00e5s via kundst\u00f6d.<\/p>\n<h3><b>\u00c5TERKALLANDE AV SAMTYCKE<\/b><\/h3>\n<p>Den som har l\u00e4mnat ett samtycke till behandling av personuppgifter kan n\u00e4r som helst v\u00e4lja att \u00e5terkalla det genom att kontakta kundst\u00f6d via e-post.<\/p>\n<h3><b>LAGRING<\/b><\/h3>\n<p>Vid avslutande av Webbutikens kundkonto kommer personuppgifter att raderas, s\u00e5vida inte s\u00e5dan information beh\u00f6ver lagras f\u00f6r redovisningssyfte eller f\u00f6r att l\u00f6sa konsumenttvister.<\/p>\n<p>Om k\u00f6pet i Webbutiken har gjorts utan ett kundkonto kommer k\u00f6phistoriken lagras i tre \u00e5r.<\/p>\n<p>I h\u00e4ndelse av betalningstvister och konsumenttvister lagras personuppgifter tills kravet uppfylls eller preskriptionstiden l\u00f6per ut.<\/p>\n<p>Personuppgifter som kr\u00e4vs f\u00f6r redovisnings\u00e4ndam\u00e5l lagras i sju \u00e5r.<\/p>\n<h3><b>RADERING<\/b><\/h3>\n<p>F\u00f6r att radera personuppgifter ska kundst\u00f6d kontaktas via e-post. Ans\u00f6kan om radering kommer att besvaras senast inom en m\u00e5nad och perioden f\u00f6r radering av uppgifter ska anges.<\/p>\n<h3><b>\u00d6VERF\u00d6RING<\/b><\/h3>\n<p>Ans\u00f6kan om \u00f6verf\u00f6ring av personuppgifter som skickas via e-post kommer att besvaras senast inom en m\u00e5nad. Kundst\u00f6d fastst\u00e4ller personens identitet och meddelar om de personuppgifter som ska \u00f6verf\u00f6ras.<\/p>\n<h3><b>DIREKTMAKRNADSF\u00d6RING<\/b><\/h3>\n<p>E-postadressen och telefonnumret kommer att anv\u00e4ndas f\u00f6r att skicka direktmarknadsf\u00f6ringsmeddelanden om konsumenten har l\u00e4mnat sitt samtycke. Om konsumenten inte vill ta emot direktmarknadsf\u00f6ringsmeddelanden kan han\/hon avregistrera genom en l\u00e4nk i sidfoten i e-postmeddelandet eller kontakta kundst\u00f6d.<\/p>\n<p>Om personuppgifter behandlas f\u00f6r direktmarknadsf\u00f6rings\u00e4ndam\u00e5l (profilering) har konsumenten r\u00e4tt att n\u00e4r som helst inv\u00e4nda mot den initiala och vidare behandlingen av sina personuppgifter, inklusive profilering av direktmarknadsf\u00f6ring genom att meddela kundst\u00f6d via e-post (denna information ska anges tydligt och separat fr\u00e5n all annan information).<\/p>\n<h3><b>TVISTL\u00d6SNING<\/b><\/h3>\n<p>Tvister om behandling av personuppgifter l\u00f6ses genom kundst\u00f6d info@360.ee. Tillsynsmyndigheten \u00e4r Estlands dataskyddsinspektion (info@aki.ee).<\/p>\n","protected":false},"excerpt":{"rendered":"<p>ANV\u00c4NDNING AV KAKOR Webbutiken anv\u00e4nder kakor. En kaka \u00e4r en liten textfil som sparas automatiskt [&hellip;]<\/p>\n","protected":false},"author":1,"featured_media":0,"parent":0,"menu_order":34,"comment_status":"closed","ping_status":"closed","template":"","meta":{"_acf_changed":false,"footnotes":""},"class_list":["post-490","page","type-page","status-publish","hentry"],"acf":[],"yoast_head":"<!-- This site is optimized with the Yoast SEO plugin v27.4 - https:\/\/yoast.com\/product\/yoast-seo-wordpress\/ -->\n<title>Integritetspolicy - 360 FUN<\/title>\n<meta name=\"robots\" content=\"index, follow, max-snippet:-1, max-image-preview:large, max-video-preview:-1\" \/>\n<link rel=\"canonical\" href=\"https:\/\/360fun.eu\/privaatsuspoliitika\/\" \/>\n<meta property=\"og:locale\" content=\"sv_SE\" \/>\n<meta property=\"og:type\" content=\"article\" \/>\n<meta property=\"og:title\" content=\"Integritetspolicy - 360 FUN\" \/>\n<meta property=\"og:description\" content=\"ANV\u00c4NDNING AV KAKOR Webbutiken anv\u00e4nder kakor. En kaka \u00e4r en liten textfil som sparas automatiskt [&hellip;]\" \/>\n<meta property=\"og:url\" content=\"https:\/\/360fun.eu\/privaatsuspoliitika\/\" \/>\n<meta property=\"og:site_name\" content=\"360 FUN\" \/>\n<meta property=\"article:modified_time\" content=\"2023-06-15T14:27:28+00:00\" \/>\n<meta name=\"twitter:card\" content=\"summary_large_image\" \/>\n<meta name=\"twitter:label1\" content=\"Ber\u00e4knad l\u00e4stid\" \/>\n\t<meta name=\"twitter:data1\" content=\"4 minuter\" \/>\n<script type=\"application\/ld+json\" class=\"yoast-schema-graph\">{\"@context\":\"https:\\\/\\\/schema.org\",\"@graph\":[{\"@type\":\"WebPage\",\"@id\":\"https:\\\/\\\/360fun.eu\\\/privaatsuspoliitika\\\/\",\"url\":\"https:\\\/\\\/360fun.eu\\\/privaatsuspoliitika\\\/\",\"name\":\"Integritetspolicy - 360 FUN\",\"isPartOf\":{\"@id\":\"https:\\\/\\\/360fun.eu\\\/#website\"},\"datePublished\":\"2023-06-12T03:52:50+00:00\",\"dateModified\":\"2023-06-15T14:27:28+00:00\",\"breadcrumb\":{\"@id\":\"https:\\\/\\\/360fun.eu\\\/privaatsuspoliitika\\\/#breadcrumb\"},\"inLanguage\":\"sv-SE\",\"potentialAction\":[{\"@type\":\"ReadAction\",\"target\":[\"https:\\\/\\\/360fun.eu\\\/privaatsuspoliitika\\\/\"]}]},{\"@type\":\"BreadcrumbList\",\"@id\":\"https:\\\/\\\/360fun.eu\\\/privaatsuspoliitika\\\/#breadcrumb\",\"itemListElement\":[{\"@type\":\"ListItem\",\"position\":1,\"name\":\"Home\",\"item\":\"https:\\\/\\\/360fun.eu\\\/\"},{\"@type\":\"ListItem\",\"position\":2,\"name\":\"Integritetspolicy\"}]},{\"@type\":\"WebSite\",\"@id\":\"https:\\\/\\\/360fun.eu\\\/#website\",\"url\":\"https:\\\/\\\/360fun.eu\\\/\",\"name\":\"360 FUN\",\"description\":\"Mobiilim\u00e4ngud\",\"potentialAction\":[{\"@type\":\"SearchAction\",\"target\":{\"@type\":\"EntryPoint\",\"urlTemplate\":\"https:\\\/\\\/360fun.eu\\\/?s={search_term_string}\"},\"query-input\":{\"@type\":\"PropertyValueSpecification\",\"valueRequired\":true,\"valueName\":\"search_term_string\"}}],\"inLanguage\":\"sv-SE\"}]}<\/script>\n<!-- \/ Yoast SEO plugin. -->","yoast_head_json":{"title":"Integritetspolicy - 360 FUN","robots":{"index":"index","follow":"follow","max-snippet":"max-snippet:-1","max-image-preview":"max-image-preview:large","max-video-preview":"max-video-preview:-1"},"canonical":"https:\/\/360fun.eu\/privaatsuspoliitika\/","og_locale":"sv_SE","og_type":"article","og_title":"Integritetspolicy - 360 FUN","og_description":"ANV\u00c4NDNING AV KAKOR Webbutiken anv\u00e4nder kakor. En kaka \u00e4r en liten textfil som sparas automatiskt [&hellip;]","og_url":"https:\/\/360fun.eu\/privaatsuspoliitika\/","og_site_name":"360 FUN","article_modified_time":"2023-06-15T14:27:28+00:00","twitter_card":"summary_large_image","twitter_misc":{"Ber\u00e4knad l\u00e4stid":"4 minuter"},"schema":{"@context":"https:\/\/schema.org","@graph":[{"@type":"WebPage","@id":"https:\/\/360fun.eu\/privaatsuspoliitika\/","url":"https:\/\/360fun.eu\/privaatsuspoliitika\/","name":"Integritetspolicy - 360 FUN","isPartOf":{"@id":"https:\/\/360fun.eu\/#website"},"datePublished":"2023-06-12T03:52:50+00:00","dateModified":"2023-06-15T14:27:28+00:00","breadcrumb":{"@id":"https:\/\/360fun.eu\/privaatsuspoliitika\/#breadcrumb"},"inLanguage":"sv-SE","potentialAction":[{"@type":"ReadAction","target":["https:\/\/360fun.eu\/privaatsuspoliitika\/"]}]},{"@type":"BreadcrumbList","@id":"https:\/\/360fun.eu\/privaatsuspoliitika\/#breadcrumb","itemListElement":[{"@type":"ListItem","position":1,"name":"Home","item":"https:\/\/360fun.eu\/"},{"@type":"ListItem","position":2,"name":"Integritetspolicy"}]},{"@type":"WebSite","@id":"https:\/\/360fun.eu\/#website","url":"https:\/\/360fun.eu\/","name":"360 FUN","description":"Mobiilim\u00e4ngud","potentialAction":[{"@type":"SearchAction","target":{"@type":"EntryPoint","urlTemplate":"https:\/\/360fun.eu\/?s={search_term_string}"},"query-input":{"@type":"PropertyValueSpecification","valueRequired":true,"valueName":"search_term_string"}}],"inLanguage":"sv-SE"}]}},"_links":{"self":[{"href":"https:\/\/360fun.eu\/sv\/wp-json\/wp\/v2\/pages\/490","targetHints":{"allow":["GET"]}}],"collection":[{"href":"https:\/\/360fun.eu\/sv\/wp-json\/wp\/v2\/pages"}],"about":[{"href":"https:\/\/360fun.eu\/sv\/wp-json\/wp\/v2\/types\/page"}],"author":[{"embeddable":true,"href":"https:\/\/360fun.eu\/sv\/wp-json\/wp\/v2\/users\/1"}],"replies":[{"embeddable":true,"href":"https:\/\/360fun.eu\/sv\/wp-json\/wp\/v2\/comments?post=490"}],"version-history":[{"count":1,"href":"https:\/\/360fun.eu\/sv\/wp-json\/wp\/v2\/pages\/490\/revisions"}],"predecessor-version":[{"id":491,"href":"https:\/\/360fun.eu\/sv\/wp-json\/wp\/v2\/pages\/490\/revisions\/491"}],"wp:attachment":[{"href":"https:\/\/360fun.eu\/sv\/wp-json\/wp\/v2\/media?parent=490"}],"curies":[{"name":"wp","href":"https:\/\/api.w.org\/{rel}","templated":true}]}}