{"id":497,"date":"2023-06-11T20:11:46","date_gmt":"2023-06-11T17:11:46","guid":{"rendered":"https:\/\/360fun.eu\/?page_id=497"},"modified":"2024-01-05T17:14:14","modified_gmt":"2024-01-05T14:14:14","slug":"kopvillkor","status":"publish","type":"page","link":"https:\/\/360fun.eu\/sv\/kopvillkor\/","title":{"rendered":"K\u00f6pvillkor"},"content":{"rendered":"<p>Webbutik pood.360.ee (nedan kallad Webbutik) \u00e4gs av 360 KRAADI O\u00dc (14943432), Liivalao 22, Tallinn, Estland.<\/p>\n<p>F\u00f6rs\u00e4ljningsvillkoren g\u00e4ller f\u00f6r k\u00f6p av biljetter fr\u00e5n Webbutiken.<\/p>\n<p>Priserna p\u00e5 produkter som s\u00e4ljs i Webbutiken anges vid produkterna.<\/p>\n<p>K\u00f6pta koder levereras via e-post.<\/p>\n<p><b>Genomf\u00f6randet av k\u00f6p<\/b><\/p>\n<p>F\u00f6r att k\u00f6pa en biljett m\u00e5ste du l\u00e4gga till \u00f6nskade produkter i varukorgen. F\u00f6r att genomf\u00f6ra k\u00f6pet ska de obligatoriska dataf\u00e4lten m\u00e5ste fyllas i. Beloppet visas sedan p\u00e5 sk\u00e4rmen och ska betalas med kreditkort.<\/p>\n<p>Avtalet tr\u00e4der i kraft efter beloppet \u00e4r \u00f6verf\u00f6rd till Webbutikens bankkonto.<\/p>\n<p>Om den k\u00f6pta biljetten inte kan levereras p\u00e5 grund av ett tekniskt fel eller av andra sk\u00e4l, kommer k\u00f6paren att informeras om detta s\u00e5 snart som m\u00f6jligt och utbetalat belopp kommer att \u00e5terbetalas omedelbart, men senast inom 14 dagar efter att meddelandet skickats.<\/p>\n<p><b>\u00c5ngerr\u00e4tt<\/b><\/p>\n<p>Efter k\u00f6pet har konsumenten r\u00e4tt till en frist p\u00e5 14 dagar f\u00f6r att fr\u00e5ntr\u00e4da avtalet \u00e5terkalla avtalet som ing\u00e5tts i Webbutiken. \u00c5ngerr\u00e4tten omfattar biljetter f\u00f6r olika \u00e4ventyrsresor men omfattar inte biljetter f\u00f6r \u00e4ventyrsspel.<\/p>\n<p>\u00c5ngerr\u00e4tten g\u00e4ller inte f\u00f6r juridiska personer.<\/p>\n<p>F\u00f6r \u00e5terbetalningen av k\u00f6psbeloppet ska ett meddelande om k\u00f6pet skickas till e-postadressen nutikas@360.ee inom 14 dagar efter mottagandet av biljetten.<\/p>\n<p><b>Reklamationsr\u00e4tt<\/b><\/p>\n<p>Webbutiken svarar p\u00e5 konsumentens klagom\u00e5l om fel och brister skriftligt eller p\u00e5 ett s\u00e4tt som m\u00f6jligg\u00f6r framst\u00e4llning av en skriftlig uppteckning inom 15 dagar.<\/p>\n<p><b>Direktmarknadsf\u00f6ring och behandling av personuppgifter<\/b><\/p>\n<p>Webbutiken anv\u00e4nder personuppgifter som anges av konsumenten (inkl. namn, telefonnummer, e-postadress, bankinformation) f\u00f6r att behandla best\u00e4llningen och skicka biljetten.<\/p>\n<p>Webbutiken skickar nyhetsbrev och erbjudanden till konsumentens e-postadress endast om konsumenten har registrerat sin e-postadress p\u00e5 webbsidan och har meddelat sin \u00f6nskan att f\u00e5 direktreklam.<\/p>\n<p>Konsumenten kan n\u00e4r som helst avsluta sin prenumeration p\u00e5 nyhetsbrevet, och annan marknads- och produktinformation genom att meddela oss via e-post eller genom att f\u00f6lja instruktionerna i e-postmeddelandet som inneh\u00e5ller erbjudandena.<\/p>\n<p><b>Tvistl\u00f6sning<\/b><\/p>\n<p>I fall konsumenten har n\u00e5gra klagom\u00e5l ang\u00e5ende Webbutiken, ska de skickas till e-postadressen info@360.ee eller ring: +372 5663 2979.<\/p>\n<p>Om konsumenten och Webbutiken inte kan inte komma \u00f6verens om en l\u00f6sning kan konsumenten v\u00e4nda sig till konsumenttvisten\u00e4mnden. Konsumenttvisten\u00e4mnden \u00e4r beh\u00f6rig att l\u00f6sa tvister som h\u00e4rr\u00f6r fr\u00e5n avtalet mellan konsumenten och Webbutiken. Granskning av konsumentens klagom\u00e5l i n\u00e4mnden \u00e4r gratis.<\/p>\n<p>Kunden kan \u00e4ven l\u00e4mna klagom\u00e5l direkt online via EU-kommissionens plattform f\u00f6r medling i tvister.<\/p>\n","protected":false},"excerpt":{"rendered":"<p>Webbutik pood.360.ee (nedan kallad Webbutik) \u00e4gs av 360 KRAADI O\u00dc (14943432), Liivalao 22, Tallinn, Estland. [&hellip;]<\/p>\n","protected":false},"author":1,"featured_media":0,"parent":0,"menu_order":41,"comment_status":"closed","ping_status":"closed","template":"","meta":{"_acf_changed":false,"footnotes":""},"class_list":["post-497","page","type-page","status-publish","hentry"],"acf":[],"yoast_head":"<!-- This site is optimized with the Yoast SEO plugin v27.4 - https:\/\/yoast.com\/product\/yoast-seo-wordpress\/ -->\n<title>K\u00f6pvillkor - 360 FUN<\/title>\n<meta name=\"robots\" content=\"index, follow, max-snippet:-1, max-image-preview:large, max-video-preview:-1\" \/>\n<link rel=\"canonical\" href=\"https:\/\/360fun.eu\/ostutingimused\/\" \/>\n<meta property=\"og:locale\" content=\"sv_SE\" \/>\n<meta property=\"og:type\" content=\"article\" \/>\n<meta property=\"og:title\" content=\"K\u00f6pvillkor - 360 FUN\" \/>\n<meta property=\"og:description\" content=\"Webbutik pood.360.ee (nedan kallad Webbutik) \u00e4gs av 360 KRAADI O\u00dc (14943432), Liivalao 22, Tallinn, Estland. [&hellip;]\" \/>\n<meta property=\"og:url\" content=\"https:\/\/360fun.eu\/ostutingimused\/\" \/>\n<meta property=\"og:site_name\" content=\"360 FUN\" \/>\n<meta property=\"article:modified_time\" content=\"2024-01-05T14:14:14+00:00\" \/>\n<meta name=\"twitter:card\" content=\"summary_large_image\" \/>\n<meta name=\"twitter:label1\" content=\"Ber\u00e4knad l\u00e4stid\" \/>\n\t<meta name=\"twitter:data1\" content=\"2 minuter\" \/>\n<script type=\"application\/ld+json\" class=\"yoast-schema-graph\">{\"@context\":\"https:\\\/\\\/schema.org\",\"@graph\":[{\"@type\":\"WebPage\",\"@id\":\"https:\\\/\\\/360fun.eu\\\/ostutingimused\\\/\",\"url\":\"https:\\\/\\\/360fun.eu\\\/ostutingimused\\\/\",\"name\":\"K\u00f6pvillkor - 360 FUN\",\"isPartOf\":{\"@id\":\"https:\\\/\\\/360fun.eu\\\/#website\"},\"datePublished\":\"2023-06-11T17:11:46+00:00\",\"dateModified\":\"2024-01-05T14:14:14+00:00\",\"breadcrumb\":{\"@id\":\"https:\\\/\\\/360fun.eu\\\/ostutingimused\\\/#breadcrumb\"},\"inLanguage\":\"sv-SE\",\"potentialAction\":[{\"@type\":\"ReadAction\",\"target\":[\"https:\\\/\\\/360fun.eu\\\/ostutingimused\\\/\"]}]},{\"@type\":\"BreadcrumbList\",\"@id\":\"https:\\\/\\\/360fun.eu\\\/ostutingimused\\\/#breadcrumb\",\"itemListElement\":[{\"@type\":\"ListItem\",\"position\":1,\"name\":\"Home\",\"item\":\"https:\\\/\\\/360fun.eu\\\/\"},{\"@type\":\"ListItem\",\"position\":2,\"name\":\"K\u00f6pvillkor\"}]},{\"@type\":\"WebSite\",\"@id\":\"https:\\\/\\\/360fun.eu\\\/#website\",\"url\":\"https:\\\/\\\/360fun.eu\\\/\",\"name\":\"360 FUN\",\"description\":\"Mobiilim\u00e4ngud\",\"potentialAction\":[{\"@type\":\"SearchAction\",\"target\":{\"@type\":\"EntryPoint\",\"urlTemplate\":\"https:\\\/\\\/360fun.eu\\\/?s={search_term_string}\"},\"query-input\":{\"@type\":\"PropertyValueSpecification\",\"valueRequired\":true,\"valueName\":\"search_term_string\"}}],\"inLanguage\":\"sv-SE\"}]}<\/script>\n<!-- \/ Yoast SEO plugin. -->","yoast_head_json":{"title":"K\u00f6pvillkor - 360 FUN","robots":{"index":"index","follow":"follow","max-snippet":"max-snippet:-1","max-image-preview":"max-image-preview:large","max-video-preview":"max-video-preview:-1"},"canonical":"https:\/\/360fun.eu\/ostutingimused\/","og_locale":"sv_SE","og_type":"article","og_title":"K\u00f6pvillkor - 360 FUN","og_description":"Webbutik pood.360.ee (nedan kallad Webbutik) \u00e4gs av 360 KRAADI O\u00dc (14943432), Liivalao 22, Tallinn, Estland. [&hellip;]","og_url":"https:\/\/360fun.eu\/ostutingimused\/","og_site_name":"360 FUN","article_modified_time":"2024-01-05T14:14:14+00:00","twitter_card":"summary_large_image","twitter_misc":{"Ber\u00e4knad l\u00e4stid":"2 minuter"},"schema":{"@context":"https:\/\/schema.org","@graph":[{"@type":"WebPage","@id":"https:\/\/360fun.eu\/ostutingimused\/","url":"https:\/\/360fun.eu\/ostutingimused\/","name":"K\u00f6pvillkor - 360 FUN","isPartOf":{"@id":"https:\/\/360fun.eu\/#website"},"datePublished":"2023-06-11T17:11:46+00:00","dateModified":"2024-01-05T14:14:14+00:00","breadcrumb":{"@id":"https:\/\/360fun.eu\/ostutingimused\/#breadcrumb"},"inLanguage":"sv-SE","potentialAction":[{"@type":"ReadAction","target":["https:\/\/360fun.eu\/ostutingimused\/"]}]},{"@type":"BreadcrumbList","@id":"https:\/\/360fun.eu\/ostutingimused\/#breadcrumb","itemListElement":[{"@type":"ListItem","position":1,"name":"Home","item":"https:\/\/360fun.eu\/"},{"@type":"ListItem","position":2,"name":"K\u00f6pvillkor"}]},{"@type":"WebSite","@id":"https:\/\/360fun.eu\/#website","url":"https:\/\/360fun.eu\/","name":"360 FUN","description":"Mobiilim\u00e4ngud","potentialAction":[{"@type":"SearchAction","target":{"@type":"EntryPoint","urlTemplate":"https:\/\/360fun.eu\/?s={search_term_string}"},"query-input":{"@type":"PropertyValueSpecification","valueRequired":true,"valueName":"search_term_string"}}],"inLanguage":"sv-SE"}]}},"_links":{"self":[{"href":"https:\/\/360fun.eu\/sv\/wp-json\/wp\/v2\/pages\/497","targetHints":{"allow":["GET"]}}],"collection":[{"href":"https:\/\/360fun.eu\/sv\/wp-json\/wp\/v2\/pages"}],"about":[{"href":"https:\/\/360fun.eu\/sv\/wp-json\/wp\/v2\/types\/page"}],"author":[{"embeddable":true,"href":"https:\/\/360fun.eu\/sv\/wp-json\/wp\/v2\/users\/1"}],"replies":[{"embeddable":true,"href":"https:\/\/360fun.eu\/sv\/wp-json\/wp\/v2\/comments?post=497"}],"version-history":[{"count":2,"href":"https:\/\/360fun.eu\/sv\/wp-json\/wp\/v2\/pages\/497\/revisions"}],"predecessor-version":[{"id":1845,"href":"https:\/\/360fun.eu\/sv\/wp-json\/wp\/v2\/pages\/497\/revisions\/1845"}],"wp:attachment":[{"href":"https:\/\/360fun.eu\/sv\/wp-json\/wp\/v2\/media?parent=497"}],"curies":[{"name":"wp","href":"https:\/\/api.w.org\/{rel}","templated":true}]}}