{"id":524,"date":"2023-06-12T07:01:56","date_gmt":"2023-06-12T04:01:56","guid":{"rendered":"https:\/\/360fun.eu\/?page_id=524"},"modified":"2023-06-15T18:10:01","modified_gmt":"2023-06-15T15:10:01","slug":"vanliga-fragor-och-svar","status":"publish","type":"page","link":"https:\/\/360fun.eu\/sv\/vanliga-fragor-och-svar\/","title":{"rendered":"Vanliga fr\u00e5gor och svar"},"content":{"rendered":"<p><strong>Kan jag stoppa \/ pausa spelet medan jag spelar?<\/strong><\/p>\n<p>Du kan pausa mobilspelet f\u00f6r att vila en stund eller f\u00f6r att ta en kopp kaffe. Eller f\u00f6r att ladda din smart enhet.<\/p>\n<p><strong>Jag k\u00f6pte mobilspelet, men i sista minuten visade det sig att jag inte kunde spela direkt. Vad ska jag g\u00f6ra?<\/strong><\/p>\n<p>V\u00e5ra mobilspel kan spelas i varje stad med samma kod i upp till 200 dagar fr\u00e5n ink\u00f6psdatumet. Dvs att du har 200 dagar f\u00f6r att spela spelet. Det belopp som betalats f\u00f6r spelet \u00e5terbetalas inte. Koden du f\u00e5r n\u00e4r du k\u00f6per spelet \u00e4r unik och kan anv\u00e4ndas bara en g\u00e5ng. Koden aktiveras s\u00e5 snart spelet startar.<\/p>\n<p><strong>Vad \u00e4r antalet spelare f\u00f6r ett k\u00f6p eller f\u00f6r en smart enhet?<\/strong><\/p>\n<p>Vi rekommenderar alltid h\u00f6gst tre personer per en smart enhet. \u00c4ven fyra kan spela, men d\u00e5 finns det alltid n\u00e5gon som inte kan spela spelet till fullo. Spelet \u00e4r l\u00e4mpligast f\u00f6r tv\u00e5 spelare.<\/p>\n<p>Om du har andra fr\u00e5gor, skicka ett meddelande till<a href=\"mailto:%20info@360fun.eu\">\u00a0info@360fun.eu<\/a>.<\/p>\n<p><strong>Ha s\u00e5 kul!\u00a0<\/strong><\/p>\n","protected":false},"excerpt":{"rendered":"<p>Kan jag stoppa \/ pausa spelet medan jag spelar? Du kan pausa mobilspelet f\u00f6r att [&hellip;]<\/p>\n","protected":false},"author":1,"featured_media":0,"parent":0,"menu_order":24,"comment_status":"closed","ping_status":"closed","template":"","meta":{"_acf_changed":false,"footnotes":""},"class_list":["post-524","page","type-page","status-publish","hentry"],"acf":[],"yoast_head":"<!-- This site is optimized with the Yoast SEO plugin v27.4 - https:\/\/yoast.com\/product\/yoast-seo-wordpress\/ -->\n<title>Vanliga fr\u00e5gor och svar - 360 FUN<\/title>\n<meta name=\"robots\" content=\"index, follow, max-snippet:-1, max-image-preview:large, max-video-preview:-1\" \/>\n<link rel=\"canonical\" href=\"https:\/\/360fun.eu\/kkk\/\" \/>\n<meta property=\"og:locale\" content=\"sv_SE\" \/>\n<meta property=\"og:type\" content=\"article\" \/>\n<meta property=\"og:title\" content=\"Vanliga fr\u00e5gor och svar - 360 FUN\" \/>\n<meta property=\"og:description\" content=\"Kan jag stoppa \/ pausa spelet medan jag spelar? Du kan pausa mobilspelet f\u00f6r att [&hellip;]\" \/>\n<meta property=\"og:url\" content=\"https:\/\/360fun.eu\/kkk\/\" \/>\n<meta property=\"og:site_name\" content=\"360 FUN\" \/>\n<meta property=\"article:modified_time\" content=\"2023-06-15T15:10:01+00:00\" \/>\n<meta name=\"twitter:card\" content=\"summary_large_image\" \/>\n<meta name=\"twitter:label1\" content=\"Ber\u00e4knad l\u00e4stid\" \/>\n\t<meta name=\"twitter:data1\" content=\"1 minut\" \/>\n<script type=\"application\/ld+json\" class=\"yoast-schema-graph\">{\"@context\":\"https:\\\/\\\/schema.org\",\"@graph\":[{\"@type\":\"WebPage\",\"@id\":\"https:\\\/\\\/360fun.eu\\\/kkk\\\/\",\"url\":\"https:\\\/\\\/360fun.eu\\\/kkk\\\/\",\"name\":\"Vanliga fr\u00e5gor och svar - 360 FUN\",\"isPartOf\":{\"@id\":\"https:\\\/\\\/360fun.eu\\\/#website\"},\"datePublished\":\"2023-06-12T04:01:56+00:00\",\"dateModified\":\"2023-06-15T15:10:01+00:00\",\"breadcrumb\":{\"@id\":\"https:\\\/\\\/360fun.eu\\\/kkk\\\/#breadcrumb\"},\"inLanguage\":\"sv-SE\",\"potentialAction\":[{\"@type\":\"ReadAction\",\"target\":[\"https:\\\/\\\/360fun.eu\\\/kkk\\\/\"]}]},{\"@type\":\"BreadcrumbList\",\"@id\":\"https:\\\/\\\/360fun.eu\\\/kkk\\\/#breadcrumb\",\"itemListElement\":[{\"@type\":\"ListItem\",\"position\":1,\"name\":\"Home\",\"item\":\"https:\\\/\\\/360fun.eu\\\/\"},{\"@type\":\"ListItem\",\"position\":2,\"name\":\"Vanliga fr\u00e5gor och svar\"}]},{\"@type\":\"WebSite\",\"@id\":\"https:\\\/\\\/360fun.eu\\\/#website\",\"url\":\"https:\\\/\\\/360fun.eu\\\/\",\"name\":\"360 FUN\",\"description\":\"Mobiilim\u00e4ngud\",\"potentialAction\":[{\"@type\":\"SearchAction\",\"target\":{\"@type\":\"EntryPoint\",\"urlTemplate\":\"https:\\\/\\\/360fun.eu\\\/?s={search_term_string}\"},\"query-input\":{\"@type\":\"PropertyValueSpecification\",\"valueRequired\":true,\"valueName\":\"search_term_string\"}}],\"inLanguage\":\"sv-SE\"}]}<\/script>\n<!-- \/ Yoast SEO plugin. -->","yoast_head_json":{"title":"Vanliga fr\u00e5gor och svar - 360 FUN","robots":{"index":"index","follow":"follow","max-snippet":"max-snippet:-1","max-image-preview":"max-image-preview:large","max-video-preview":"max-video-preview:-1"},"canonical":"https:\/\/360fun.eu\/kkk\/","og_locale":"sv_SE","og_type":"article","og_title":"Vanliga fr\u00e5gor och svar - 360 FUN","og_description":"Kan jag stoppa \/ pausa spelet medan jag spelar? Du kan pausa mobilspelet f\u00f6r att [&hellip;]","og_url":"https:\/\/360fun.eu\/kkk\/","og_site_name":"360 FUN","article_modified_time":"2023-06-15T15:10:01+00:00","twitter_card":"summary_large_image","twitter_misc":{"Ber\u00e4knad l\u00e4stid":"1 minut"},"schema":{"@context":"https:\/\/schema.org","@graph":[{"@type":"WebPage","@id":"https:\/\/360fun.eu\/kkk\/","url":"https:\/\/360fun.eu\/kkk\/","name":"Vanliga fr\u00e5gor och svar - 360 FUN","isPartOf":{"@id":"https:\/\/360fun.eu\/#website"},"datePublished":"2023-06-12T04:01:56+00:00","dateModified":"2023-06-15T15:10:01+00:00","breadcrumb":{"@id":"https:\/\/360fun.eu\/kkk\/#breadcrumb"},"inLanguage":"sv-SE","potentialAction":[{"@type":"ReadAction","target":["https:\/\/360fun.eu\/kkk\/"]}]},{"@type":"BreadcrumbList","@id":"https:\/\/360fun.eu\/kkk\/#breadcrumb","itemListElement":[{"@type":"ListItem","position":1,"name":"Home","item":"https:\/\/360fun.eu\/"},{"@type":"ListItem","position":2,"name":"Vanliga fr\u00e5gor och svar"}]},{"@type":"WebSite","@id":"https:\/\/360fun.eu\/#website","url":"https:\/\/360fun.eu\/","name":"360 FUN","description":"Mobiilim\u00e4ngud","potentialAction":[{"@type":"SearchAction","target":{"@type":"EntryPoint","urlTemplate":"https:\/\/360fun.eu\/?s={search_term_string}"},"query-input":{"@type":"PropertyValueSpecification","valueRequired":true,"valueName":"search_term_string"}}],"inLanguage":"sv-SE"}]}},"_links":{"self":[{"href":"https:\/\/360fun.eu\/sv\/wp-json\/wp\/v2\/pages\/524","targetHints":{"allow":["GET"]}}],"collection":[{"href":"https:\/\/360fun.eu\/sv\/wp-json\/wp\/v2\/pages"}],"about":[{"href":"https:\/\/360fun.eu\/sv\/wp-json\/wp\/v2\/types\/page"}],"author":[{"embeddable":true,"href":"https:\/\/360fun.eu\/sv\/wp-json\/wp\/v2\/users\/1"}],"replies":[{"embeddable":true,"href":"https:\/\/360fun.eu\/sv\/wp-json\/wp\/v2\/comments?post=524"}],"version-history":[{"count":1,"href":"https:\/\/360fun.eu\/sv\/wp-json\/wp\/v2\/pages\/524\/revisions"}],"predecessor-version":[{"id":525,"href":"https:\/\/360fun.eu\/sv\/wp-json\/wp\/v2\/pages\/524\/revisions\/525"}],"wp:attachment":[{"href":"https:\/\/360fun.eu\/sv\/wp-json\/wp\/v2\/media?parent=524"}],"curies":[{"name":"wp","href":"https:\/\/api.w.org\/{rel}","templated":true}]}}