{"id":1672,"date":"2023-08-01T16:29:40","date_gmt":"2023-08-01T13:29:40","guid":{"rendered":"https:\/\/360fun.eu\/product\/presentkort-2\/"},"modified":"2024-03-11T19:41:12","modified_gmt":"2024-03-11T16:41:12","slug":"presentkort-sv","status":"publish","type":"product","link":"https:\/\/360fun.eu\/sv\/spel\/presentkort-sv\/","title":{"rendered":"Presentkort"},"content":{"rendered":"<p>K\u00e4re 360FUN v\u00e4n!<\/p>\n<p>360FUN presentkort \u00e4r en utm\u00e4rkt present till din partner, v\u00e4n, f\u00f6r\u00e4ldrar eller kollega.<\/p>\n<p>Du kan anv\u00e4nda presentkortetn f\u00f6r att spela 360FUN smartspel<\/p>\n<p>360FUN presentkor g\u00e4ller i ett \u00e5r. Efter k\u00f6pet skickas presentkortet via e-post till konsumenten.<\/p>\n","protected":false},"excerpt":{"rendered":"<p>360FUN presentkort \u00e4r en utm\u00e4rkt present till din partner, v\u00e4n, f\u00f6r\u00e4ldrar eller kollega.<\/p>\n","protected":false},"featured_media":239,"template":"","meta":{"_acf_changed":false},"product_brand":[],"product_cat":[160],"product_tag":[],"class_list":{"0":"post-1672","1":"product","2":"type-product","3":"status-publish","4":"has-post-thumbnail","6":"product_cat-stadsrundtur","8":"first","9":"instock","10":"taxable","11":"shipping-taxable","12":"purchasable","13":"product-type-wgm_gift_card"},"acf":[],"yoast_head":"<!-- This site is optimized with the Yoast SEO plugin v27.3 - https:\/\/yoast.com\/product\/yoast-seo-wordpress\/ -->\n<title>Presentkort - mobilspel utomhus - 360 FUN<\/title>\n<meta name=\"robots\" content=\"index, follow, max-snippet:-1, max-image-preview:large, max-video-preview:-1\" \/>\n<link rel=\"canonical\" href=\"https:\/\/360fun.eu\/sv\/spel\/presentkort-sv\/\" \/>\n<meta property=\"og:locale\" content=\"sv_SE\" \/>\n<meta property=\"og:type\" content=\"article\" \/>\n<meta property=\"og:title\" content=\"Presentkort - mobilspel utomhus - 360 FUN\" \/>\n<meta property=\"og:description\" content=\"360FUN presentkort \u00e4r en utm\u00e4rkt present till din partner, v\u00e4n, f\u00f6r\u00e4ldrar eller kollega.\" \/>\n<meta property=\"og:url\" content=\"https:\/\/360fun.eu\/sv\/spel\/presentkort-sv\/\" \/>\n<meta property=\"og:site_name\" content=\"360 FUN\" \/>\n<meta property=\"article:modified_time\" content=\"2024-03-11T16:41:12+00:00\" \/>\n<meta property=\"og:image\" content=\"https:\/\/360fun.eu\/wp-content\/uploads\/Kinkekaardid-1.png\" \/>\n\t<meta property=\"og:image:width\" content=\"638\" \/>\n\t<meta property=\"og:image:height\" content=\"262\" \/>\n\t<meta property=\"og:image:type\" content=\"image\/png\" \/>\n<meta name=\"twitter:card\" content=\"summary_large_image\" \/>\n<meta name=\"twitter:label1\" content=\"Ber\u00e4knad l\u00e4stid\" \/>\n\t<meta name=\"twitter:data1\" content=\"1 minut\" \/>\n<script type=\"application\/ld+json\" class=\"yoast-schema-graph\">{\"@context\":\"https:\\\/\\\/schema.org\",\"@graph\":[{\"@type\":\"WebPage\",\"@id\":\"https:\\\/\\\/360fun.eu\\\/sv\\\/spel\\\/presentkort-sv\\\/\",\"url\":\"https:\\\/\\\/360fun.eu\\\/sv\\\/spel\\\/presentkort-sv\\\/\",\"name\":\"Presentkort - mobilspel utomhus - 360 FUN\",\"isPartOf\":{\"@id\":\"https:\\\/\\\/360fun.eu\\\/#website\"},\"primaryImageOfPage\":{\"@id\":\"https:\\\/\\\/360fun.eu\\\/sv\\\/spel\\\/presentkort-sv\\\/#primaryimage\"},\"image\":{\"@id\":\"https:\\\/\\\/360fun.eu\\\/sv\\\/spel\\\/presentkort-sv\\\/#primaryimage\"},\"thumbnailUrl\":\"https:\\\/\\\/360fun.eu\\\/wp-content\\\/uploads\\\/Kinkekaardid-1.png\",\"datePublished\":\"2023-08-01T13:29:40+00:00\",\"dateModified\":\"2024-03-11T16:41:12+00:00\",\"breadcrumb\":{\"@id\":\"https:\\\/\\\/360fun.eu\\\/sv\\\/spel\\\/presentkort-sv\\\/#breadcrumb\"},\"inLanguage\":\"sv-SE\",\"potentialAction\":[{\"@type\":\"ReadAction\",\"target\":[\"https:\\\/\\\/360fun.eu\\\/sv\\\/spel\\\/presentkort-sv\\\/\"]}]},{\"@type\":\"ImageObject\",\"inLanguage\":\"sv-SE\",\"@id\":\"https:\\\/\\\/360fun.eu\\\/sv\\\/spel\\\/presentkort-sv\\\/#primaryimage\",\"url\":\"https:\\\/\\\/360fun.eu\\\/wp-content\\\/uploads\\\/Kinkekaardid-1.png\",\"contentUrl\":\"https:\\\/\\\/360fun.eu\\\/wp-content\\\/uploads\\\/Kinkekaardid-1.png\",\"width\":638,\"height\":262,\"caption\":\"360FUN kinkekaart\"},{\"@type\":\"BreadcrumbList\",\"@id\":\"https:\\\/\\\/360fun.eu\\\/sv\\\/spel\\\/presentkort-sv\\\/#breadcrumb\",\"itemListElement\":[{\"@type\":\"ListItem\",\"position\":1,\"name\":\"Home\",\"item\":\"https:\\\/\\\/360fun.eu\\\/\"},{\"@type\":\"ListItem\",\"position\":2,\"name\":\"Mobilspel\",\"item\":\"https:\\\/\\\/360fun.eu\\\/mobiilimangud\\\/\"},{\"@type\":\"ListItem\",\"position\":3,\"name\":\"Presentkort\"}]},{\"@type\":\"WebSite\",\"@id\":\"https:\\\/\\\/360fun.eu\\\/#website\",\"url\":\"https:\\\/\\\/360fun.eu\\\/\",\"name\":\"360 FUN\",\"description\":\"Mobiilim\u00e4ngud\",\"potentialAction\":[{\"@type\":\"SearchAction\",\"target\":{\"@type\":\"EntryPoint\",\"urlTemplate\":\"https:\\\/\\\/360fun.eu\\\/?s={search_term_string}\"},\"query-input\":{\"@type\":\"PropertyValueSpecification\",\"valueRequired\":true,\"valueName\":\"search_term_string\"}}],\"inLanguage\":\"sv-SE\"}]}<\/script>\n<!-- \/ Yoast SEO plugin. -->","yoast_head_json":{"title":"Presentkort - mobilspel utomhus - 360 FUN","robots":{"index":"index","follow":"follow","max-snippet":"max-snippet:-1","max-image-preview":"max-image-preview:large","max-video-preview":"max-video-preview:-1"},"canonical":"https:\/\/360fun.eu\/sv\/spel\/presentkort-sv\/","og_locale":"sv_SE","og_type":"article","og_title":"Presentkort - mobilspel utomhus - 360 FUN","og_description":"360FUN presentkort \u00e4r en utm\u00e4rkt present till din partner, v\u00e4n, f\u00f6r\u00e4ldrar eller kollega.","og_url":"https:\/\/360fun.eu\/sv\/spel\/presentkort-sv\/","og_site_name":"360 FUN","article_modified_time":"2024-03-11T16:41:12+00:00","og_image":[{"width":638,"height":262,"url":"https:\/\/360fun.eu\/wp-content\/uploads\/Kinkekaardid-1.png","type":"image\/png"}],"twitter_card":"summary_large_image","twitter_misc":{"Ber\u00e4knad l\u00e4stid":"1 minut"},"schema":{"@context":"https:\/\/schema.org","@graph":[{"@type":"WebPage","@id":"https:\/\/360fun.eu\/sv\/spel\/presentkort-sv\/","url":"https:\/\/360fun.eu\/sv\/spel\/presentkort-sv\/","name":"Presentkort - mobilspel utomhus - 360 FUN","isPartOf":{"@id":"https:\/\/360fun.eu\/#website"},"primaryImageOfPage":{"@id":"https:\/\/360fun.eu\/sv\/spel\/presentkort-sv\/#primaryimage"},"image":{"@id":"https:\/\/360fun.eu\/sv\/spel\/presentkort-sv\/#primaryimage"},"thumbnailUrl":"https:\/\/360fun.eu\/wp-content\/uploads\/Kinkekaardid-1.png","datePublished":"2023-08-01T13:29:40+00:00","dateModified":"2024-03-11T16:41:12+00:00","breadcrumb":{"@id":"https:\/\/360fun.eu\/sv\/spel\/presentkort-sv\/#breadcrumb"},"inLanguage":"sv-SE","potentialAction":[{"@type":"ReadAction","target":["https:\/\/360fun.eu\/sv\/spel\/presentkort-sv\/"]}]},{"@type":"ImageObject","inLanguage":"sv-SE","@id":"https:\/\/360fun.eu\/sv\/spel\/presentkort-sv\/#primaryimage","url":"https:\/\/360fun.eu\/wp-content\/uploads\/Kinkekaardid-1.png","contentUrl":"https:\/\/360fun.eu\/wp-content\/uploads\/Kinkekaardid-1.png","width":638,"height":262,"caption":"360FUN kinkekaart"},{"@type":"BreadcrumbList","@id":"https:\/\/360fun.eu\/sv\/spel\/presentkort-sv\/#breadcrumb","itemListElement":[{"@type":"ListItem","position":1,"name":"Home","item":"https:\/\/360fun.eu\/"},{"@type":"ListItem","position":2,"name":"Mobilspel","item":"https:\/\/360fun.eu\/mobiilimangud\/"},{"@type":"ListItem","position":3,"name":"Presentkort"}]},{"@type":"WebSite","@id":"https:\/\/360fun.eu\/#website","url":"https:\/\/360fun.eu\/","name":"360 FUN","description":"Mobiilim\u00e4ngud","potentialAction":[{"@type":"SearchAction","target":{"@type":"EntryPoint","urlTemplate":"https:\/\/360fun.eu\/?s={search_term_string}"},"query-input":{"@type":"PropertyValueSpecification","valueRequired":true,"valueName":"search_term_string"}}],"inLanguage":"sv-SE"}]}},"_links":{"self":[{"href":"https:\/\/360fun.eu\/sv\/wp-json\/wp\/v2\/product\/1672","targetHints":{"allow":["GET"]}}],"collection":[{"href":"https:\/\/360fun.eu\/sv\/wp-json\/wp\/v2\/product"}],"about":[{"href":"https:\/\/360fun.eu\/sv\/wp-json\/wp\/v2\/types\/product"}],"wp:featuredmedia":[{"embeddable":true,"href":"https:\/\/360fun.eu\/sv\/wp-json\/wp\/v2\/media\/239"}],"wp:attachment":[{"href":"https:\/\/360fun.eu\/sv\/wp-json\/wp\/v2\/media?parent=1672"}],"wp:term":[{"taxonomy":"product_brand","embeddable":true,"href":"https:\/\/360fun.eu\/sv\/wp-json\/wp\/v2\/product_brand?post=1672"},{"taxonomy":"product_cat","embeddable":true,"href":"https:\/\/360fun.eu\/sv\/wp-json\/wp\/v2\/product_cat?post=1672"},{"taxonomy":"product_tag","embeddable":true,"href":"https:\/\/360fun.eu\/sv\/wp-json\/wp\/v2\/product_tag?post=1672"}],"curies":[{"name":"wp","href":"https:\/\/api.w.org\/{rel}","templated":true}]}}